{"id":68171,"date":"2026-04-20T08:49:24","date_gmt":"2026-04-20T08:49:24","guid":{"rendered":"https:\/\/sneeboer.com\/?p=68171"},"modified":"2026-04-20T08:49:24","modified_gmt":"2026-04-20T08:49:24","slug":"wrotter-luxe","status":"publish","type":"product","link":"https:\/\/sneeboer.com\/fr\/outils-de-jardin-forges-a-la-main\/wrotter-luxe","title":{"rendered":"Wrotter luxe"},"content":{"rendered":"<p>Le \u201cwrotter\u201d tire son nom du frison et signifie \u201ctravailleur acharn\u00e9\u201d. Cet outil est unique en son genre et extr\u00eamement efficace. Comme les mauvaises herbes ne sont pas coup\u00e9es, mais arrach\u00e9es d\u2019un seul coup, la plante ind\u00e9sirable n\u2019a aucune chance de repousser. Le wrotter est disponible avec un manche en fr\u00eane ou en cerisier, ou avec un manche plus long en fr\u00eane pour les jardins sur\u00e9lev\u00e9s.<\/p>\n","protected":false},"excerpt":{"rendered":"<p>Le d\u00e9sherbeur est id\u00e9al pour arracher les mauvaises herbes, racines comprises, m\u00eame dans les endroits les plus difficiles d&#039;acc\u00e8s. Gr\u00e2ce \u00e0 sa conception ing\u00e9nieuse, qui combine une pointe ac\u00e9r\u00e9e et un crochet en forme de V, le d\u00e9sherbeur s&#039;enfonce facilement dans le sol et, lorsqu&#039;on le retire, arrache les mauvaises herbes avec leurs racines.<\/p>\n","protected":false},"featured_media":23185,"comment_status":"closed","ping_status":"closed","template":"","meta":{"inline_featured_image":false,"product_video_url":"","product_360_url":""},"product_brand":[1349],"product_cat":[200,118],"product_tag":[],"weeds":[],"soil_types":[],"class_list":{"0":"post-68171","1":"product","2":"type-product","3":"status-publish","4":"has-post-thumbnail","6":"product_brand-sneeboer","7":"product_cat-arracher","8":"product_cat-ligne-de-luxe","9":"post","11":"first","12":"instock","13":"taxable","14":"shipping-taxable","15":"purchasable","16":"product-type-simple"},"exclude_global_add_ons":false,"addons":[{"name":"Gravure","type":"custom_text","position":0,"required":false,"title_format":"heading","default":"","description_enable":true,"description":"Entrez jusqu'\u00e0 50 caract\u00e8res.","placeholder_enable":false,"placeholder":"","display":"select","restrictions_type":"any_text","adjust_price":true,"price":"4.92","price_type":"quantity_based","restrictions":true,"min":"1","max":"50","options":[],"id":1684165753}],"_links":{"self":[{"href":"https:\/\/sneeboer.com\/fr\/wp-json\/wp\/v2\/product\/68171","targetHints":{"allow":["GET"]}}],"collection":[{"href":"https:\/\/sneeboer.com\/fr\/wp-json\/wp\/v2\/product"}],"about":[{"href":"https:\/\/sneeboer.com\/fr\/wp-json\/wp\/v2\/types\/product"}],"replies":[{"embeddable":true,"href":"https:\/\/sneeboer.com\/fr\/wp-json\/wp\/v2\/comments?post=68171"}],"wp:featuredmedia":[{"embeddable":true,"href":"https:\/\/sneeboer.com\/fr\/wp-json\/wp\/v2\/media\/23185"}],"wp:attachment":[{"href":"https:\/\/sneeboer.com\/fr\/wp-json\/wp\/v2\/media?parent=68171"}],"wp:term":[{"taxonomy":"product_brand","embeddable":true,"href":"https:\/\/sneeboer.com\/fr\/wp-json\/wp\/v2\/product_brand?post=68171"},{"taxonomy":"product_cat","embeddable":true,"href":"https:\/\/sneeboer.com\/fr\/wp-json\/wp\/v2\/product_cat?post=68171"},{"taxonomy":"product_tag","embeddable":true,"href":"https:\/\/sneeboer.com\/fr\/wp-json\/wp\/v2\/product_tag?post=68171"},{"taxonomy":"weeds","embeddable":true,"href":"https:\/\/sneeboer.com\/fr\/wp-json\/wp\/v2\/weeds?post=68171"},{"taxonomy":"soil_types","embeddable":true,"href":"https:\/\/sneeboer.com\/fr\/wp-json\/wp\/v2\/soil_types?post=68171"}],"curies":[{"name":"wp","href":"https:\/\/api.w.org\/{rel}","templated":true}]}}