{"id":68165,"date":"2026-04-20T08:49:24","date_gmt":"2026-04-20T08:49:24","guid":{"rendered":"https:\/\/sneeboer.com\/?p=68165"},"modified":"2026-04-20T08:49:24","modified_gmt":"2026-04-20T08:49:24","slug":"poignee-courbee-pour-une-canne","status":"publish","type":"product","link":"https:\/\/sneeboer.com\/fr\/outils-de-jardin-forges-a-la-main\/poignee-courbee-pour-une-canne","title":{"rendered":"Poign\u00e9e courb\u00e9e pour une canne"},"content":{"rendered":"<p>Magnifique manche courb\u00e9 \u00e0 la vapeur pour le tuteur Sneeboer<\/p>\n<p>Le courbage du bois \u00e0 la vapeur est une technique artisanale qui exige beaucoup d&#039;habilet\u00e9. Ces manches courb\u00e9s ont \u00e9t\u00e9 fabriqu\u00e9s par De Jong\u2019s Houtwarenfabriek \u00e0 Drogeham, en Frise.<\/p>\n","protected":false},"excerpt":{"rendered":"<p>Magnifique manche courb\u00e9 \u00e0 la vapeur pour le tuteur Sneeboer<\/p>\n<p>Le courbage du bois \u00e0 la vapeur est une technique artisanale qui exige beaucoup d&#039;habilet\u00e9. Ces manches courb\u00e9s ont \u00e9t\u00e9 fabriqu\u00e9s par De Jong\u2019s Houtwarenfabriek \u00e0 Drogeham, en Frise.<\/p>\n","protected":false},"featured_media":25255,"comment_status":"closed","ping_status":"closed","template":"","meta":{"inline_featured_image":false,"product_video_url":"","product_360_url":""},"product_brand":[1349],"product_cat":[282,121,164],"product_tag":[],"weeds":[],"soil_types":[],"class_list":{"0":"post-68165","1":"product","2":"type-product","3":"status-publish","4":"has-post-thumbnail","6":"product_brand-sneeboer","7":"product_cat-entretien","8":"product_cat-luxus-kollektion-2","9":"product_cat-spare-handle-5","10":"post","12":"first","13":"instock","14":"taxable","15":"shipping-taxable","16":"purchasable","17":"product-type-simple"},"exclude_global_add_ons":[],"addons":[],"_links":{"self":[{"href":"https:\/\/sneeboer.com\/fr\/wp-json\/wp\/v2\/product\/68165","targetHints":{"allow":["GET"]}}],"collection":[{"href":"https:\/\/sneeboer.com\/fr\/wp-json\/wp\/v2\/product"}],"about":[{"href":"https:\/\/sneeboer.com\/fr\/wp-json\/wp\/v2\/types\/product"}],"replies":[{"embeddable":true,"href":"https:\/\/sneeboer.com\/fr\/wp-json\/wp\/v2\/comments?post=68165"}],"wp:featuredmedia":[{"embeddable":true,"href":"https:\/\/sneeboer.com\/fr\/wp-json\/wp\/v2\/media\/25255"}],"wp:attachment":[{"href":"https:\/\/sneeboer.com\/fr\/wp-json\/wp\/v2\/media?parent=68165"}],"wp:term":[{"taxonomy":"product_brand","embeddable":true,"href":"https:\/\/sneeboer.com\/fr\/wp-json\/wp\/v2\/product_brand?post=68165"},{"taxonomy":"product_cat","embeddable":true,"href":"https:\/\/sneeboer.com\/fr\/wp-json\/wp\/v2\/product_cat?post=68165"},{"taxonomy":"product_tag","embeddable":true,"href":"https:\/\/sneeboer.com\/fr\/wp-json\/wp\/v2\/product_tag?post=68165"},{"taxonomy":"weeds","embeddable":true,"href":"https:\/\/sneeboer.com\/fr\/wp-json\/wp\/v2\/weeds?post=68165"},{"taxonomy":"soil_types","embeddable":true,"href":"https:\/\/sneeboer.com\/fr\/wp-json\/wp\/v2\/soil_types?post=68165"}],"curies":[{"name":"wp","href":"https:\/\/api.w.org\/{rel}","templated":true}]}}