{"id":68159,"date":"2026-04-20T08:49:24","date_gmt":"2026-04-20T08:49:24","guid":{"rendered":"https:\/\/sneeboer.com\/?p=68159"},"modified":"2026-04-20T08:49:24","modified_gmt":"2026-04-20T08:49:24","slug":"tariere-avec-manche-courbe","status":"publish","type":"product","link":"https:\/\/sneeboer.com\/fr\/outils-de-jardin-forges-a-la-main\/tariere-avec-manche-courbe","title":{"rendered":"Tari\u00e8re avec manche courb\u00e9"},"content":{"rendered":"<p>Le s\u00e9cateur \u00e0 terre est utilis\u00e9 lorsqu&#039;il est n\u00e9cessaire de d\u00e9terminer la qualit\u00e9 et la composition du sol. L&#039;\u00e9chantillon de sol permet d&#039;analyser avec pr\u00e9cision ce dont le sol a besoin pour favoriser la croissance des plantes. Le s\u00e9cateur \u00e0 terre est \u00e9quip\u00e9 de poign\u00e9es en caoutchouc et d&#039;un outil (\u00ab pouce \u00bb) permettant d&#039;extraire facilement et en toute s\u00e9curit\u00e9 la terre du trou.<\/p>\n","protected":false},"excerpt":{"rendered":"<p>Cet \u00e9chantillonneur de sol a \u00e9t\u00e9 con\u00e7u pour pr\u00e9lever des \u00e9chantillons de sol. Fabriqu\u00e9 en acier inoxydable, il p\u00e9n\u00e8tre sans difficult\u00e9 dans le sol. Sa large poign\u00e9e permet d&#039;exercer une force consid\u00e9rable sur l&#039;\u00e9chantillonneur et de le faire tourner facilement.<\/p>\n","protected":false},"featured_media":32680,"comment_status":"closed","ping_status":"closed","template":"","meta":{"inline_featured_image":false,"product_video_url":"","product_360_url":""},"product_brand":[1349],"product_cat":[209,167],"product_tag":[949,947],"weeds":[],"soil_types":[],"class_list":{"0":"post-68159","1":"product","2":"type-product","3":"status-publish","4":"has-post-thumbnail","6":"product_brand-sneeboer","7":"product_cat-collections-speciales","8":"product_cat-spare-handle-8","9":"product_tag-guts","10":"product_tag-transplantation-2","11":"post","13":"first","14":"instock","15":"taxable","16":"shipping-taxable","17":"purchasable","18":"product-type-simple"},"exclude_global_add_ons":[],"addons":[],"_links":{"self":[{"href":"https:\/\/sneeboer.com\/fr\/wp-json\/wp\/v2\/product\/68159","targetHints":{"allow":["GET"]}}],"collection":[{"href":"https:\/\/sneeboer.com\/fr\/wp-json\/wp\/v2\/product"}],"about":[{"href":"https:\/\/sneeboer.com\/fr\/wp-json\/wp\/v2\/types\/product"}],"replies":[{"embeddable":true,"href":"https:\/\/sneeboer.com\/fr\/wp-json\/wp\/v2\/comments?post=68159"}],"wp:featuredmedia":[{"embeddable":true,"href":"https:\/\/sneeboer.com\/fr\/wp-json\/wp\/v2\/media\/32680"}],"wp:attachment":[{"href":"https:\/\/sneeboer.com\/fr\/wp-json\/wp\/v2\/media?parent=68159"}],"wp:term":[{"taxonomy":"product_brand","embeddable":true,"href":"https:\/\/sneeboer.com\/fr\/wp-json\/wp\/v2\/product_brand?post=68159"},{"taxonomy":"product_cat","embeddable":true,"href":"https:\/\/sneeboer.com\/fr\/wp-json\/wp\/v2\/product_cat?post=68159"},{"taxonomy":"product_tag","embeddable":true,"href":"https:\/\/sneeboer.com\/fr\/wp-json\/wp\/v2\/product_tag?post=68159"},{"taxonomy":"weeds","embeddable":true,"href":"https:\/\/sneeboer.com\/fr\/wp-json\/wp\/v2\/weeds?post=68159"},{"taxonomy":"soil_types","embeddable":true,"href":"https:\/\/sneeboer.com\/fr\/wp-json\/wp\/v2\/soil_types?post=68159"}],"curies":[{"name":"wp","href":"https:\/\/api.w.org\/{rel}","templated":true}]}}