{"id":68158,"date":"2026-04-20T08:49:24","date_gmt":"2026-04-20T08:49:24","guid":{"rendered":"https:\/\/sneeboer.com\/?p=68158"},"modified":"2026-04-20T08:49:24","modified_gmt":"2026-04-20T08:49:24","slug":"manche-en-frene-pour-les-outils-a-main-sneeboer","status":"publish","type":"product","link":"https:\/\/sneeboer.com\/fr\/outils-de-jardin-forges-a-la-main\/manche-en-frene-pour-les-outils-a-main-sneeboer","title":{"rendered":"Manche en fr\u00eane pour les outils \u00e0 main Sneeboer"},"content":{"rendered":"<p>Sur notre cha\u00eene YouTube, nous avons publi\u00e9 plusieurs vid\u00e9os qui expliquent comment remplacer une poign\u00e9e de la meilleure fa\u00e7on possible.<\/p>\n","protected":false},"excerpt":{"rendered":"<p>Un manche standard en bois de fr\u00eane de la marque Sneeboer, d&#039;une longueur de 14 cm. Ce manche s&#039;adapte \u00e0 presque tous les outils \u00e0 main Sneeboer et est disponible dans des diam\u00e8tres de 7,9 ou 9,9 mm. Veuillez indiquer le diam\u00e8tre souhait\u00e9 dans les remarques de commande. Pour garantir une plus longue dur\u00e9e de vie, nous recommandons de traiter r\u00e9guli\u00e8rement le bois avec de l&#039;huile de lin cuite. Pour la fixation, nous recommandons l&#039;utilisation de la colle \u201c Locktite Double Bubble \u201c.<\/p>\n","protected":false},"featured_media":34036,"comment_status":"closed","ping_status":"closed","template":"","meta":{"inline_featured_image":false,"product_video_url":"","product_360_url":""},"product_brand":[],"product_cat":[282],"product_tag":[],"weeds":[],"soil_types":[],"class_list":{"0":"post-68158","1":"product","2":"type-product","3":"status-publish","4":"has-post-thumbnail","6":"product_cat-entretien","7":"post","9":"first","10":"instock","11":"taxable","12":"shipping-taxable","13":"purchasable","14":"product-type-simple"},"exclude_global_add_ons":false,"addons":[{"name":"Gravure","type":"custom_text","position":0,"required":false,"title_format":"heading","default":"","description_enable":true,"description":"Entrez jusqu'\u00e0 50 caract\u00e8res.","placeholder_enable":false,"placeholder":"","display":"select","restrictions_type":"any_text","adjust_price":true,"price":"4.92","price_type":"quantity_based","restrictions":true,"min":"1","max":"50","options":[],"id":1684165753}],"_links":{"self":[{"href":"https:\/\/sneeboer.com\/fr\/wp-json\/wp\/v2\/product\/68158","targetHints":{"allow":["GET"]}}],"collection":[{"href":"https:\/\/sneeboer.com\/fr\/wp-json\/wp\/v2\/product"}],"about":[{"href":"https:\/\/sneeboer.com\/fr\/wp-json\/wp\/v2\/types\/product"}],"replies":[{"embeddable":true,"href":"https:\/\/sneeboer.com\/fr\/wp-json\/wp\/v2\/comments?post=68158"}],"wp:featuredmedia":[{"embeddable":true,"href":"https:\/\/sneeboer.com\/fr\/wp-json\/wp\/v2\/media\/34036"}],"wp:attachment":[{"href":"https:\/\/sneeboer.com\/fr\/wp-json\/wp\/v2\/media?parent=68158"}],"wp:term":[{"taxonomy":"product_brand","embeddable":true,"href":"https:\/\/sneeboer.com\/fr\/wp-json\/wp\/v2\/product_brand?post=68158"},{"taxonomy":"product_cat","embeddable":true,"href":"https:\/\/sneeboer.com\/fr\/wp-json\/wp\/v2\/product_cat?post=68158"},{"taxonomy":"product_tag","embeddable":true,"href":"https:\/\/sneeboer.com\/fr\/wp-json\/wp\/v2\/product_tag?post=68158"},{"taxonomy":"weeds","embeddable":true,"href":"https:\/\/sneeboer.com\/fr\/wp-json\/wp\/v2\/weeds?post=68158"},{"taxonomy":"soil_types","embeddable":true,"href":"https:\/\/sneeboer.com\/fr\/wp-json\/wp\/v2\/soil_types?post=68158"}],"curies":[{"name":"wp","href":"https:\/\/api.w.org\/{rel}","templated":true}]}}