{"id":68156,"date":"2026-04-20T08:49:23","date_gmt":"2026-04-20T08:49:23","guid":{"rendered":"https:\/\/sneeboer.com\/?p=68156"},"modified":"2026-04-20T08:49:23","modified_gmt":"2026-04-20T08:49:23","slug":"ensemble-en-titane","status":"publish","type":"product","link":"https:\/\/sneeboer.com\/fr\/outils-de-jardin-forges-a-la-main\/ensemble-en-titane","title":{"rendered":"Ensemble en titane"},"content":{"rendered":"<p>La s\u00e9rie Titan est \u00e9galement disponible sous forme de coffret. Ce coffret est livr\u00e9 dans un coffret cadeau en bois et contient une pelle \u00e0 terre, une fourchette \u00e0 main et un grattoir, le tout accompagn\u00e9 d&#039;un \u00e9tui en cuir et d&#039;un certificat.<\/p>\n","protected":false},"excerpt":{"rendered":"<p>Cet outil en titane a \u00e9t\u00e9 con\u00e7u \u00e0 l&#039;occasion du centenaire de Sneeboer en 2013. Ce set en titane est une pi\u00e8ce unique. Il se compose d&#039;une truelle, d&#039;une fourche \u00e0 main et d&#039;un grattoir, tous dot\u00e9s d&#039;un manche en noyer orn\u00e9 d&#039;un anneau en laiton et sur lequel est grav\u00e9 le logo Sneeboer. La composition de l&#039;alliage est le secret du forgeron. Les outils forg\u00e9s \u00e0 la main sont tremp\u00e9s et l\u00e9g\u00e8rement ponc\u00e9s, ce qui leur permet de conserver l&#039;aspect caract\u00e9ristique du feu de forge.<\/p>\n","protected":false},"featured_media":0,"comment_status":"closed","ping_status":"closed","template":"","meta":{"inline_featured_image":false,"product_video_url":"","product_360_url":""},"product_brand":[],"product_cat":[245,121],"product_tag":[501,533,492,525],"weeds":[],"soil_types":[],"class_list":{"0":"post-68156","1":"product","2":"type-product","3":"status-publish","5":"product_cat-ensemble-de-titane","6":"product_cat-luxus-kollektion-2","7":"product_tag-empotage","8":"product_tag-mauvaises-herbes","9":"product_tag-plantation-fr","10":"product_tag-transplantation","11":"post","13":"first","14":"instock","15":"taxable","16":"shipping-taxable","17":"purchasable","18":"product-type-simple"},"exclude_global_add_ons":false,"addons":[{"name":"Gravure","type":"custom_text","position":0,"required":false,"title_format":"heading","default":"","description_enable":true,"description":"Entrez jusqu'\u00e0 50 caract\u00e8res.","placeholder_enable":false,"placeholder":"","display":"select","restrictions_type":"any_text","adjust_price":true,"price":"4.92","price_type":"quantity_based","restrictions":true,"min":"1","max":"50","options":[],"id":1684165753}],"_links":{"self":[{"href":"https:\/\/sneeboer.com\/fr\/wp-json\/wp\/v2\/product\/68156","targetHints":{"allow":["GET"]}}],"collection":[{"href":"https:\/\/sneeboer.com\/fr\/wp-json\/wp\/v2\/product"}],"about":[{"href":"https:\/\/sneeboer.com\/fr\/wp-json\/wp\/v2\/types\/product"}],"replies":[{"embeddable":true,"href":"https:\/\/sneeboer.com\/fr\/wp-json\/wp\/v2\/comments?post=68156"}],"wp:attachment":[{"href":"https:\/\/sneeboer.com\/fr\/wp-json\/wp\/v2\/media?parent=68156"}],"wp:term":[{"taxonomy":"product_brand","embeddable":true,"href":"https:\/\/sneeboer.com\/fr\/wp-json\/wp\/v2\/product_brand?post=68156"},{"taxonomy":"product_cat","embeddable":true,"href":"https:\/\/sneeboer.com\/fr\/wp-json\/wp\/v2\/product_cat?post=68156"},{"taxonomy":"product_tag","embeddable":true,"href":"https:\/\/sneeboer.com\/fr\/wp-json\/wp\/v2\/product_tag?post=68156"},{"taxonomy":"weeds","embeddable":true,"href":"https:\/\/sneeboer.com\/fr\/wp-json\/wp\/v2\/weeds?post=68156"},{"taxonomy":"soil_types","embeddable":true,"href":"https:\/\/sneeboer.com\/fr\/wp-json\/wp\/v2\/soil_types?post=68156"}],"curies":[{"name":"wp","href":"https:\/\/api.w.org\/{rel}","templated":true}]}}