{"id":68152,"date":"2023-05-09T12:34:29","date_gmt":"2023-05-09T10:34:29","guid":{"rendered":"https:\/\/sneeboer.com\/?p=68152"},"modified":"2026-04-21T10:26:39","modified_gmt":"2026-04-21T08:26:39","slug":"scoop-en-titane-12-cm","status":"publish","type":"product","link":"https:\/\/sneeboer.com\/fr\/outils-de-jardin-forges-a-la-main\/scoop-en-titane-12-cm","title":{"rendered":"Scoop en titane 12 cm"},"content":{"rendered":"<p style=\"text-align: left\">La ligne en titane est \u00e9galement disponible sous forme de set. Ce set est pr\u00e9sent\u00e9 dans un coffret en bois et comprend une pelle \u00e0 transplanter, une fourche \u00e0 main et un grattoir, le tout accompagn\u00e9 d&#8217;un \u00e9tui en cuir et d&#8217;un certificat.<\/p>\n","protected":false},"excerpt":{"rendered":"<p style=\"text-align : left\">En l&#8217;honneur du 100e anniversaire de Sneeboer en 2013, cet outil a \u00e9t\u00e9 d\u00e9velopp\u00e9. Le grattoir en titane est unique en son genre, avec un manche en noyer, un anneau en laiton et le logo Sneeboer grav\u00e9 sur le dessus du manche. L&#8217;alliage est le secret du forgeron. La lame forg\u00e9e \u00e0 la main est tremp\u00e9e et l\u00e9g\u00e8rement ponc\u00e9e, de sorte que la pelle conserve l&#8217;aspect donn\u00e9 par le feu du forgeron. Les outils de jardin en titane de Sneeboer sont de loin les outils de jardin les plus luxueux et les plus exclusifs !<\/p>\n","protected":false},"featured_media":26481,"comment_status":"closed","ping_status":"closed","template":"","meta":{"inline_featured_image":false,"product_video_url":"","product_360_url":""},"product_brand":[],"product_cat":[245,118,102],"product_tag":[1415],"weeds":[],"soil_types":[],"class_list":{"0":"post-68152","1":"product","2":"type-product","3":"status-publish","4":"has-post-thumbnail","6":"product_cat-ensemble-de-titane","7":"product_cat-ligne-de-luxe","8":"product_cat-outils-a-main","9":"product_tag-desherbage","10":"post","12":"first","13":"instock","14":"taxable","15":"shipping-taxable","16":"purchasable","17":"product-type-simple"},"exclude_global_add_ons":[],"addons":[],"_links":{"self":[{"href":"https:\/\/sneeboer.com\/fr\/wp-json\/wp\/v2\/product\/68152","targetHints":{"allow":["GET"]}}],"collection":[{"href":"https:\/\/sneeboer.com\/fr\/wp-json\/wp\/v2\/product"}],"about":[{"href":"https:\/\/sneeboer.com\/fr\/wp-json\/wp\/v2\/types\/product"}],"replies":[{"embeddable":true,"href":"https:\/\/sneeboer.com\/fr\/wp-json\/wp\/v2\/comments?post=68152"}],"wp:featuredmedia":[{"embeddable":true,"href":"https:\/\/sneeboer.com\/fr\/wp-json\/wp\/v2\/media\/26481"}],"wp:attachment":[{"href":"https:\/\/sneeboer.com\/fr\/wp-json\/wp\/v2\/media?parent=68152"}],"wp:term":[{"taxonomy":"product_brand","embeddable":true,"href":"https:\/\/sneeboer.com\/fr\/wp-json\/wp\/v2\/product_brand?post=68152"},{"taxonomy":"product_cat","embeddable":true,"href":"https:\/\/sneeboer.com\/fr\/wp-json\/wp\/v2\/product_cat?post=68152"},{"taxonomy":"product_tag","embeddable":true,"href":"https:\/\/sneeboer.com\/fr\/wp-json\/wp\/v2\/product_tag?post=68152"},{"taxonomy":"weeds","embeddable":true,"href":"https:\/\/sneeboer.com\/fr\/wp-json\/wp\/v2\/weeds?post=68152"},{"taxonomy":"soil_types","embeddable":true,"href":"https:\/\/sneeboer.com\/fr\/wp-json\/wp\/v2\/soil_types?post=68152"}],"curies":[{"name":"wp","href":"https:\/\/api.w.org\/{rel}","templated":true}]}}