{"id":61538,"date":"2025-11-03T12:32:10","date_gmt":"2025-11-03T11:32:10","guid":{"rendered":"https:\/\/sneeboer.com\/handgesmeed-tuingereedschap\/beche-a-main-piet-oudolf"},"modified":"2025-11-03T12:43:39","modified_gmt":"2025-11-03T11:43:39","slug":"beche-a-main-piet-oudolf","status":"publish","type":"product","link":"https:\/\/sneeboer.com\/fr\/outils-de-jardin-forges-a-la-main\/beche-a-main-piet-oudolf","title":{"rendered":"B\u00eache \u00e0 main Piet Oudolf"},"content":{"rendered":"\n<p>La nouvelle b\u00eache \u00e0 main Piet Oudolf est l\u00e9g\u00e8re, puissante et indispensable dans tout jardin. Elle est parfaite pour transplanter, couper des plantes vivaces et \u00e9liminer les mauvaises herbes \u00e0 racines. Fabriqu\u00e9e de mani\u00e8re artisanale, pratique \u00e0 utiliser, c&#8217;est l&#8217;outil que tout amateur de jardinage souhaite avoir \u00e0 port\u00e9e de main. Le manche de la b\u00eache \u00e0 main est grav\u00e9 \u00ab Piet Oudolf Collection \u00bb.<\/p>\n\n\n\n<p>Piet Oudolf et Sneeboer partagent la m\u00eame mission : \u00ab faire d\u00e9couvrir la force et la beaut\u00e9 de la nature, la durabilit\u00e9, l&#8217;\u00e9cosyst\u00e8me et l&#8217;environnement \u00bb. Pour plus d&#8217;informations et d&#8217;inspiration, consultez la page sp\u00e9ciale Piet Oudolf sur notre site web, o\u00f9 vous pouvez \u00e9galement t\u00e9l\u00e9charger des plans de jardin originaux de Piet Oudolf.<\/p>\n","protected":false},"excerpt":{"rendered":"<p>La nouvelle b\u00eache \u00e0 main Piet Oudolf est l\u00e9g\u00e8re, puissante et indispensable dans tout jardin. Parfaite pour transplanter et couper les plantes vivaces.<\/p>\n","protected":false},"featured_media":61569,"comment_status":"closed","ping_status":"closed","template":"","meta":{"inline_featured_image":false,"product_video_url":"","product_360_url":""},"product_brand":[],"product_cat":[155,236],"product_tag":[],"weeds":[],"soil_types":[],"class_list":{"0":"post-61538","1":"product","2":"type-product","3":"status-publish","4":"has-post-thumbnail","6":"product_cat-beche","7":"product_cat-piet-oudolf-fr","8":"post","10":"first","11":"instock","12":"taxable","13":"shipping-taxable","14":"purchasable","15":"product-type-simple"},"exclude_global_add_ons":false,"addons":[{"name":"Gravure","type":"custom_text","position":0,"required":false,"title_format":"heading","default":"","description_enable":true,"description":"Entrez jusqu'\u00e0 50 caract\u00e8res.","placeholder_enable":false,"placeholder":"","display":"select","restrictions_type":"any_text","adjust_price":true,"price":"4.92","price_type":"quantity_based","restrictions":true,"min":"1","max":"50","options":[],"id":1684165753}],"_links":{"self":[{"href":"https:\/\/sneeboer.com\/fr\/wp-json\/wp\/v2\/product\/61538","targetHints":{"allow":["GET"]}}],"collection":[{"href":"https:\/\/sneeboer.com\/fr\/wp-json\/wp\/v2\/product"}],"about":[{"href":"https:\/\/sneeboer.com\/fr\/wp-json\/wp\/v2\/types\/product"}],"replies":[{"embeddable":true,"href":"https:\/\/sneeboer.com\/fr\/wp-json\/wp\/v2\/comments?post=61538"}],"wp:featuredmedia":[{"embeddable":true,"href":"https:\/\/sneeboer.com\/fr\/wp-json\/wp\/v2\/media\/61569"}],"wp:attachment":[{"href":"https:\/\/sneeboer.com\/fr\/wp-json\/wp\/v2\/media?parent=61538"}],"wp:term":[{"taxonomy":"product_brand","embeddable":true,"href":"https:\/\/sneeboer.com\/fr\/wp-json\/wp\/v2\/product_brand?post=61538"},{"taxonomy":"product_cat","embeddable":true,"href":"https:\/\/sneeboer.com\/fr\/wp-json\/wp\/v2\/product_cat?post=61538"},{"taxonomy":"product_tag","embeddable":true,"href":"https:\/\/sneeboer.com\/fr\/wp-json\/wp\/v2\/product_tag?post=61538"},{"taxonomy":"weeds","embeddable":true,"href":"https:\/\/sneeboer.com\/fr\/wp-json\/wp\/v2\/weeds?post=61538"},{"taxonomy":"soil_types","embeddable":true,"href":"https:\/\/sneeboer.com\/fr\/wp-json\/wp\/v2\/soil_types?post=61538"}],"curies":[{"name":"wp","href":"https:\/\/api.w.org\/{rel}","templated":true}]}}