{"id":53772,"date":"2023-11-07T08:37:30","date_gmt":"2023-11-07T07:37:30","guid":{"rendered":"https:\/\/sneeboer.com\/handgesmeed-tuingereedschap\/broadfork-grelinette"},"modified":"2025-01-18T21:10:05","modified_gmt":"2025-01-18T20:10:05","slug":"broadfork-grelinette","status":"publish","type":"product","link":"https:\/\/sneeboer.com\/fr\/outils-de-jardin-forges-a-la-main\/broadfork-grelinette","title":{"rendered":"Grelinette \/ Broadfork"},"content":{"rendered":"<p style=\"text-align: left;\">La Grelinette est un outil de jardinage utilis\u00e9 pour ameublir, a\u00e9rer et labourer le sol dans le jardin. Gr\u00e2ce \u00e0 la position et \u00e0 la forme des dents, il est facile d\u2019enfoncer la fourche dans le sol en s&#8217;appuyant sur la barre horizontale. Ensuite, en d\u00e9pla\u00e7ant les deux poign\u00e9es d\u2019avant en arri\u00e8re, la fourche s&#8217;enfonce progressivement dans la terre. Une fois la profondeur souhait\u00e9e atteinte, vous descendez de la barre et tirez la fourche vers l\u2019arri\u00e8re en tenant les poign\u00e9es aussi haut que possible. Cela permet de profiter d\u2019un effet de levier optimal, ce qui rend l\u2019utilisation de cet outil peu \u00e9nergivore.<\/p>\n<p style=\"text-align: left;\">Contrairement aux m\u00e9thodes traditionnelles, telles que le labourage, la Grelinette minimise les perturbations du sol. Cela pr\u00e9serve la structure naturelle et favorise un jardin plus sain et fertile. C&#8217;est un outil pr\u00e9cieux pour les jardiniers soucieux d&#8217;adopter des pratiques durables et respectueuses de l\u2019environnement.<\/p>\n","protected":false},"excerpt":{"rendered":"<p><span style=\"font-weight: 400;\">La grelinette large, \u00e9galement connue sous le nom de grelinette, est un outil de jardinage utilis\u00e9 pour retourner, a\u00e9rer et labourer le sol dans le jardin. Elle est con\u00e7ue pour ameublir le sol sans perturber ni retourner les couches du sol, ce qui est b\u00e9n\u00e9fique pour le maintien de la structure du sol et la pr\u00e9servation de la vie du sol. En outre, la fourche peut aider \u00e0 lutter contre les mauvaises herbes et son utilisation facilite le m\u00e9lange de compost et d&#8217;engrais dans le sol.<\/span><\/p>\n<p><span style=\"font-weight: 400;\">Cette Grelinette est enti\u00e8rement fabriqu\u00e9e \u00e0 la main en acier inoxydable de haute qualit\u00e9, comme vous pouvez l&#8217;attendre des outils de jardin Sneeboer. La Grelinette p\u00e8se au total 7,3 kg et les 5 dents mesurent 25 cm de long. La fourche totale mesure 50 cm de large et 145 cm de long avec les tiges mont\u00e9es. Les tiges en acier inoxydable mesurent 120 cm de long et sont d\u00e9tachables pour faciliter le transport de la fourche. Nous avons grav\u00e9 le logo Sneeboer sur les deux dents ext\u00e9rieures et ces d\u00e9tails donnent \u00e0 cette fourche un aspect aussi fantastique que son utilisation.<\/span><\/p>\n","protected":false},"featured_media":28218,"comment_status":"closed","ping_status":"closed","template":"","meta":{"inline_featured_image":false,"product_video_url":"","product_360_url":""},"product_brand":[],"product_cat":[191],"product_tag":[594,517,489,473],"weeds":[],"soil_types":[],"class_list":{"0":"post-53772","1":"product","2":"type-product","3":"status-publish","4":"has-post-thumbnail","6":"product_cat-fourche","7":"product_tag-beluchten-fr","8":"product_tag-creuser-fr","9":"product_tag-recolte","10":"product_tag-sillonage","11":"post","13":"first","14":"onbackorder","15":"taxable","16":"shipping-taxable","17":"purchasable","18":"product-type-simple"},"exclude_global_add_ons":[],"addons":[],"_links":{"self":[{"href":"https:\/\/sneeboer.com\/fr\/wp-json\/wp\/v2\/product\/53772","targetHints":{"allow":["GET"]}}],"collection":[{"href":"https:\/\/sneeboer.com\/fr\/wp-json\/wp\/v2\/product"}],"about":[{"href":"https:\/\/sneeboer.com\/fr\/wp-json\/wp\/v2\/types\/product"}],"replies":[{"embeddable":true,"href":"https:\/\/sneeboer.com\/fr\/wp-json\/wp\/v2\/comments?post=53772"}],"wp:featuredmedia":[{"embeddable":true,"href":"https:\/\/sneeboer.com\/fr\/wp-json\/wp\/v2\/media\/28218"}],"wp:attachment":[{"href":"https:\/\/sneeboer.com\/fr\/wp-json\/wp\/v2\/media?parent=53772"}],"wp:term":[{"taxonomy":"product_brand","embeddable":true,"href":"https:\/\/sneeboer.com\/fr\/wp-json\/wp\/v2\/product_brand?post=53772"},{"taxonomy":"product_cat","embeddable":true,"href":"https:\/\/sneeboer.com\/fr\/wp-json\/wp\/v2\/product_cat?post=53772"},{"taxonomy":"product_tag","embeddable":true,"href":"https:\/\/sneeboer.com\/fr\/wp-json\/wp\/v2\/product_tag?post=53772"},{"taxonomy":"weeds","embeddable":true,"href":"https:\/\/sneeboer.com\/fr\/wp-json\/wp\/v2\/weeds?post=53772"},{"taxonomy":"soil_types","embeddable":true,"href":"https:\/\/sneeboer.com\/fr\/wp-json\/wp\/v2\/soil_types?post=53772"}],"curies":[{"name":"wp","href":"https:\/\/api.w.org\/{rel}","templated":true}]}}