{"id":53732,"date":"2023-08-04T14:21:21","date_gmt":"2023-08-04T12:21:21","guid":{"rendered":"https:\/\/sneeboer.com\/handgesmeed-tuingereedschap\/aerateur-pour-la-pelouse"},"modified":"2023-08-04T14:21:41","modified_gmt":"2023-08-04T12:21:41","slug":"aerateur-pour-la-pelouse","status":"publish","type":"product","link":"https:\/\/sneeboer.com\/fr\/outils-de-jardin-forges-a-la-main\/aerateur-pour-la-pelouse","title":{"rendered":"A\u00e9rateur pour la pelouse"},"content":{"rendered":"<p>Cet a\u00e9rateur est fabriqu\u00e9 pour donner plus d&#8217;oxygen \u00e0 la pelouse. Cet outil pr\u00e9vient la fabulation de la structure du sol. Avec cet outil vous tirez avec les deux cylindres petites pi\u00e8ces du sol, puis de l&#8217;oxygen, de l&#8217;eau et d&#8217;autres substances peuvent arriver aux racines de la pelouse. Voir la vid\u00e9o pour une d\u00e9monstration.<\/p>\n<\/p>\n<p>\u00a0<\/p>\n","protected":false},"excerpt":{"rendered":"<p>Cet a\u00e9rateur est fabriqu\u00e9 pour donner plus d&#8217;oxygen \u00e0 la pelouse. Cet outil pr\u00e9vient la fabulation de la structure du sol. Avec cet outil vous tirez avec les deux cylindres petites pi\u00e8ces du sol, puis de l&#8217;oxygen, de l&#8217;eau et d&#8217;autres substances peuvent arriver aux racines de la pelouse. Voir la vid\u00e9o pour une d\u00e9monstration. [&hellip;]<\/p>\n","protected":false},"featured_media":66281,"comment_status":"closed","ping_status":"closed","template":"","meta":{"inline_featured_image":false,"product_video_url":"","product_360_url":"\/wp-content\/uploads\/2026\/03\/8030-140450\/8030_140450.xml"},"product_brand":[],"product_cat":[92,173],"product_tag":[],"weeds":[],"soil_types":[],"class_list":{"0":"post-53732","1":"product","2":"type-product","3":"status-publish","4":"has-post-thumbnail","6":"product_cat-dresse-bordure","7":"product_cat-speciale","8":"post","10":"first","11":"instock","12":"taxable","13":"shipping-taxable","14":"purchasable","15":"product-type-simple"},"exclude_global_add_ons":false,"addons":[{"name":"Gravure","type":"custom_text","position":0,"required":false,"title_format":"heading","default":"","description_enable":true,"description":"Entrez jusqu'\u00e0 50 caract\u00e8res.","placeholder_enable":false,"placeholder":"","display":"select","restrictions_type":"any_text","adjust_price":true,"price":"4.92","price_type":"quantity_based","restrictions":true,"min":"1","max":"50","options":[],"id":1684165753}],"_links":{"self":[{"href":"https:\/\/sneeboer.com\/fr\/wp-json\/wp\/v2\/product\/53732","targetHints":{"allow":["GET"]}}],"collection":[{"href":"https:\/\/sneeboer.com\/fr\/wp-json\/wp\/v2\/product"}],"about":[{"href":"https:\/\/sneeboer.com\/fr\/wp-json\/wp\/v2\/types\/product"}],"replies":[{"embeddable":true,"href":"https:\/\/sneeboer.com\/fr\/wp-json\/wp\/v2\/comments?post=53732"}],"wp:featuredmedia":[{"embeddable":true,"href":"https:\/\/sneeboer.com\/fr\/wp-json\/wp\/v2\/media\/66281"}],"wp:attachment":[{"href":"https:\/\/sneeboer.com\/fr\/wp-json\/wp\/v2\/media?parent=53732"}],"wp:term":[{"taxonomy":"product_brand","embeddable":true,"href":"https:\/\/sneeboer.com\/fr\/wp-json\/wp\/v2\/product_brand?post=53732"},{"taxonomy":"product_cat","embeddable":true,"href":"https:\/\/sneeboer.com\/fr\/wp-json\/wp\/v2\/product_cat?post=53732"},{"taxonomy":"product_tag","embeddable":true,"href":"https:\/\/sneeboer.com\/fr\/wp-json\/wp\/v2\/product_tag?post=53732"},{"taxonomy":"weeds","embeddable":true,"href":"https:\/\/sneeboer.com\/fr\/wp-json\/wp\/v2\/weeds?post=53732"},{"taxonomy":"soil_types","embeddable":true,"href":"https:\/\/sneeboer.com\/fr\/wp-json\/wp\/v2\/soil_types?post=53732"}],"curies":[{"name":"wp","href":"https:\/\/api.w.org\/{rel}","templated":true}]}}