{"id":53669,"date":"2023-06-20T16:35:23","date_gmt":"2023-06-20T14:35:23","guid":{"rendered":"https:\/\/sneeboer.com\/handgesmeed-tuingereedschap\/wrotter-2"},"modified":"2026-01-22T22:38:00","modified_gmt":"2026-01-22T21:38:00","slug":"wrotter-2","status":"publish","type":"product","link":"https:\/\/sneeboer.com\/fr\/outils-de-jardin-forges-a-la-main\/wrotter-2","title":{"rendered":"Wrotter"},"content":{"rendered":"","protected":false},"excerpt":{"rendered":"<p>Le nom <em>Wrotter<\/em>\u00a0vient du frison, une des plus vieilles langues des Pays-Bas et veut dire &#8216;bon travailleur&#8217;. C&#8217;est un outil tr\u00e8s intelligent pour d\u00e9sherber les mauvaises herbes dans les espaces o\u00f9 le d\u00e9sherbage n&#8217;est presque pas possible (par exemple dans les parterres de roses). Aussi bien pour le d\u00e9sherbage de mauvaises herbes dans la pelouse. Avec le <em>Wrotter\u00a0<\/em>vous tirez les racines compl\u00e8tement du sol.\u00a0Le manche du\u00a0<em>Wrotter<\/em> est disponible en bois de fr\u00eane ou cerisier.<\/p><\/p>\n","protected":false},"featured_media":61839,"comment_status":"closed","ping_status":"closed","template":"","meta":{"inline_featured_image":false,"product_video_url":"","product_360_url":"\/wp-content\/uploads\/2025\/11\/8018-140250\/8018_140250.xml"},"product_brand":[],"product_cat":[200,102,218],"product_tag":[533],"weeds":[],"soil_types":[],"class_list":{"0":"post-53669","1":"product","2":"type-product","3":"status-publish","4":"has-post-thumbnail","6":"product_cat-arracher","7":"product_cat-outils-a-main","8":"product_cat-outils-essentiels","9":"product_tag-mauvaises-herbes","10":"post","12":"first","13":"instock","14":"taxable","15":"shipping-taxable","16":"purchasable","17":"product-type-simple"},"exclude_global_add_ons":false,"addons":[{"name":"Gravure","type":"custom_text","position":0,"required":false,"title_format":"heading","default":"","description_enable":true,"description":"Entrez jusqu'\u00e0 50 caract\u00e8res.","placeholder_enable":false,"placeholder":"","display":"select","restrictions_type":"any_text","adjust_price":true,"price":"4.92","price_type":"quantity_based","restrictions":true,"min":"1","max":"50","options":[],"id":1684165753}],"_links":{"self":[{"href":"https:\/\/sneeboer.com\/fr\/wp-json\/wp\/v2\/product\/53669","targetHints":{"allow":["GET"]}}],"collection":[{"href":"https:\/\/sneeboer.com\/fr\/wp-json\/wp\/v2\/product"}],"about":[{"href":"https:\/\/sneeboer.com\/fr\/wp-json\/wp\/v2\/types\/product"}],"replies":[{"embeddable":true,"href":"https:\/\/sneeboer.com\/fr\/wp-json\/wp\/v2\/comments?post=53669"}],"wp:featuredmedia":[{"embeddable":true,"href":"https:\/\/sneeboer.com\/fr\/wp-json\/wp\/v2\/media\/61839"}],"wp:attachment":[{"href":"https:\/\/sneeboer.com\/fr\/wp-json\/wp\/v2\/media?parent=53669"}],"wp:term":[{"taxonomy":"product_brand","embeddable":true,"href":"https:\/\/sneeboer.com\/fr\/wp-json\/wp\/v2\/product_brand?post=53669"},{"taxonomy":"product_cat","embeddable":true,"href":"https:\/\/sneeboer.com\/fr\/wp-json\/wp\/v2\/product_cat?post=53669"},{"taxonomy":"product_tag","embeddable":true,"href":"https:\/\/sneeboer.com\/fr\/wp-json\/wp\/v2\/product_tag?post=53669"},{"taxonomy":"weeds","embeddable":true,"href":"https:\/\/sneeboer.com\/fr\/wp-json\/wp\/v2\/weeds?post=53669"},{"taxonomy":"soil_types","embeddable":true,"href":"https:\/\/sneeboer.com\/fr\/wp-json\/wp\/v2\/soil_types?post=53669"}],"curies":[{"name":"wp","href":"https:\/\/api.w.org\/{rel}","templated":true}]}}