{"id":53621,"date":"2023-05-10T07:15:21","date_gmt":"2023-05-10T05:15:21","guid":{"rendered":"https:\/\/testsite.sneeboer.com\/tuingereedschap\/plantoir-a-bulbe"},"modified":"2025-09-27T16:14:53","modified_gmt":"2025-09-27T14:14:53","slug":"plantoir-a-bulbe","status":"publish","type":"product","link":"https:\/\/sneeboer.com\/fr\/outils-de-jardin-forges-a-la-main\/plantoir-a-bulbe","title":{"rendered":"Plantoir \u00e0 bulbe"},"content":{"rendered":"","protected":false},"excerpt":{"rendered":"<p>Ce plantoir donne la possibilit\u00e9 de planter les bulbes sur une mani\u00e8re facile et efficace. Avec\u00a0son repose-pied vous pourriez l&#8217;enfoncer facilement dans le sol, le retirer et planter des bulbes sans se baisser. Tout en acier inox.<\/p>\n","protected":false},"featured_media":27923,"comment_status":"closed","ping_status":"closed","template":"","meta":{"inline_featured_image":false,"product_video_url":"","product_360_url":""},"product_brand":[],"product_cat":[127],"product_tag":[492],"weeds":[],"soil_types":[],"class_list":{"0":"post-53621","1":"product","2":"type-product","3":"status-publish","4":"has-post-thumbnail","6":"product_cat-plantoir","7":"product_tag-plantation-fr","8":"post","10":"first","11":"instock","12":"taxable","13":"shipping-taxable","14":"purchasable","15":"product-type-simple"},"exclude_global_add_ons":[],"addons":[],"_links":{"self":[{"href":"https:\/\/sneeboer.com\/fr\/wp-json\/wp\/v2\/product\/53621","targetHints":{"allow":["GET"]}}],"collection":[{"href":"https:\/\/sneeboer.com\/fr\/wp-json\/wp\/v2\/product"}],"about":[{"href":"https:\/\/sneeboer.com\/fr\/wp-json\/wp\/v2\/types\/product"}],"replies":[{"embeddable":true,"href":"https:\/\/sneeboer.com\/fr\/wp-json\/wp\/v2\/comments?post=53621"}],"wp:featuredmedia":[{"embeddable":true,"href":"https:\/\/sneeboer.com\/fr\/wp-json\/wp\/v2\/media\/27923"}],"wp:attachment":[{"href":"https:\/\/sneeboer.com\/fr\/wp-json\/wp\/v2\/media?parent=53621"}],"wp:term":[{"taxonomy":"product_brand","embeddable":true,"href":"https:\/\/sneeboer.com\/fr\/wp-json\/wp\/v2\/product_brand?post=53621"},{"taxonomy":"product_cat","embeddable":true,"href":"https:\/\/sneeboer.com\/fr\/wp-json\/wp\/v2\/product_cat?post=53621"},{"taxonomy":"product_tag","embeddable":true,"href":"https:\/\/sneeboer.com\/fr\/wp-json\/wp\/v2\/product_tag?post=53621"},{"taxonomy":"weeds","embeddable":true,"href":"https:\/\/sneeboer.com\/fr\/wp-json\/wp\/v2\/weeds?post=53621"},{"taxonomy":"soil_types","embeddable":true,"href":"https:\/\/sneeboer.com\/fr\/wp-json\/wp\/v2\/soil_types?post=53621"}],"curies":[{"name":"wp","href":"https:\/\/api.w.org\/{rel}","templated":true}]}}