{"id":53468,"date":"2023-05-10T07:06:42","date_gmt":"2023-05-10T05:06:42","guid":{"rendered":"https:\/\/testsite.sneeboer.com\/tuingereedschap\/bouteille-dhuile-de-lin"},"modified":"2024-03-24T08:27:12","modified_gmt":"2024-03-24T07:27:12","slug":"bouteille-dhuile-de-lin","status":"publish","type":"product","link":"https:\/\/sneeboer.com\/fr\/outils-de-jardin-forges-a-la-main\/bouteille-dhuile-de-lin","title":{"rendered":"Bouteille d&#8217;huile de lin"},"content":{"rendered":"","protected":false},"excerpt":{"rendered":"<p>On utilise l&#8217;huile de lin pour maintenir les manches en bois de fr\u00eane ou cerisier des outils. 250 ml.<\/p>\n<p>ATTENTION : Les mat\u00e9riaux imbib\u00e9s d&#8217;huile de lin peuvent s&#8217;enflammer spontan\u00e9ment. Apr\u00e8s utilisation mettre le chiffon utilis\u00e9 dans une bo\u00eete ferm\u00e9e par exemple.<\/p>\n","protected":false},"featured_media":21174,"comment_status":"closed","ping_status":"closed","template":"","meta":{"inline_featured_image":false,"product_video_url":"","product_360_url":""},"product_brand":[],"product_cat":[282],"product_tag":[],"weeds":[],"soil_types":[],"class_list":{"0":"post-53468","1":"product","2":"type-product","3":"status-publish","4":"has-post-thumbnail","6":"product_cat-entretien","7":"post","9":"first","10":"instock","11":"taxable","12":"shipping-taxable","13":"purchasable","14":"product-type-simple"},"exclude_global_add_ons":[],"addons":[],"_links":{"self":[{"href":"https:\/\/sneeboer.com\/fr\/wp-json\/wp\/v2\/product\/53468","targetHints":{"allow":["GET"]}}],"collection":[{"href":"https:\/\/sneeboer.com\/fr\/wp-json\/wp\/v2\/product"}],"about":[{"href":"https:\/\/sneeboer.com\/fr\/wp-json\/wp\/v2\/types\/product"}],"replies":[{"embeddable":true,"href":"https:\/\/sneeboer.com\/fr\/wp-json\/wp\/v2\/comments?post=53468"}],"wp:featuredmedia":[{"embeddable":true,"href":"https:\/\/sneeboer.com\/fr\/wp-json\/wp\/v2\/media\/21174"}],"wp:attachment":[{"href":"https:\/\/sneeboer.com\/fr\/wp-json\/wp\/v2\/media?parent=53468"}],"wp:term":[{"taxonomy":"product_brand","embeddable":true,"href":"https:\/\/sneeboer.com\/fr\/wp-json\/wp\/v2\/product_brand?post=53468"},{"taxonomy":"product_cat","embeddable":true,"href":"https:\/\/sneeboer.com\/fr\/wp-json\/wp\/v2\/product_cat?post=53468"},{"taxonomy":"product_tag","embeddable":true,"href":"https:\/\/sneeboer.com\/fr\/wp-json\/wp\/v2\/product_tag?post=53468"},{"taxonomy":"weeds","embeddable":true,"href":"https:\/\/sneeboer.com\/fr\/wp-json\/wp\/v2\/weeds?post=53468"},{"taxonomy":"soil_types","embeddable":true,"href":"https:\/\/sneeboer.com\/fr\/wp-json\/wp\/v2\/soil_types?post=53468"}],"curies":[{"name":"wp","href":"https:\/\/api.w.org\/{rel}","templated":true}]}}