{"id":53414,"date":"2023-05-10T07:03:29","date_gmt":"2023-05-10T05:03:29","guid":{"rendered":"https:\/\/testsite.sneeboer.com\/tuingereedschap\/binette-a-tirer-10-cm-2"},"modified":"2026-04-23T09:24:27","modified_gmt":"2026-04-23T07:24:27","slug":"talon-de-betterave-10-cm","status":"publish","type":"product","link":"https:\/\/sneeboer.com\/fr\/outils-de-jardin-forges-a-la-main\/talon-de-betterave-10-cm","title":{"rendered":"Talon de betterave 10 cm"},"content":{"rendered":"<p>Gr\u00e2ce \u00e0 la forme en croissant de la lame, la houe \u00e0 betteraves peut \u00eatre facilement manipul\u00e9e pr\u00e8s de la culture sans l&#8217;endommager. La houe \u00e0 betteraves est donc id\u00e9ale pour travailler dans les potagers, les jardins de fleurs et les bordures fortement plant\u00e9es. Le crochet \u00e0 betteraves est disponible dans les tailles de 10 cm \u00e0 16 cm et est livr\u00e9 avec un manche en fr\u00eane de 155 cm de long.<\/p>\n","protected":false},"excerpt":{"rendered":"<p>Le broyeur de betteraves est id\u00e9al pour d\u00e9sherber \u00e0 proximit\u00e9 de la culture et a\u00e9rer le sol. L&#8217;angle mesur\u00e9 avec pr\u00e9cision et la lame tranchante facilitent la coupe des mauvaises herbes.<\/p>\n","protected":false},"featured_media":20819,"comment_status":"closed","ping_status":"closed","template":"","meta":{"inline_featured_image":false,"product_video_url":"","product_360_url":""},"product_brand":[],"product_cat":[141,136],"product_tag":[1415,288,473],"weeds":[],"soil_types":[],"class_list":{"0":"post-53414","1":"product","2":"type-product","3":"status-publish","4":"has-post-thumbnail","6":"product_cat-sarcloir-et-binette","7":"product_cat-schoffel-en-hak","8":"product_tag-desherbage","9":"product_tag-egaliseren","10":"product_tag-sillonage","11":"post","13":"first","14":"instock","15":"taxable","16":"shipping-taxable","17":"purchasable","18":"product-type-simple"},"exclude_global_add_ons":false,"addons":[{"name":"Gravure","type":"custom_text","position":0,"required":false,"title_format":"heading","default":"","description_enable":true,"description":"Entrez jusqu'\u00e0 50 caract\u00e8res.","placeholder_enable":false,"placeholder":"","display":"select","restrictions_type":"any_text","adjust_price":true,"price":"4.92","price_type":"quantity_based","restrictions":true,"min":"1","max":"50","options":[],"id":1684165753}],"_links":{"self":[{"href":"https:\/\/sneeboer.com\/fr\/wp-json\/wp\/v2\/product\/53414","targetHints":{"allow":["GET"]}}],"collection":[{"href":"https:\/\/sneeboer.com\/fr\/wp-json\/wp\/v2\/product"}],"about":[{"href":"https:\/\/sneeboer.com\/fr\/wp-json\/wp\/v2\/types\/product"}],"replies":[{"embeddable":true,"href":"https:\/\/sneeboer.com\/fr\/wp-json\/wp\/v2\/comments?post=53414"}],"wp:featuredmedia":[{"embeddable":true,"href":"https:\/\/sneeboer.com\/fr\/wp-json\/wp\/v2\/media\/20819"}],"wp:attachment":[{"href":"https:\/\/sneeboer.com\/fr\/wp-json\/wp\/v2\/media?parent=53414"}],"wp:term":[{"taxonomy":"product_brand","embeddable":true,"href":"https:\/\/sneeboer.com\/fr\/wp-json\/wp\/v2\/product_brand?post=53414"},{"taxonomy":"product_cat","embeddable":true,"href":"https:\/\/sneeboer.com\/fr\/wp-json\/wp\/v2\/product_cat?post=53414"},{"taxonomy":"product_tag","embeddable":true,"href":"https:\/\/sneeboer.com\/fr\/wp-json\/wp\/v2\/product_tag?post=53414"},{"taxonomy":"weeds","embeddable":true,"href":"https:\/\/sneeboer.com\/fr\/wp-json\/wp\/v2\/weeds?post=53414"},{"taxonomy":"soil_types","embeddable":true,"href":"https:\/\/sneeboer.com\/fr\/wp-json\/wp\/v2\/soil_types?post=53414"}],"curies":[{"name":"wp","href":"https:\/\/api.w.org\/{rel}","templated":true}]}}