{"id":53360,"date":"2023-05-10T06:59:36","date_gmt":"2023-05-10T04:59:36","guid":{"rendered":"https:\/\/testsite.sneeboer.com\/tuingereedschap\/cuillere-a-transplanter-a-main"},"modified":"2025-12-13T12:53:34","modified_gmt":"2025-12-13T11:53:34","slug":"cuillere-a-transplanter-a-main","status":"publish","type":"product","link":"https:\/\/sneeboer.com\/fr\/outils-de-jardin-forges-a-la-main\/cuillere-a-transplanter-a-main","title":{"rendered":"Cuill\u00e8re \u00e0 transplanter \u00e0 main"},"content":{"rendered":"<p>Article No: 9080<\/p>\n","protected":false},"excerpt":{"rendered":"<p>Cet outil est petit, mais indispensable quand vous voulez transplanter des plants. Pour le d\u00e9sherbage des mini-plantes dans les pots de fleurs, vous pourriez utiliser le point aigu\u00eb. Avec la &#8220;cuill\u00e8re&#8221; \u00e0 l&#8217;autre c\u00f4t\u00e9 vous pouvez faire des petits trous dans les pots de fleurs un petit peu plus grands. Cet outil est tout en acier et en inox.<\/p><\/p>\n","protected":false},"featured_media":66407,"comment_status":"closed","ping_status":"closed","template":"","meta":{"inline_featured_image":false,"product_video_url":"","product_360_url":"\/wp-content\/uploads\/2026\/03\/9080_rvs\/9080_rvs.xml"},"product_brand":[],"product_cat":[218,173],"product_tag":[492,489,509,525],"weeds":[],"soil_types":[],"class_list":{"0":"post-53360","1":"product","2":"type-product","3":"status-publish","4":"has-post-thumbnail","6":"product_cat-outils-essentiels","7":"product_cat-speciale","8":"product_tag-plantation-fr","9":"product_tag-recolte","10":"product_tag-scoops","11":"product_tag-transplantation","12":"post","14":"first","15":"instock","16":"taxable","17":"shipping-taxable","18":"purchasable","19":"product-type-simple"},"exclude_global_add_ons":[],"addons":[],"_links":{"self":[{"href":"https:\/\/sneeboer.com\/fr\/wp-json\/wp\/v2\/product\/53360","targetHints":{"allow":["GET"]}}],"collection":[{"href":"https:\/\/sneeboer.com\/fr\/wp-json\/wp\/v2\/product"}],"about":[{"href":"https:\/\/sneeboer.com\/fr\/wp-json\/wp\/v2\/types\/product"}],"replies":[{"embeddable":true,"href":"https:\/\/sneeboer.com\/fr\/wp-json\/wp\/v2\/comments?post=53360"}],"wp:featuredmedia":[{"embeddable":true,"href":"https:\/\/sneeboer.com\/fr\/wp-json\/wp\/v2\/media\/66407"}],"wp:attachment":[{"href":"https:\/\/sneeboer.com\/fr\/wp-json\/wp\/v2\/media?parent=53360"}],"wp:term":[{"taxonomy":"product_brand","embeddable":true,"href":"https:\/\/sneeboer.com\/fr\/wp-json\/wp\/v2\/product_brand?post=53360"},{"taxonomy":"product_cat","embeddable":true,"href":"https:\/\/sneeboer.com\/fr\/wp-json\/wp\/v2\/product_cat?post=53360"},{"taxonomy":"product_tag","embeddable":true,"href":"https:\/\/sneeboer.com\/fr\/wp-json\/wp\/v2\/product_tag?post=53360"},{"taxonomy":"weeds","embeddable":true,"href":"https:\/\/sneeboer.com\/fr\/wp-json\/wp\/v2\/weeds?post=53360"},{"taxonomy":"soil_types","embeddable":true,"href":"https:\/\/sneeboer.com\/fr\/wp-json\/wp\/v2\/soil_types?post=53360"}],"curies":[{"name":"wp","href":"https:\/\/api.w.org\/{rel}","templated":true}]}}