{"id":53216,"date":"2023-05-09T21:34:05","date_gmt":"2023-05-09T19:34:05","guid":{"rendered":"https:\/\/testsite.sneeboer.com\/tuingereedschap\/scalair-a-pousser-hollandais-14-cm"},"modified":"2025-05-14T16:12:04","modified_gmt":"2025-05-14T14:12:04","slug":"scalair-a-pousser-hollandais-14-cm","status":"publish","type":"product","link":"https:\/\/sneeboer.com\/fr\/outils-de-jardin-forges-a-la-main\/scalair-a-pousser-hollandais-14-cm","title":{"rendered":"Scalair \u00e0 pousser Hollandais 12,5 cm"},"content":{"rendered":"<p>La houe hollandaise a la forme d&#8217;un fer \u00e0 cheval sur lequel est fix\u00e9e la lame tranchante. Cependant, la lame ne d\u00e9passe pas la forme du fer \u00e0 cheval, ce qui permet d&#8217;enlever les mauvaises herbes tr\u00e8s pr\u00e8s des cultures ou des plantes sans les endommager. La houe hollandaise est disponible avec un manche en fr\u00eane sp\u00e9cialement con\u00e7u pour les personnes ayant de petites mains, ce qui leur permet de travailler confortablement avec cet outil. La lame de la houe hollandaise mesure 12,5 cm de large et est aff\u00fbt\u00e9e \u00e0 l&#8217;avant et \u00e0 l&#8217;arri\u00e8re, ce qui permet d&#8217;\u00e9liminer les mauvaises herbes en avan\u00e7ant et en reculant. La houe hollandaise est disponible avec un manche luxueux de 145 cm ou un manche en bois de fr\u00eane de 155 cm.<\/p>\n","protected":false},"excerpt":{"rendered":"<p>La conception de la houe hollandaise vous permet de lutter contre les mauvaises herbes tout en vous tenant droit, ce qui en fait un outil tr\u00e8s ergonomique. La houe hollandaise est forg\u00e9e \u00e0 la main et aff\u00fbt\u00e9e \u00e0 l&#8217;avant et \u00e0 l&#8217;arri\u00e8re de la lame, ce qui en fait l&#8217;outil de jardinage id\u00e9al pour \u00e9liminer les mauvaises herbes facilement et habilement sans endommager les plantes et les l\u00e9gumes.<\/p>\n","protected":false},"featured_media":19605,"comment_status":"closed","ping_status":"closed","template":"","meta":{"inline_featured_image":false,"product_video_url":"","product_360_url":""},"product_brand":[],"product_cat":[141],"product_tag":[533],"weeds":[],"soil_types":[],"class_list":{"0":"post-53216","1":"product","2":"type-product","3":"status-publish","4":"has-post-thumbnail","6":"product_cat-sarcloir-et-binette","7":"product_tag-mauvaises-herbes","8":"post","10":"first","11":"instock","12":"taxable","13":"shipping-taxable","14":"purchasable","15":"product-type-simple"},"exclude_global_add_ons":false,"addons":[{"name":"Gravure","type":"custom_text","position":0,"required":false,"title_format":"heading","default":"","description_enable":true,"description":"Entrez jusqu'\u00e0 50 caract\u00e8res.","placeholder_enable":false,"placeholder":"","display":"select","restrictions_type":"any_text","adjust_price":true,"price":"4.92","price_type":"quantity_based","restrictions":true,"min":"1","max":"50","options":[],"id":1684165753}],"_links":{"self":[{"href":"https:\/\/sneeboer.com\/fr\/wp-json\/wp\/v2\/product\/53216","targetHints":{"allow":["GET"]}}],"collection":[{"href":"https:\/\/sneeboer.com\/fr\/wp-json\/wp\/v2\/product"}],"about":[{"href":"https:\/\/sneeboer.com\/fr\/wp-json\/wp\/v2\/types\/product"}],"replies":[{"embeddable":true,"href":"https:\/\/sneeboer.com\/fr\/wp-json\/wp\/v2\/comments?post=53216"}],"wp:featuredmedia":[{"embeddable":true,"href":"https:\/\/sneeboer.com\/fr\/wp-json\/wp\/v2\/media\/19605"}],"wp:attachment":[{"href":"https:\/\/sneeboer.com\/fr\/wp-json\/wp\/v2\/media?parent=53216"}],"wp:term":[{"taxonomy":"product_brand","embeddable":true,"href":"https:\/\/sneeboer.com\/fr\/wp-json\/wp\/v2\/product_brand?post=53216"},{"taxonomy":"product_cat","embeddable":true,"href":"https:\/\/sneeboer.com\/fr\/wp-json\/wp\/v2\/product_cat?post=53216"},{"taxonomy":"product_tag","embeddable":true,"href":"https:\/\/sneeboer.com\/fr\/wp-json\/wp\/v2\/product_tag?post=53216"},{"taxonomy":"weeds","embeddable":true,"href":"https:\/\/sneeboer.com\/fr\/wp-json\/wp\/v2\/weeds?post=53216"},{"taxonomy":"soil_types","embeddable":true,"href":"https:\/\/sneeboer.com\/fr\/wp-json\/wp\/v2\/soil_types?post=53216"}],"curies":[{"name":"wp","href":"https:\/\/api.w.org\/{rel}","templated":true}]}}