{"id":53207,"date":"2023-05-09T21:33:30","date_gmt":"2023-05-09T19:33:30","guid":{"rendered":"https:\/\/testsite.sneeboer.com\/tuingereedschap\/sarcloir-a-pousser-hollandais-14-cm-de-luxe"},"modified":"2024-04-07T19:42:07","modified_gmt":"2024-04-07T17:42:07","slug":"sarcloir-a-pousser-hollandais-14-cm-de-luxe","status":"publish","type":"product","link":"https:\/\/sneeboer.com\/fr\/outils-de-jardin-forges-a-la-main\/sarcloir-a-pousser-hollandais-14-cm-de-luxe","title":{"rendered":"Sarcloir \u00e0 pousser Hollandais 12,5 cm de LUXE"},"content":{"rendered":"","protected":false},"excerpt":{"rendered":"<p>La ligne de luxe est une ligne de nouveaux outils avec des manches sp\u00e9cials qui sont d\u00e9velopp\u00e9s exclusivement pour les jardiniers avec de plus petits mains. Ce qui fait cette ligne caract\u00e9ristique, sont les nouveaux manches qui donnent plus d&#8217;adh\u00e9rence aux petits mains sensibles. Ce sont donc des outils parfaitement faits pour les petites mains!<\/p>\n<p>Un sarcloir mod\u00e8le hollandais. Il vous aide \u00e0 d\u00e9sherber et \u00e0 a\u00e9rer le sol. Avec une lame taill\u00e9e aux quatre c\u00f4t\u00e9s et un manche sp\u00e9cial en bois de fr\u00eane.<\/p>\n","protected":false},"featured_media":19568,"comment_status":"closed","ping_status":"closed","template":"","meta":{"inline_featured_image":false,"product_video_url":"","product_360_url":""},"product_brand":[],"product_cat":[118,141],"product_tag":[533],"weeds":[],"soil_types":[],"class_list":{"0":"post-53207","1":"product","2":"type-product","3":"status-publish","4":"has-post-thumbnail","6":"product_cat-ligne-de-luxe","7":"product_cat-sarcloir-et-binette","8":"product_tag-mauvaises-herbes","9":"post","11":"first","12":"outofstock","13":"taxable","14":"shipping-taxable","15":"purchasable","16":"product-type-simple"},"exclude_global_add_ons":false,"addons":[{"name":"Gravure","type":"custom_text","position":0,"required":false,"title_format":"heading","default":"","description_enable":true,"description":"Entrez jusqu'\u00e0 50 caract\u00e8res.","placeholder_enable":false,"placeholder":"","display":"select","restrictions_type":"any_text","adjust_price":true,"price":"4.92","price_type":"quantity_based","restrictions":true,"min":"1","max":"50","options":[],"id":1684165753}],"_links":{"self":[{"href":"https:\/\/sneeboer.com\/fr\/wp-json\/wp\/v2\/product\/53207","targetHints":{"allow":["GET"]}}],"collection":[{"href":"https:\/\/sneeboer.com\/fr\/wp-json\/wp\/v2\/product"}],"about":[{"href":"https:\/\/sneeboer.com\/fr\/wp-json\/wp\/v2\/types\/product"}],"replies":[{"embeddable":true,"href":"https:\/\/sneeboer.com\/fr\/wp-json\/wp\/v2\/comments?post=53207"}],"wp:featuredmedia":[{"embeddable":true,"href":"https:\/\/sneeboer.com\/fr\/wp-json\/wp\/v2\/media\/19568"}],"wp:attachment":[{"href":"https:\/\/sneeboer.com\/fr\/wp-json\/wp\/v2\/media?parent=53207"}],"wp:term":[{"taxonomy":"product_brand","embeddable":true,"href":"https:\/\/sneeboer.com\/fr\/wp-json\/wp\/v2\/product_brand?post=53207"},{"taxonomy":"product_cat","embeddable":true,"href":"https:\/\/sneeboer.com\/fr\/wp-json\/wp\/v2\/product_cat?post=53207"},{"taxonomy":"product_tag","embeddable":true,"href":"https:\/\/sneeboer.com\/fr\/wp-json\/wp\/v2\/product_tag?post=53207"},{"taxonomy":"weeds","embeddable":true,"href":"https:\/\/sneeboer.com\/fr\/wp-json\/wp\/v2\/weeds?post=53207"},{"taxonomy":"soil_types","embeddable":true,"href":"https:\/\/sneeboer.com\/fr\/wp-json\/wp\/v2\/soil_types?post=53207"}],"curies":[{"name":"wp","href":"https:\/\/api.w.org\/{rel}","templated":true}]}}