{"id":52901,"date":"2023-05-09T21:13:55","date_gmt":"2023-05-09T19:13:55","guid":{"rendered":"https:\/\/testsite.sneeboer.com\/tuingereedschap\/pelle-beche-pointue-de-luxe"},"modified":"2023-06-26T11:46:25","modified_gmt":"2023-06-26T09:46:25","slug":"pelle-beche-pointue-de-luxe","status":"publish","type":"product","link":"https:\/\/sneeboer.com\/fr\/outils-de-jardin-forges-a-la-main\/pelle-beche-pointue-de-luxe","title":{"rendered":"Pelle b\u00eache pointue de LUXE"},"content":{"rendered":"","protected":false},"excerpt":{"rendered":"<p>La ligne de luxe est une ligne de nouveaux outils avec des manches sp\u00e9cials qui sont d\u00e9velopp\u00e9s exclusivement pour les jardiniers avec de plus petits mains. Ce qui fait cette ligne caract\u00e9ristique, sont les nouveaux manches qui donnent plus d&#8217;adh\u00e9rence aux petits mains sensibles. Ce sont donc des outils parfaitement faits pour les petites mains!<\/p>\n<p>Cette pelle b\u00eache pointue est efficace pour la p\u00e9n\u00e9tration aux sols compacts. Elle est utile aussi quand vous voulez travailler avec pr\u00e9cision dans les parties d\u00e9bordantes de votre jardin. Cet outil est \u00e9quip\u00e9 avec un plus long manche, comme nos autres grands outils, pour \u00e9viter du mal au dos. A cause de son long manche, vous pourriez travailler plus longtemps dans votre jardin. Avec un manche sp\u00e9cial en bois de fr\u00eane.<\/p>\n","protected":false},"featured_media":17810,"comment_status":"closed","ping_status":"closed","template":"","meta":{"inline_featured_image":false,"product_video_url":"","product_360_url":""},"product_brand":[],"product_cat":[155,118],"product_tag":[333,492,525],"weeds":[],"soil_types":[],"class_list":{"0":"post-52901","1":"product","2":"type-product","3":"status-publish","4":"has-post-thumbnail","6":"product_cat-beche","7":"product_cat-ligne-de-luxe","8":"product_tag-creuser","9":"product_tag-plantation-fr","10":"product_tag-transplantation","11":"post","13":"first","14":"instock","15":"taxable","16":"shipping-taxable","17":"purchasable","18":"product-type-simple"},"exclude_global_add_ons":false,"addons":[{"name":"Gravure","type":"custom_text","position":0,"required":false,"title_format":"heading","default":"","description_enable":true,"description":"Entrez jusqu'\u00e0 50 caract\u00e8res.","placeholder_enable":false,"placeholder":"","display":"select","restrictions_type":"any_text","adjust_price":true,"price":"4.92","price_type":"quantity_based","restrictions":true,"min":"1","max":"50","options":[],"id":1684165753}],"_links":{"self":[{"href":"https:\/\/sneeboer.com\/fr\/wp-json\/wp\/v2\/product\/52901","targetHints":{"allow":["GET"]}}],"collection":[{"href":"https:\/\/sneeboer.com\/fr\/wp-json\/wp\/v2\/product"}],"about":[{"href":"https:\/\/sneeboer.com\/fr\/wp-json\/wp\/v2\/types\/product"}],"replies":[{"embeddable":true,"href":"https:\/\/sneeboer.com\/fr\/wp-json\/wp\/v2\/comments?post=52901"}],"wp:featuredmedia":[{"embeddable":true,"href":"https:\/\/sneeboer.com\/fr\/wp-json\/wp\/v2\/media\/17810"}],"wp:attachment":[{"href":"https:\/\/sneeboer.com\/fr\/wp-json\/wp\/v2\/media?parent=52901"}],"wp:term":[{"taxonomy":"product_brand","embeddable":true,"href":"https:\/\/sneeboer.com\/fr\/wp-json\/wp\/v2\/product_brand?post=52901"},{"taxonomy":"product_cat","embeddable":true,"href":"https:\/\/sneeboer.com\/fr\/wp-json\/wp\/v2\/product_cat?post=52901"},{"taxonomy":"product_tag","embeddable":true,"href":"https:\/\/sneeboer.com\/fr\/wp-json\/wp\/v2\/product_tag?post=52901"},{"taxonomy":"weeds","embeddable":true,"href":"https:\/\/sneeboer.com\/fr\/wp-json\/wp\/v2\/weeds?post=52901"},{"taxonomy":"soil_types","embeddable":true,"href":"https:\/\/sneeboer.com\/fr\/wp-json\/wp\/v2\/soil_types?post=52901"}],"curies":[{"name":"wp","href":"https:\/\/api.w.org\/{rel}","templated":true}]}}