{"id":52847,"date":"2023-05-09T21:10:04","date_gmt":"2023-05-09T19:10:04","guid":{"rendered":"https:\/\/testsite.sneeboer.com\/tuingereedschap\/pelle-beche-avec-repose-pied-2"},"modified":"2026-02-16T20:21:57","modified_gmt":"2026-02-16T19:21:57","slug":"pelle-beche-avec-repose-pied-2","status":"publish","type":"product","link":"https:\/\/sneeboer.com\/fr\/outils-de-jardin-forges-a-la-main\/pelle-beche-avec-repose-pied-2","title":{"rendered":"Pelle b\u00eache avec repose-pied"},"content":{"rendered":"\n<p>La lame de la b\u00eache \u00e0 bordure pr\u00e9sente un renflement dans le sens de la longueur afin d&#8217;\u00e9viter toute rupture. De plus, la lame est mont\u00e9e \u00e0 l&#8217;angle id\u00e9al par rapport au manche, ce qui rend la b\u00eache \u00e0 bordure plus facile \u00e0 utiliser. Gr\u00e2ce \u00e0 la forme et \u00e0 la position de sa lame, cette b\u00eache est id\u00e9ale pour enfoncer dans le sol, mais pas pour creuser.<\/p>\n","protected":false},"excerpt":{"rendered":"<p>La b\u00eache \u00e0 bordure sert \u00e0 b\u00eacher et \u00e0 repiquer. Elle a une lame plus courte que la b\u00eache classique, ce qui la rend particuli\u00e8rement adapt\u00e9e aux travaux l\u00e9gers de b\u00eachage et de repiquage. La lame est forg\u00e9e \u00e0 la main et aff\u00fbt\u00e9e sur le dessous, ce qui permet d&#8217;enfoncer facilement la b\u00eache \u00e0 bordure dans le sol.<\/p>\n","protected":false},"featured_media":63046,"comment_status":"closed","ping_status":"closed","template":"","meta":{"inline_featured_image":false,"product_video_url":"","product_360_url":""},"product_brand":[],"product_cat":[155,218],"product_tag":[333,492,525],"weeds":[],"soil_types":[],"class_list":{"0":"post-52847","1":"product","2":"type-product","3":"status-publish","4":"has-post-thumbnail","6":"product_cat-beche","7":"product_cat-outils-essentiels","8":"product_tag-creuser","9":"product_tag-plantation-fr","10":"product_tag-transplantation","11":"post","13":"first","14":"instock","15":"taxable","16":"shipping-taxable","17":"purchasable","18":"product-type-simple"},"exclude_global_add_ons":false,"addons":[{"name":"Gravure","type":"custom_text","position":0,"required":false,"title_format":"heading","default":"","description_enable":true,"description":"Entrez jusqu'\u00e0 50 caract\u00e8res.","placeholder_enable":false,"placeholder":"","display":"select","restrictions_type":"any_text","adjust_price":true,"price":"4.92","price_type":"quantity_based","restrictions":true,"min":"1","max":"50","options":[],"id":1684165753}],"_links":{"self":[{"href":"https:\/\/sneeboer.com\/fr\/wp-json\/wp\/v2\/product\/52847","targetHints":{"allow":["GET"]}}],"collection":[{"href":"https:\/\/sneeboer.com\/fr\/wp-json\/wp\/v2\/product"}],"about":[{"href":"https:\/\/sneeboer.com\/fr\/wp-json\/wp\/v2\/types\/product"}],"replies":[{"embeddable":true,"href":"https:\/\/sneeboer.com\/fr\/wp-json\/wp\/v2\/comments?post=52847"}],"wp:featuredmedia":[{"embeddable":true,"href":"https:\/\/sneeboer.com\/fr\/wp-json\/wp\/v2\/media\/63046"}],"wp:attachment":[{"href":"https:\/\/sneeboer.com\/fr\/wp-json\/wp\/v2\/media?parent=52847"}],"wp:term":[{"taxonomy":"product_brand","embeddable":true,"href":"https:\/\/sneeboer.com\/fr\/wp-json\/wp\/v2\/product_brand?post=52847"},{"taxonomy":"product_cat","embeddable":true,"href":"https:\/\/sneeboer.com\/fr\/wp-json\/wp\/v2\/product_cat?post=52847"},{"taxonomy":"product_tag","embeddable":true,"href":"https:\/\/sneeboer.com\/fr\/wp-json\/wp\/v2\/product_tag?post=52847"},{"taxonomy":"weeds","embeddable":true,"href":"https:\/\/sneeboer.com\/fr\/wp-json\/wp\/v2\/weeds?post=52847"},{"taxonomy":"soil_types","embeddable":true,"href":"https:\/\/sneeboer.com\/fr\/wp-json\/wp\/v2\/soil_types?post=52847"}],"curies":[{"name":"wp","href":"https:\/\/api.w.org\/{rel}","templated":true}]}}