{"id":52640,"date":"2023-05-09T20:52:50","date_gmt":"2023-05-09T18:52:50","guid":{"rendered":"https:\/\/testsite.sneeboer.com\/tuingereedschap\/plantoir-truelle-modele-vieux-hollandais-loutil-prefere-de-monty-don"},"modified":"2025-10-06T13:19:19","modified_gmt":"2025-10-06T11:19:19","slug":"plantoir-truelle-modele-vieux-hollandais-loutil-prefere-de-monty-don","status":"publish","type":"product","link":"https:\/\/sneeboer.com\/fr\/outils-de-jardin-forges-a-la-main\/plantoir-truelle-modele-vieux-hollandais-loutil-prefere-de-monty-don","title":{"rendered":"Plantoir truelle mod\u00e8le vieux hollandais"},"content":{"rendered":"<p>Cette truelle de plantation Sneeboer Old Dutch style (4006-650175) est forg\u00e9e \u00e0 la main aux Pays-Bas. Outils de jardinage de la plus haute qualit\u00e9 disponible.<\/p>\n","protected":false},"excerpt":{"rendered":"<p>Ce plantoir truelle a des bords aiguis\u00e9s et vous aide \u00e0 r\u00e9soudre vos probl\u00e8mes de jardinage. Il est id\u00e9al pour planter des bulbes, mais aussi pour d\u00e9chirer des petites plantes.<\/p>\n<p>Utilisation: vous n&#8217;utilisez pas ce plantoir truelle pas comme une pelle \u00e0 transplanter. Cet outil est lourd et n&#8217;est pas balanc\u00e9. Le fonctionnement est plus ou moins le m\u00eame comme une hache. Vous p\u00e9n\u00e9trez le sol et vous bougez cet outil en avant et inverse et vous avez un trous parfait. Millions de bulbes sont plant\u00e9s avec cet outil au\u00a0<em>Keukenhof\u00a0<\/em>(le plus beau parc printanier du monde). Cet outil est forg\u00e9 \u00e0 la main, en inox et a un manche en bois de cerisier de 27 cm de long avec un label.<\/p>\n<p>L&#8217;outil pr\u00e9f\u00e9r\u00e9 de <a title=\"Monty Don \" href=\"https:\/\/www.montydon.com\/\">Monty Don<\/a><\/p>\n","protected":false},"featured_media":60815,"comment_status":"closed","ping_status":"closed","template":"","meta":{"inline_featured_image":false,"product_video_url":"","product_360_url":"\/wp-content\/uploads\/2025\/10\/4006-650175\/4006_650175.xml"},"product_brand":[],"product_cat":[282,102,218,127,182],"product_tag":[333,492,525],"weeds":[],"soil_types":[],"class_list":{"0":"post-52640","1":"product","2":"type-product","3":"status-publish","4":"has-post-thumbnail","6":"product_cat-entretien","7":"product_cat-outils-a-main","8":"product_cat-outils-essentiels","9":"product_cat-plantoir","10":"product_cat-plantoir-truelle","11":"product_tag-creuser","12":"product_tag-plantation-fr","13":"product_tag-transplantation","14":"post","16":"first","17":"instock","18":"taxable","19":"shipping-taxable","20":"purchasable","21":"product-type-simple"},"exclude_global_add_ons":false,"addons":[{"name":"Gravure","type":"custom_text","position":0,"required":false,"title_format":"heading","default":"","description_enable":true,"description":"Entrez jusqu'\u00e0 50 caract\u00e8res.","placeholder_enable":false,"placeholder":"","display":"select","restrictions_type":"any_text","adjust_price":true,"price":"4.92","price_type":"quantity_based","restrictions":true,"min":"1","max":"50","options":[],"id":1684165753}],"_links":{"self":[{"href":"https:\/\/sneeboer.com\/fr\/wp-json\/wp\/v2\/product\/52640","targetHints":{"allow":["GET"]}}],"collection":[{"href":"https:\/\/sneeboer.com\/fr\/wp-json\/wp\/v2\/product"}],"about":[{"href":"https:\/\/sneeboer.com\/fr\/wp-json\/wp\/v2\/types\/product"}],"replies":[{"embeddable":true,"href":"https:\/\/sneeboer.com\/fr\/wp-json\/wp\/v2\/comments?post=52640"}],"wp:featuredmedia":[{"embeddable":true,"href":"https:\/\/sneeboer.com\/fr\/wp-json\/wp\/v2\/media\/60815"}],"wp:attachment":[{"href":"https:\/\/sneeboer.com\/fr\/wp-json\/wp\/v2\/media?parent=52640"}],"wp:term":[{"taxonomy":"product_brand","embeddable":true,"href":"https:\/\/sneeboer.com\/fr\/wp-json\/wp\/v2\/product_brand?post=52640"},{"taxonomy":"product_cat","embeddable":true,"href":"https:\/\/sneeboer.com\/fr\/wp-json\/wp\/v2\/product_cat?post=52640"},{"taxonomy":"product_tag","embeddable":true,"href":"https:\/\/sneeboer.com\/fr\/wp-json\/wp\/v2\/product_tag?post=52640"},{"taxonomy":"weeds","embeddable":true,"href":"https:\/\/sneeboer.com\/fr\/wp-json\/wp\/v2\/weeds?post=52640"},{"taxonomy":"soil_types","embeddable":true,"href":"https:\/\/sneeboer.com\/fr\/wp-json\/wp\/v2\/soil_types?post=52640"}],"curies":[{"name":"wp","href":"https:\/\/api.w.org\/{rel}","templated":true}]}}