{"id":52487,"date":"2023-05-09T20:42:34","date_gmt":"2023-05-09T18:42:34","guid":{"rendered":"https:\/\/testsite.sneeboer.com\/tuingereedschap\/pelle-a-desherber-pour-potager-sureleve"},"modified":"2023-06-26T11:50:08","modified_gmt":"2023-06-26T09:50:08","slug":"pelle-a-desherber-pour-potager-sureleve","status":"publish","type":"product","link":"https:\/\/sneeboer.com\/fr\/outils-de-jardin-forges-a-la-main\/pelle-a-desherber-pour-potager-sureleve","title":{"rendered":"Pelle \u00e0 d\u00e9sherber pour potager sur\u00e9lev\u00e9"},"content":{"rendered":"","protected":false},"excerpt":{"rendered":"<p>Cette petite pelle \u00e0 d\u00e9sherber est utilis\u00e9e principalement pour les racines pivotantes dans le sol sableux ou le sol tourbeux. Elle est aussi pratique pour la cultivation des petits bulbes. Avec un manche en bois de fr\u00eane et 60 cm de long, cet outil est id\u00e9al pour le travail dans les potagers sur\u00e9lev\u00e9s.<\/p>\n","protected":false},"featured_media":14907,"comment_status":"closed","ping_status":"closed","template":"","meta":{"inline_featured_image":false,"product_video_url":"","product_360_url":""},"product_brand":[],"product_cat":[200,182,132],"product_tag":[333,533,473],"weeds":[],"soil_types":[],"class_list":{"0":"post-52487","1":"product","2":"type-product","3":"status-publish","4":"has-post-thumbnail","6":"product_cat-arracher","7":"product_cat-plantoir-truelle","8":"product_cat-potager-sureleve","9":"product_tag-creuser","10":"product_tag-mauvaises-herbes","11":"product_tag-sillonage","12":"post","14":"first","15":"instock","16":"taxable","17":"shipping-taxable","18":"purchasable","19":"product-type-simple"},"exclude_global_add_ons":false,"addons":[{"name":"Gravure","type":"custom_text","position":0,"required":false,"title_format":"heading","default":"","description_enable":true,"description":"Entrez jusqu'\u00e0 50 caract\u00e8res.","placeholder_enable":false,"placeholder":"","display":"select","restrictions_type":"any_text","adjust_price":true,"price":"4.92","price_type":"quantity_based","restrictions":true,"min":"1","max":"50","options":[],"id":1684165753}],"_links":{"self":[{"href":"https:\/\/sneeboer.com\/fr\/wp-json\/wp\/v2\/product\/52487","targetHints":{"allow":["GET"]}}],"collection":[{"href":"https:\/\/sneeboer.com\/fr\/wp-json\/wp\/v2\/product"}],"about":[{"href":"https:\/\/sneeboer.com\/fr\/wp-json\/wp\/v2\/types\/product"}],"replies":[{"embeddable":true,"href":"https:\/\/sneeboer.com\/fr\/wp-json\/wp\/v2\/comments?post=52487"}],"wp:featuredmedia":[{"embeddable":true,"href":"https:\/\/sneeboer.com\/fr\/wp-json\/wp\/v2\/media\/14907"}],"wp:attachment":[{"href":"https:\/\/sneeboer.com\/fr\/wp-json\/wp\/v2\/media?parent=52487"}],"wp:term":[{"taxonomy":"product_brand","embeddable":true,"href":"https:\/\/sneeboer.com\/fr\/wp-json\/wp\/v2\/product_brand?post=52487"},{"taxonomy":"product_cat","embeddable":true,"href":"https:\/\/sneeboer.com\/fr\/wp-json\/wp\/v2\/product_cat?post=52487"},{"taxonomy":"product_tag","embeddable":true,"href":"https:\/\/sneeboer.com\/fr\/wp-json\/wp\/v2\/product_tag?post=52487"},{"taxonomy":"weeds","embeddable":true,"href":"https:\/\/sneeboer.com\/fr\/wp-json\/wp\/v2\/weeds?post=52487"},{"taxonomy":"soil_types","embeddable":true,"href":"https:\/\/sneeboer.com\/fr\/wp-json\/wp\/v2\/soil_types?post=52487"}],"curies":[{"name":"wp","href":"https:\/\/api.w.org\/{rel}","templated":true}]}}