{"id":52415,"date":"2023-05-09T20:38:05","date_gmt":"2023-05-09T18:38:05","guid":{"rendered":"https:\/\/testsite.sneeboer.com\/tuingereedschap\/indoor-fourchette-a-desherber-2"},"modified":"2023-06-26T11:50:45","modified_gmt":"2023-06-26T09:50:45","slug":"indoor-fourchette-a-desherber-2","status":"publish","type":"product","link":"https:\/\/sneeboer.com\/fr\/outils-de-jardin-forges-a-la-main\/indoor-fourchette-a-desherber-2","title":{"rendered":"Indoor Fourchette \u00e0 d\u00e9sherber"},"content":{"rendered":"","protected":false},"excerpt":{"rendered":"<p>Cet outil de &#8220;Indoor&#8221; est une version plus petite de l&#8217;outil original.\u00a0Les outils &#8220;Indoor&#8221; sont parfaits pour le jardinage dans les petites serres.<\/p>\n<p>Cette fourchette \u00e0 d\u00e9sherber \u00e0 main est id\u00e9al pour planter, a\u00e9rer et ameublir le sol sans d\u00e9ranger les autres v\u00e9g\u00e9taux qui seraient proches. Avec un manche en bois de cerisier.<\/p>\n","protected":false},"featured_media":14457,"comment_status":"closed","ping_status":"closed","template":"","meta":{"inline_featured_image":false,"product_video_url":"","product_360_url":""},"product_brand":[],"product_cat":[200,191,102,173],"product_tag":[533],"weeds":[],"soil_types":[],"class_list":{"0":"post-52415","1":"product","2":"type-product","3":"status-publish","4":"has-post-thumbnail","6":"product_cat-arracher","7":"product_cat-fourche","8":"product_cat-outils-a-main","9":"product_cat-speciale","10":"product_tag-mauvaises-herbes","11":"post","13":"first","14":"instock","15":"taxable","16":"shipping-taxable","17":"purchasable","18":"product-type-simple"},"exclude_global_add_ons":false,"addons":[{"name":"Gravure","type":"custom_text","position":0,"required":false,"title_format":"heading","default":"","description_enable":true,"description":"Entrez jusqu'\u00e0 50 caract\u00e8res.","placeholder_enable":false,"placeholder":"","display":"select","restrictions_type":"any_text","adjust_price":true,"price":"4.92","price_type":"quantity_based","restrictions":true,"min":"1","max":"50","options":[],"id":1684165753}],"_links":{"self":[{"href":"https:\/\/sneeboer.com\/fr\/wp-json\/wp\/v2\/product\/52415","targetHints":{"allow":["GET"]}}],"collection":[{"href":"https:\/\/sneeboer.com\/fr\/wp-json\/wp\/v2\/product"}],"about":[{"href":"https:\/\/sneeboer.com\/fr\/wp-json\/wp\/v2\/types\/product"}],"replies":[{"embeddable":true,"href":"https:\/\/sneeboer.com\/fr\/wp-json\/wp\/v2\/comments?post=52415"}],"wp:featuredmedia":[{"embeddable":true,"href":"https:\/\/sneeboer.com\/fr\/wp-json\/wp\/v2\/media\/14457"}],"wp:attachment":[{"href":"https:\/\/sneeboer.com\/fr\/wp-json\/wp\/v2\/media?parent=52415"}],"wp:term":[{"taxonomy":"product_brand","embeddable":true,"href":"https:\/\/sneeboer.com\/fr\/wp-json\/wp\/v2\/product_brand?post=52415"},{"taxonomy":"product_cat","embeddable":true,"href":"https:\/\/sneeboer.com\/fr\/wp-json\/wp\/v2\/product_cat?post=52415"},{"taxonomy":"product_tag","embeddable":true,"href":"https:\/\/sneeboer.com\/fr\/wp-json\/wp\/v2\/product_tag?post=52415"},{"taxonomy":"weeds","embeddable":true,"href":"https:\/\/sneeboer.com\/fr\/wp-json\/wp\/v2\/weeds?post=52415"},{"taxonomy":"soil_types","embeddable":true,"href":"https:\/\/sneeboer.com\/fr\/wp-json\/wp\/v2\/soil_types?post=52415"}],"curies":[{"name":"wp","href":"https:\/\/api.w.org\/{rel}","templated":true}]}}