{"id":52370,"date":"2023-05-09T20:35:22","date_gmt":"2023-05-09T18:35:22","guid":{"rendered":"https:\/\/testsite.sneeboer.com\/tuingereedschap\/great-dixter-beche-pointue"},"modified":"2025-11-20T21:31:06","modified_gmt":"2025-11-20T20:31:06","slug":"great-dixter-beche-pointue","status":"publish","type":"product","link":"https:\/\/sneeboer.com\/fr\/outils-de-jardin-forges-a-la-main\/great-dixter-beche-pointue","title":{"rendered":"Great Dixter B\u00eache pointue"},"content":{"rendered":"","protected":false},"excerpt":{"rendered":"<p>Cet outil fait partie d&#8217;une collection r\u00e9alis\u00e9 par le\u00a0<em>Great Dixter<\/em>.\u00a0<\/p>\n<p>Le mod\u00e8le de cette fourche s&#8217;est fond\u00e9 selon les mod\u00e8les de Christohper Lloyd. Lloyd a r\u00e9alis\u00e9 les jardins\u00a0<em>Great Dixter<\/em>\u00a0dans le sud-est de l&#8217;Angleterre. SNEEBOER est la seule entreprise dans le monde entier qui a le droit de faire et vendre ces produits de\u00a0<em>Great Dixter.<\/em><\/p>\n<p>Cette b\u00eache pointue est id\u00e9ale pour creuser des trous un peu plus grand. Le travail \u00e0 genoux va \u00eatre moins dur, \u00e0 cause de son manche plus long qu&#8217;une pelle \u00e0 transplanter \u00e0 main. Vous pouvez utiliser deux mains et donc travailler plus pr\u00e9cis.<\/p><\/p>\n","protected":false},"featured_media":63124,"comment_status":"closed","ping_status":"closed","template":"","meta":{"inline_featured_image":false,"product_video_url":"","product_360_url":""},"product_brand":[],"product_cat":[155,413],"product_tag":[333,501,492,944,525],"weeds":[],"soil_types":[],"class_list":{"0":"post-52370","1":"product","2":"type-product","3":"status-publish","4":"has-post-thumbnail","6":"product_cat-beche","7":"product_cat-great-dixter-fr","8":"product_tag-creuser","9":"product_tag-empotage","10":"product_tag-plantation-fr","11":"product_tag-plantation-2","12":"product_tag-transplantation","13":"post","15":"first","16":"instock","17":"taxable","18":"shipping-taxable","19":"purchasable","20":"product-type-simple"},"exclude_global_add_ons":false,"addons":[{"name":"Gravure","type":"custom_text","position":0,"required":false,"title_format":"heading","default":"","description_enable":true,"description":"Entrez jusqu'\u00e0 50 caract\u00e8res.","placeholder_enable":false,"placeholder":"","display":"select","restrictions_type":"any_text","adjust_price":true,"price":"4.92","price_type":"quantity_based","restrictions":true,"min":"1","max":"50","options":[],"id":1684165753}],"_links":{"self":[{"href":"https:\/\/sneeboer.com\/fr\/wp-json\/wp\/v2\/product\/52370","targetHints":{"allow":["GET"]}}],"collection":[{"href":"https:\/\/sneeboer.com\/fr\/wp-json\/wp\/v2\/product"}],"about":[{"href":"https:\/\/sneeboer.com\/fr\/wp-json\/wp\/v2\/types\/product"}],"replies":[{"embeddable":true,"href":"https:\/\/sneeboer.com\/fr\/wp-json\/wp\/v2\/comments?post=52370"}],"wp:featuredmedia":[{"embeddable":true,"href":"https:\/\/sneeboer.com\/fr\/wp-json\/wp\/v2\/media\/63124"}],"wp:attachment":[{"href":"https:\/\/sneeboer.com\/fr\/wp-json\/wp\/v2\/media?parent=52370"}],"wp:term":[{"taxonomy":"product_brand","embeddable":true,"href":"https:\/\/sneeboer.com\/fr\/wp-json\/wp\/v2\/product_brand?post=52370"},{"taxonomy":"product_cat","embeddable":true,"href":"https:\/\/sneeboer.com\/fr\/wp-json\/wp\/v2\/product_cat?post=52370"},{"taxonomy":"product_tag","embeddable":true,"href":"https:\/\/sneeboer.com\/fr\/wp-json\/wp\/v2\/product_tag?post=52370"},{"taxonomy":"weeds","embeddable":true,"href":"https:\/\/sneeboer.com\/fr\/wp-json\/wp\/v2\/weeds?post=52370"},{"taxonomy":"soil_types","embeddable":true,"href":"https:\/\/sneeboer.com\/fr\/wp-json\/wp\/v2\/soil_types?post=52370"}],"curies":[{"name":"wp","href":"https:\/\/api.w.org\/{rel}","templated":true}]}}