{"id":52030,"date":"2023-05-09T20:09:35","date_gmt":"2023-05-09T18:09:35","guid":{"rendered":"https:\/\/testsite.sneeboer.com\/tuingereedschap\/binette-fourchette-combination-a-main-2"},"modified":"2026-05-06T11:45:42","modified_gmt":"2026-05-06T09:45:42","slug":"fourchette-et-talon","status":"publish","type":"product","link":"https:\/\/sneeboer.com\/fr\/outils-de-jardin-forges-a-la-main\/fourchette-et-talon","title":{"rendered":"Fourchette et talon"},"content":{"rendered":"<p>La fourche et la houe sont bien adapt\u00e9es \u00e0 l&#8217;utilisation dans les bordures fortement plant\u00e9es, sans endommager les plantes environnantes. La fourche et la houe sont disponibles avec un manche en fr\u00eane ou en cerisier.<\/p>\n","protected":false},"excerpt":{"rendered":"<p>La fourche et le hachoir combinent la lame robuste du hachoir avec une fourche forg\u00e9e tranchante. Cela permet \u00e0 la fois de travailler le sol et d&#8217;enlever les mauvaises herbes sans changer d&#8217;outil. Cet outil convient m\u00eame aux sols les plus compacts.<\/p>\n","protected":false},"featured_media":0,"comment_status":"closed","ping_status":"closed","template":"","meta":{"inline_featured_image":false,"product_video_url":"","product_360_url":""},"product_brand":[],"product_cat":[191,97,102,186],"product_tag":[943,1415],"weeds":[],"soil_types":[],"class_list":{"0":"post-52030","1":"product","2":"type-product","3":"status-publish","5":"product_cat-fourche","6":"product_cat-handtuingereedschap","7":"product_cat-outils-a-main","8":"product_cat-vork","9":"product_tag-creuser-2","10":"product_tag-desherbage","11":"post","13":"first","14":"instock","15":"taxable","16":"shipping-taxable","17":"purchasable","18":"product-type-simple"},"exclude_global_add_ons":false,"addons":[{"name":"Gravure","type":"custom_text","position":0,"required":false,"title_format":"heading","default":"","description_enable":true,"description":"Entrez jusqu'\u00e0 50 caract\u00e8res.","placeholder_enable":false,"placeholder":"","display":"select","restrictions_type":"any_text","adjust_price":true,"price":"4.92","price_type":"quantity_based","restrictions":true,"min":"1","max":"50","options":[],"id":1684165753}],"_links":{"self":[{"href":"https:\/\/sneeboer.com\/fr\/wp-json\/wp\/v2\/product\/52030","targetHints":{"allow":["GET"]}}],"collection":[{"href":"https:\/\/sneeboer.com\/fr\/wp-json\/wp\/v2\/product"}],"about":[{"href":"https:\/\/sneeboer.com\/fr\/wp-json\/wp\/v2\/types\/product"}],"replies":[{"embeddable":true,"href":"https:\/\/sneeboer.com\/fr\/wp-json\/wp\/v2\/comments?post=52030"}],"wp:attachment":[{"href":"https:\/\/sneeboer.com\/fr\/wp-json\/wp\/v2\/media?parent=52030"}],"wp:term":[{"taxonomy":"product_brand","embeddable":true,"href":"https:\/\/sneeboer.com\/fr\/wp-json\/wp\/v2\/product_brand?post=52030"},{"taxonomy":"product_cat","embeddable":true,"href":"https:\/\/sneeboer.com\/fr\/wp-json\/wp\/v2\/product_cat?post=52030"},{"taxonomy":"product_tag","embeddable":true,"href":"https:\/\/sneeboer.com\/fr\/wp-json\/wp\/v2\/product_tag?post=52030"},{"taxonomy":"weeds","embeddable":true,"href":"https:\/\/sneeboer.com\/fr\/wp-json\/wp\/v2\/weeds?post=52030"},{"taxonomy":"soil_types","embeddable":true,"href":"https:\/\/sneeboer.com\/fr\/wp-json\/wp\/v2\/soil_types?post=52030"}],"curies":[{"name":"wp","href":"https:\/\/api.w.org\/{rel}","templated":true}]}}