{"id":52012,"date":"2023-05-09T20:08:36","date_gmt":"2023-05-09T18:08:36","guid":{"rendered":"https:\/\/testsite.sneeboer.com\/tuingereedschap\/cultivateur-a-main-7"},"modified":"2026-02-23T18:30:32","modified_gmt":"2026-02-23T17:30:32","slug":"cultivateur-a-main-7","status":"publish","type":"product","link":"https:\/\/sneeboer.com\/fr\/outils-de-jardin-forges-a-la-main\/cultivateur-a-main-7","title":{"rendered":"Cultivateur \u00e0 main"},"content":{"rendered":"\n<p>Le cultivateur \u00e0 main est id\u00e9al pour d\u00e9sherber les mauvaises herbes \u00e0 racines pivotantes, a\u00e9rer le sol et m\u00e9langer le compost ou d&#8217;autres engrais. Il convient \u00e0 tous les types de sol. Lors du mouvement de traction, vous ameublissez la terre, ce qui am\u00e9liore l&#8217;a\u00e9ration, et lors du mouvement de pouss\u00e9e, vous \u00e9miettez cette terre ameublie. Le cultivateur \u00e0 main est disponible en plusieurs versions avec une, deux ou trois dents. Le cultivateur \u00e0 main est disponible avec un manche en bois de fr\u00eane ou de cerisier de diff\u00e9rentes longueurs.<\/p>\n","protected":false},"excerpt":{"rendered":"<p>Le grattoir \u00e0 joints manuel est id\u00e9al pour \u00e9liminer les mauvaises herbes et les plantules entre les joints des dalles et des pav\u00e9s. Sa lame tranchante en acier inoxydable arrache facilement les v\u00e9g\u00e9taux ind\u00e9sirables. Il peut \u00e9galement servir \u00e0 a\u00e9rer le sol entre les plantes du jardin ou les cultures rapproch\u00e9es telles que les oignons ou l&#8217;ail.<\/p>\n","protected":false},"featured_media":61248,"comment_status":"closed","ping_status":"closed","template":"","meta":{"inline_featured_image":false,"product_video_url":"","product_360_url":""},"product_brand":[],"product_cat":[83,102,218],"product_tag":[333,304,533],"weeds":[],"soil_types":[],"class_list":{"0":"post-52012","1":"product","2":"type-product","3":"status-publish","4":"has-post-thumbnail","6":"product_cat-cultivateur","7":"product_cat-outils-a-main","8":"product_cat-outils-essentiels","9":"product_tag-creuser","10":"product_tag-cultiver","11":"product_tag-mauvaises-herbes","12":"post","14":"first","15":"instock","16":"taxable","17":"shipping-taxable","18":"purchasable","19":"product-type-simple"},"exclude_global_add_ons":false,"addons":[{"name":"Gravure","type":"custom_text","position":0,"required":false,"title_format":"heading","default":"","description_enable":true,"description":"Entrez jusqu'\u00e0 50 caract\u00e8res.","placeholder_enable":false,"placeholder":"","display":"select","restrictions_type":"any_text","adjust_price":true,"price":"4.92","price_type":"quantity_based","restrictions":true,"min":"1","max":"50","options":[],"id":1684165753}],"_links":{"self":[{"href":"https:\/\/sneeboer.com\/fr\/wp-json\/wp\/v2\/product\/52012","targetHints":{"allow":["GET"]}}],"collection":[{"href":"https:\/\/sneeboer.com\/fr\/wp-json\/wp\/v2\/product"}],"about":[{"href":"https:\/\/sneeboer.com\/fr\/wp-json\/wp\/v2\/types\/product"}],"replies":[{"embeddable":true,"href":"https:\/\/sneeboer.com\/fr\/wp-json\/wp\/v2\/comments?post=52012"}],"wp:featuredmedia":[{"embeddable":true,"href":"https:\/\/sneeboer.com\/fr\/wp-json\/wp\/v2\/media\/61248"}],"wp:attachment":[{"href":"https:\/\/sneeboer.com\/fr\/wp-json\/wp\/v2\/media?parent=52012"}],"wp:term":[{"taxonomy":"product_brand","embeddable":true,"href":"https:\/\/sneeboer.com\/fr\/wp-json\/wp\/v2\/product_brand?post=52012"},{"taxonomy":"product_cat","embeddable":true,"href":"https:\/\/sneeboer.com\/fr\/wp-json\/wp\/v2\/product_cat?post=52012"},{"taxonomy":"product_tag","embeddable":true,"href":"https:\/\/sneeboer.com\/fr\/wp-json\/wp\/v2\/product_tag?post=52012"},{"taxonomy":"weeds","embeddable":true,"href":"https:\/\/sneeboer.com\/fr\/wp-json\/wp\/v2\/weeds?post=52012"},{"taxonomy":"soil_types","embeddable":true,"href":"https:\/\/sneeboer.com\/fr\/wp-json\/wp\/v2\/soil_types?post=52012"}],"curies":[{"name":"wp","href":"https:\/\/api.w.org\/{rel}","templated":true}]}}