{"id":51869,"date":"2023-05-09T15:50:48","date_gmt":"2023-05-09T13:50:48","guid":{"rendered":"https:\/\/testsite.sneeboer.com\/tuingereedschap\/fourche-3-dents-a-main-pour-enfant"},"modified":"2023-06-26T12:02:48","modified_gmt":"2023-06-26T10:02:48","slug":"fourche-3-dents-a-main-pour-enfant","status":"publish","type":"product","link":"https:\/\/sneeboer.com\/fr\/outils-de-jardin-forges-a-la-main\/fourche-3-dents-a-main-pour-enfant","title":{"rendered":"Fourche 3 dents \u00e0 main pour enfant"},"content":{"rendered":"","protected":false},"excerpt":{"rendered":"<p>Cette belle fourche solide est adapt\u00e9e aux enfants. La fourche est id\u00e9ale pour planter, b\u00eacher et rempoter. Cet outil est sp\u00e9cialement d\u00e9velopp\u00e9 pour les petites mains et a un manche en bois de fr\u00eane solide pour une longue durabilit\u00e9. Cet outil de qualit\u00e9 est pour les enfants de six ans qui ont d\u00e9couvert le jardinage. Son format compact et l\u00e9ger, combin\u00e9 avec une utilit\u00e9 pratique donne les enfants un des meilleurs outils de leur vie.<\/p>\n","protected":false},"featured_media":11101,"comment_status":"closed","ping_status":"closed","template":"","meta":{"inline_featured_image":false,"product_video_url":"","product_360_url":""},"product_brand":[],"product_cat":[191,642],"product_tag":[304,533],"weeds":[],"soil_types":[],"class_list":{"0":"post-51869","1":"product","2":"type-product","3":"status-publish","4":"has-post-thumbnail","6":"product_cat-fourche","7":"product_cat-outils-pour-enfants","8":"product_tag-cultiver","9":"product_tag-mauvaises-herbes","10":"post","12":"first","13":"instock","14":"taxable","15":"shipping-taxable","16":"purchasable","17":"product-type-simple"},"exclude_global_add_ons":false,"addons":[{"name":"Gravure","type":"custom_text","position":0,"required":false,"title_format":"heading","default":"","description_enable":true,"description":"Entrez jusqu'\u00e0 50 caract\u00e8res.","placeholder_enable":false,"placeholder":"","display":"select","restrictions_type":"any_text","adjust_price":true,"price":"4.92","price_type":"quantity_based","restrictions":true,"min":"1","max":"50","options":[],"id":1684165753}],"_links":{"self":[{"href":"https:\/\/sneeboer.com\/fr\/wp-json\/wp\/v2\/product\/51869","targetHints":{"allow":["GET"]}}],"collection":[{"href":"https:\/\/sneeboer.com\/fr\/wp-json\/wp\/v2\/product"}],"about":[{"href":"https:\/\/sneeboer.com\/fr\/wp-json\/wp\/v2\/types\/product"}],"replies":[{"embeddable":true,"href":"https:\/\/sneeboer.com\/fr\/wp-json\/wp\/v2\/comments?post=51869"}],"wp:featuredmedia":[{"embeddable":true,"href":"https:\/\/sneeboer.com\/fr\/wp-json\/wp\/v2\/media\/11101"}],"wp:attachment":[{"href":"https:\/\/sneeboer.com\/fr\/wp-json\/wp\/v2\/media?parent=51869"}],"wp:term":[{"taxonomy":"product_brand","embeddable":true,"href":"https:\/\/sneeboer.com\/fr\/wp-json\/wp\/v2\/product_brand?post=51869"},{"taxonomy":"product_cat","embeddable":true,"href":"https:\/\/sneeboer.com\/fr\/wp-json\/wp\/v2\/product_cat?post=51869"},{"taxonomy":"product_tag","embeddable":true,"href":"https:\/\/sneeboer.com\/fr\/wp-json\/wp\/v2\/product_tag?post=51869"},{"taxonomy":"weeds","embeddable":true,"href":"https:\/\/sneeboer.com\/fr\/wp-json\/wp\/v2\/weeds?post=51869"},{"taxonomy":"soil_types","embeddable":true,"href":"https:\/\/sneeboer.com\/fr\/wp-json\/wp\/v2\/soil_types?post=51869"}],"curies":[{"name":"wp","href":"https:\/\/api.w.org\/{rel}","templated":true}]}}