{"id":51842,"date":"2023-05-09T15:48:28","date_gmt":"2023-05-09T13:48:28","guid":{"rendered":"https:\/\/testsite.sneeboer.com\/tuingereedschap\/fourche-4-dents-2"},"modified":"2026-02-16T20:06:51","modified_gmt":"2026-02-16T19:06:51","slug":"fourche-4-dents-2","status":"publish","type":"product","link":"https:\/\/sneeboer.com\/fr\/outils-de-jardin-forges-a-la-main\/fourche-4-dents-2","title":{"rendered":"Fourche 4 dents"},"content":{"rendered":"\n<p>La fourche \u00e0 bordure est l\u00e9g\u00e8re \u00e0 utiliser et est mont\u00e9e sur le manche \u00e0 l&#8217;angle le plus favorable, afin de ne pas trop solliciter les poignets lors de son utilisation. La fourche \u00e0 bordure est \u00e9galement utile pour b\u00eacher les sols argileux et tourbeux et, lors du d\u00e9terrage des plantes, m\u00eame les racines les plus fines restent intactes.<\/p>\n","protected":false},"excerpt":{"rendered":"<p>La fourche \u00e0 bordure est id\u00e9ale pour arracher, b\u00eacher et a\u00e9rer le sol. Il s&#8217;agit d&#8217;une version plus petite de la fourche \u00e0 b\u00eacher, ce qui la rend beaucoup plus l\u00e9g\u00e8re \u00e0 utiliser. Les quatre dents en acier inoxydable sont aff\u00fbt\u00e9es pour pouvoir s&#8217;enfoncer facilement dans le sol. La fourche \u00e0 bordure permet d&#8217;arracher les plantes sans endommager leurs racines.<\/p>\n","protected":false},"featured_media":66050,"comment_status":"closed","ping_status":"closed","template":"","meta":{"inline_featured_image":false,"product_video_url":"","product_360_url":""},"product_brand":[],"product_cat":[191,218],"product_tag":[333,304,533],"weeds":[],"soil_types":[],"class_list":{"0":"post-51842","1":"product","2":"type-product","3":"status-publish","4":"has-post-thumbnail","6":"product_cat-fourche","7":"product_cat-outils-essentiels","8":"product_tag-creuser","9":"product_tag-cultiver","10":"product_tag-mauvaises-herbes","11":"post","13":"first","14":"instock","15":"taxable","16":"shipping-taxable","17":"purchasable","18":"product-type-simple"},"exclude_global_add_ons":false,"addons":[{"name":"Gravure","type":"custom_text","position":0,"required":false,"title_format":"heading","default":"","description_enable":true,"description":"Entrez jusqu'\u00e0 50 caract\u00e8res.","placeholder_enable":false,"placeholder":"","display":"select","restrictions_type":"any_text","adjust_price":true,"price":"4.92","price_type":"quantity_based","restrictions":true,"min":"1","max":"50","options":[],"id":1684165753}],"_links":{"self":[{"href":"https:\/\/sneeboer.com\/fr\/wp-json\/wp\/v2\/product\/51842","targetHints":{"allow":["GET"]}}],"collection":[{"href":"https:\/\/sneeboer.com\/fr\/wp-json\/wp\/v2\/product"}],"about":[{"href":"https:\/\/sneeboer.com\/fr\/wp-json\/wp\/v2\/types\/product"}],"replies":[{"embeddable":true,"href":"https:\/\/sneeboer.com\/fr\/wp-json\/wp\/v2\/comments?post=51842"}],"wp:featuredmedia":[{"embeddable":true,"href":"https:\/\/sneeboer.com\/fr\/wp-json\/wp\/v2\/media\/66050"}],"wp:attachment":[{"href":"https:\/\/sneeboer.com\/fr\/wp-json\/wp\/v2\/media?parent=51842"}],"wp:term":[{"taxonomy":"product_brand","embeddable":true,"href":"https:\/\/sneeboer.com\/fr\/wp-json\/wp\/v2\/product_brand?post=51842"},{"taxonomy":"product_cat","embeddable":true,"href":"https:\/\/sneeboer.com\/fr\/wp-json\/wp\/v2\/product_cat?post=51842"},{"taxonomy":"product_tag","embeddable":true,"href":"https:\/\/sneeboer.com\/fr\/wp-json\/wp\/v2\/product_tag?post=51842"},{"taxonomy":"weeds","embeddable":true,"href":"https:\/\/sneeboer.com\/fr\/wp-json\/wp\/v2\/weeds?post=51842"},{"taxonomy":"soil_types","embeddable":true,"href":"https:\/\/sneeboer.com\/fr\/wp-json\/wp\/v2\/soil_types?post=51842"}],"curies":[{"name":"wp","href":"https:\/\/api.w.org\/{rel}","templated":true}]}}