{"id":51761,"date":"2023-05-09T15:42:02","date_gmt":"2023-05-09T13:42:02","guid":{"rendered":"https:\/\/testsite.sneeboer.com\/tuingereedschap\/chasse-neige-a-main-pour-enfant-grand"},"modified":"2023-06-26T12:03:46","modified_gmt":"2023-06-26T10:03:46","slug":"chasse-neige-a-main-pour-enfant-grand","status":"publish","type":"product","link":"https:\/\/sneeboer.com\/fr\/outils-de-jardin-forges-a-la-main\/chasse-neige-a-main-pour-enfant-grand","title":{"rendered":"Chasse-neige \u00e0 main pour enfant (grand)"},"content":{"rendered":"","protected":false},"excerpt":{"rendered":"<p>Ce chasse-neige \u00e0 main est adapt\u00e9 aux enfants et est fait id\u00e9alement\u00a0pour d\u00e9placer et pelleter du neige. Facile \u00e0 utiliser et donc parfait pour les enfants \u00e0 partir de six ans qui veulent aider dans le jardin. Aussi possible \u00e0 utiliser dans les \u00e9tables et \u00e9curies.<\/p>\n","protected":false},"featured_media":10516,"comment_status":"closed","ping_status":"closed","template":"","meta":{"inline_featured_image":false,"product_video_url":"","product_360_url":""},"product_brand":[],"product_cat":[634,642,150],"product_tag":[304,533,509],"weeds":[],"soil_types":[],"class_list":{"0":"post-51761","1":"product","2":"type-product","3":"status-publish","4":"has-post-thumbnail","6":"product_cat-lhiver","7":"product_cat-outils-pour-enfants","8":"product_cat-pelle","9":"product_tag-cultiver","10":"product_tag-mauvaises-herbes","11":"product_tag-scoops","12":"post","14":"first","15":"instock","16":"taxable","17":"shipping-taxable","18":"purchasable","19":"product-type-simple"},"exclude_global_add_ons":false,"addons":[{"name":"Gravure","type":"custom_text","position":0,"required":false,"title_format":"heading","default":"","description_enable":true,"description":"Entrez jusqu'\u00e0 50 caract\u00e8res.","placeholder_enable":false,"placeholder":"","display":"select","restrictions_type":"any_text","adjust_price":true,"price":"4.92","price_type":"quantity_based","restrictions":true,"min":"1","max":"50","options":[],"id":1684165753}],"_links":{"self":[{"href":"https:\/\/sneeboer.com\/fr\/wp-json\/wp\/v2\/product\/51761","targetHints":{"allow":["GET"]}}],"collection":[{"href":"https:\/\/sneeboer.com\/fr\/wp-json\/wp\/v2\/product"}],"about":[{"href":"https:\/\/sneeboer.com\/fr\/wp-json\/wp\/v2\/types\/product"}],"replies":[{"embeddable":true,"href":"https:\/\/sneeboer.com\/fr\/wp-json\/wp\/v2\/comments?post=51761"}],"wp:featuredmedia":[{"embeddable":true,"href":"https:\/\/sneeboer.com\/fr\/wp-json\/wp\/v2\/media\/10516"}],"wp:attachment":[{"href":"https:\/\/sneeboer.com\/fr\/wp-json\/wp\/v2\/media?parent=51761"}],"wp:term":[{"taxonomy":"product_brand","embeddable":true,"href":"https:\/\/sneeboer.com\/fr\/wp-json\/wp\/v2\/product_brand?post=51761"},{"taxonomy":"product_cat","embeddable":true,"href":"https:\/\/sneeboer.com\/fr\/wp-json\/wp\/v2\/product_cat?post=51761"},{"taxonomy":"product_tag","embeddable":true,"href":"https:\/\/sneeboer.com\/fr\/wp-json\/wp\/v2\/product_tag?post=51761"},{"taxonomy":"weeds","embeddable":true,"href":"https:\/\/sneeboer.com\/fr\/wp-json\/wp\/v2\/weeds?post=51761"},{"taxonomy":"soil_types","embeddable":true,"href":"https:\/\/sneeboer.com\/fr\/wp-json\/wp\/v2\/soil_types?post=51761"}],"curies":[{"name":"wp","href":"https:\/\/api.w.org\/{rel}","templated":true}]}}