{"id":51554,"date":"2023-05-09T15:16:16","date_gmt":"2023-05-09T13:16:16","guid":{"rendered":"https:\/\/testsite.sneeboer.com\/tuingereedschap\/cultivateur-a-biner-modele-etroit"},"modified":"2026-02-16T20:29:34","modified_gmt":"2026-02-16T19:29:34","slug":"cultivateur-a-biner-modele-etroit","status":"publish","type":"product","link":"https:\/\/sneeboer.com\/fr\/outils-de-jardin-forges-a-la-main\/cultivateur-a-biner-modele-etroit","title":{"rendered":"Cultivateur \u00e0 biner (mod\u00e8le \u00e9troit)"},"content":{"rendered":"\n<p>Le cultivateur est id\u00e9al pour d\u00e9sherber les mauvaises herbes \u00e0 racines pivotantes, a\u00e9rer le sol et m\u00e9langer le compost ou d&#8217;autres engrais. Il convient \u00e0 tous les types de sol. Les dents coniques forg\u00e9es, combin\u00e9es \u00e0 l&#8217;angle d&#8217;inclinaison du cultivateur, en font un excellent a\u00e9rateur. M\u00eame Monty Don, le c\u00e9l\u00e8bre jardinier anglais de la t\u00e9l\u00e9vision, utilise le cultivateur Sneeboer dans son \u00e9mission.<\/p>\n","protected":false},"excerpt":{"rendered":"<p>Ce cultivateur \u00e9troit est \u00e9quip\u00e9 de trois dents courb\u00e9es et ac\u00e9r\u00e9es qui permettent d&#8217;ameublir la terre. L&#8217;ameublissement de la terre permet une meilleure absorption de l&#8217;air, de la lumi\u00e8re et de l&#8217;eau. Le cultivateur peut p\u00e9n\u00e9trer profond\u00e9ment dans le sol et, gr\u00e2ce \u00e0 l&#8217;angle sp\u00e9cial de ses dents, il s&#8217;enfonce facilement dans la terre.<\/p>\n","protected":false},"featured_media":66024,"comment_status":"closed","ping_status":"closed","template":"","meta":{"inline_featured_image":false,"product_video_url":"","product_360_url":""},"product_brand":[],"product_cat":[83,218],"product_tag":[304],"weeds":[],"soil_types":[],"class_list":{"0":"post-51554","1":"product","2":"type-product","3":"status-publish","4":"has-post-thumbnail","6":"product_cat-cultivateur","7":"product_cat-outils-essentiels","8":"product_tag-cultiver","9":"post","11":"first","12":"instock","13":"taxable","14":"shipping-taxable","15":"purchasable","16":"product-type-simple"},"exclude_global_add_ons":false,"addons":[{"name":"Gravure","type":"custom_text","position":0,"required":false,"title_format":"heading","default":"","description_enable":true,"description":"Entrez jusqu'\u00e0 50 caract\u00e8res.","placeholder_enable":false,"placeholder":"","display":"select","restrictions_type":"any_text","adjust_price":true,"price":"4.92","price_type":"quantity_based","restrictions":true,"min":"1","max":"50","options":[],"id":1684165753}],"_links":{"self":[{"href":"https:\/\/sneeboer.com\/fr\/wp-json\/wp\/v2\/product\/51554","targetHints":{"allow":["GET"]}}],"collection":[{"href":"https:\/\/sneeboer.com\/fr\/wp-json\/wp\/v2\/product"}],"about":[{"href":"https:\/\/sneeboer.com\/fr\/wp-json\/wp\/v2\/types\/product"}],"replies":[{"embeddable":true,"href":"https:\/\/sneeboer.com\/fr\/wp-json\/wp\/v2\/comments?post=51554"}],"wp:featuredmedia":[{"embeddable":true,"href":"https:\/\/sneeboer.com\/fr\/wp-json\/wp\/v2\/media\/66024"}],"wp:attachment":[{"href":"https:\/\/sneeboer.com\/fr\/wp-json\/wp\/v2\/media?parent=51554"}],"wp:term":[{"taxonomy":"product_brand","embeddable":true,"href":"https:\/\/sneeboer.com\/fr\/wp-json\/wp\/v2\/product_brand?post=51554"},{"taxonomy":"product_cat","embeddable":true,"href":"https:\/\/sneeboer.com\/fr\/wp-json\/wp\/v2\/product_cat?post=51554"},{"taxonomy":"product_tag","embeddable":true,"href":"https:\/\/sneeboer.com\/fr\/wp-json\/wp\/v2\/product_tag?post=51554"},{"taxonomy":"weeds","embeddable":true,"href":"https:\/\/sneeboer.com\/fr\/wp-json\/wp\/v2\/weeds?post=51554"},{"taxonomy":"soil_types","embeddable":true,"href":"https:\/\/sneeboer.com\/fr\/wp-json\/wp\/v2\/soil_types?post=51554"}],"curies":[{"name":"wp","href":"https:\/\/api.w.org\/{rel}","templated":true}]}}