{"id":51475,"date":"2023-05-09T15:11:43","date_gmt":"2023-05-09T13:11:43","guid":{"rendered":"https:\/\/testsite.sneeboer.com\/tuingereedschap\/grafoir-de-rocaille-a-main"},"modified":"2026-02-16T15:15:28","modified_gmt":"2026-02-16T14:15:28","slug":"grafoir-de-rocaille-a-main","status":"publish","type":"product","link":"https:\/\/sneeboer.com\/fr\/outils-de-jardin-forges-a-la-main\/grafoir-de-rocaille-a-main","title":{"rendered":"Grafoir de rocaille \u00e0 main"},"content":{"rendered":"","protected":false},"excerpt":{"rendered":"<p>Le grattoir \u00e0 joints manuel est id\u00e9al pour \u00e9liminer les mauvaises herbes et les plantules entre les joints des dalles et des pav\u00e9s. Sa lame tranchante en acier inoxydable arrache facilement les v\u00e9g\u00e9taux ind\u00e9sirables. Il peut \u00e9galement servir \u00e0 a\u00e9rer le sol entre les plantes du jardin ou les cultures rapproch\u00e9es telles que les oignons ou l&#8217;ail.<\/p>\n","protected":false},"featured_media":61711,"comment_status":"closed","ping_status":"closed","template":"","meta":{"inline_featured_image":false,"product_video_url":"","product_360_url":""},"product_brand":[],"product_cat":[200,102,218],"product_tag":[304,533],"weeds":[],"soil_types":[],"class_list":{"0":"post-51475","1":"product","2":"type-product","3":"status-publish","4":"has-post-thumbnail","6":"product_cat-arracher","7":"product_cat-outils-a-main","8":"product_cat-outils-essentiels","9":"product_tag-cultiver","10":"product_tag-mauvaises-herbes","11":"post","13":"first","14":"instock","15":"taxable","16":"shipping-taxable","17":"purchasable","18":"product-type-simple"},"exclude_global_add_ons":false,"addons":[{"name":"Gravure","type":"custom_text","position":0,"required":false,"title_format":"heading","default":"","description_enable":true,"description":"Entrez jusqu'\u00e0 50 caract\u00e8res.","placeholder_enable":false,"placeholder":"","display":"select","restrictions_type":"any_text","adjust_price":true,"price":"4.92","price_type":"quantity_based","restrictions":true,"min":"1","max":"50","options":[],"id":1684165753}],"_links":{"self":[{"href":"https:\/\/sneeboer.com\/fr\/wp-json\/wp\/v2\/product\/51475","targetHints":{"allow":["GET"]}}],"collection":[{"href":"https:\/\/sneeboer.com\/fr\/wp-json\/wp\/v2\/product"}],"about":[{"href":"https:\/\/sneeboer.com\/fr\/wp-json\/wp\/v2\/types\/product"}],"replies":[{"embeddable":true,"href":"https:\/\/sneeboer.com\/fr\/wp-json\/wp\/v2\/comments?post=51475"}],"wp:featuredmedia":[{"embeddable":true,"href":"https:\/\/sneeboer.com\/fr\/wp-json\/wp\/v2\/media\/61711"}],"wp:attachment":[{"href":"https:\/\/sneeboer.com\/fr\/wp-json\/wp\/v2\/media?parent=51475"}],"wp:term":[{"taxonomy":"product_brand","embeddable":true,"href":"https:\/\/sneeboer.com\/fr\/wp-json\/wp\/v2\/product_brand?post=51475"},{"taxonomy":"product_cat","embeddable":true,"href":"https:\/\/sneeboer.com\/fr\/wp-json\/wp\/v2\/product_cat?post=51475"},{"taxonomy":"product_tag","embeddable":true,"href":"https:\/\/sneeboer.com\/fr\/wp-json\/wp\/v2\/product_tag?post=51475"},{"taxonomy":"weeds","embeddable":true,"href":"https:\/\/sneeboer.com\/fr\/wp-json\/wp\/v2\/weeds?post=51475"},{"taxonomy":"soil_types","embeddable":true,"href":"https:\/\/sneeboer.com\/fr\/wp-json\/wp\/v2\/soil_types?post=51475"}],"curies":[{"name":"wp","href":"https:\/\/api.w.org\/{rel}","templated":true}]}}