{"id":51376,"date":"2023-05-09T15:05:18","date_gmt":"2023-05-09T13:05:18","guid":{"rendered":"https:\/\/testsite.sneeboer.com\/tuingereedschap\/rateau-a-feuilles-pour-potager-sureleve-7-dents"},"modified":"2023-06-26T12:07:28","modified_gmt":"2023-06-26T10:07:28","slug":"rateau-a-feuilles-pour-potager-sureleve-7-dents","status":"publish","type":"product","link":"https:\/\/sneeboer.com\/fr\/outils-de-jardin-forges-a-la-main\/rateau-a-feuilles-pour-potager-sureleve-7-dents","title":{"rendered":"R\u00e2teau \u00e0 feuilles pour potager sur\u00e9lev\u00e9 7 dents"},"content":{"rendered":"","protected":false},"excerpt":{"rendered":"<p>Ce r\u00e2teau \u00e0 feuilles avec un manche de 60 cm est est id\u00e9al pour ratisser des feuilles et\u00a0d&#8217;autres d\u00e9chets de jardin entre des plantes et fleurs et des espaces difficiles de votre jardin ou potager sur\u00e9lev\u00e9. Le manche est fait du bois contr\u00f4l\u00e9 avec un bouton \u00e0 la fin du manche. Ce bouton pr\u00e9vient que vos mains glissent du manche.<\/p>\n","protected":false},"featured_media":7986,"comment_status":"closed","ping_status":"closed","template":"","meta":{"inline_featured_image":false,"product_video_url":"","product_360_url":""},"product_brand":[],"product_cat":[132,421],"product_tag":[325,533,475],"weeds":[],"soil_types":[],"class_list":{"0":"post-51376","1":"product","2":"type-product","3":"status-publish","4":"has-post-thumbnail","6":"product_cat-potager-sureleve","7":"product_cat-rateau-fr","8":"product_tag-entretien-de-pelouse","9":"product_tag-mauvaises-herbes","10":"product_tag-rateau","11":"post","13":"first","14":"instock","15":"taxable","16":"shipping-taxable","17":"purchasable","18":"product-type-simple"},"exclude_global_add_ons":false,"addons":[{"name":"Gravure","type":"custom_text","position":0,"required":false,"title_format":"heading","default":"","description_enable":true,"description":"Entrez jusqu'\u00e0 50 caract\u00e8res.","placeholder_enable":false,"placeholder":"","display":"select","restrictions_type":"any_text","adjust_price":true,"price":"4.92","price_type":"quantity_based","restrictions":true,"min":"1","max":"50","options":[],"id":1684165753}],"_links":{"self":[{"href":"https:\/\/sneeboer.com\/fr\/wp-json\/wp\/v2\/product\/51376","targetHints":{"allow":["GET"]}}],"collection":[{"href":"https:\/\/sneeboer.com\/fr\/wp-json\/wp\/v2\/product"}],"about":[{"href":"https:\/\/sneeboer.com\/fr\/wp-json\/wp\/v2\/types\/product"}],"replies":[{"embeddable":true,"href":"https:\/\/sneeboer.com\/fr\/wp-json\/wp\/v2\/comments?post=51376"}],"wp:featuredmedia":[{"embeddable":true,"href":"https:\/\/sneeboer.com\/fr\/wp-json\/wp\/v2\/media\/7986"}],"wp:attachment":[{"href":"https:\/\/sneeboer.com\/fr\/wp-json\/wp\/v2\/media?parent=51376"}],"wp:term":[{"taxonomy":"product_brand","embeddable":true,"href":"https:\/\/sneeboer.com\/fr\/wp-json\/wp\/v2\/product_brand?post=51376"},{"taxonomy":"product_cat","embeddable":true,"href":"https:\/\/sneeboer.com\/fr\/wp-json\/wp\/v2\/product_cat?post=51376"},{"taxonomy":"product_tag","embeddable":true,"href":"https:\/\/sneeboer.com\/fr\/wp-json\/wp\/v2\/product_tag?post=51376"},{"taxonomy":"weeds","embeddable":true,"href":"https:\/\/sneeboer.com\/fr\/wp-json\/wp\/v2\/weeds?post=51376"},{"taxonomy":"soil_types","embeddable":true,"href":"https:\/\/sneeboer.com\/fr\/wp-json\/wp\/v2\/soil_types?post=51376"}],"curies":[{"name":"wp","href":"https:\/\/api.w.org\/{rel}","templated":true}]}}