{"id":51322,"date":"2023-05-09T15:01:52","date_gmt":"2023-05-09T13:01:52","guid":{"rendered":"https:\/\/testsite.sneeboer.com\/tuingereedschap\/cylindre-a-desherber"},"modified":"2023-06-26T12:08:00","modified_gmt":"2023-06-26T10:08:00","slug":"cylindre-a-desherber","status":"publish","type":"product","link":"https:\/\/sneeboer.com\/fr\/outils-de-jardin-forges-a-la-main\/cylindre-a-desherber","title":{"rendered":"Cylindre \u00e0 d\u00e9sherber"},"content":{"rendered":"","protected":false},"excerpt":{"rendered":"<p>Le cylindre -avec une longueur de 18 cm et une dimension de 4 cm- \u00e9quip\u00e9 avec repose-pied donne la possibilit\u00e9 d&#8217;extirper les racines en pointe dans le sol et particuli\u00e8rement celles du pissenlit sans aucun effort. Cet outil peut \u00eatre utilis\u00e9 aussi pour cultiver des petits bulbes. Le manche en bois de fr\u00eane a un style victorien.<\/p><\/p>\n","protected":false},"featured_media":7617,"comment_status":"closed","ping_status":"closed","template":"","meta":{"inline_featured_image":false,"product_video_url":"","product_360_url":""},"product_brand":[],"product_cat":[200],"product_tag":[325,533,492,475],"weeds":[],"soil_types":[],"class_list":{"0":"post-51322","1":"product","2":"type-product","3":"status-publish","4":"has-post-thumbnail","6":"product_cat-arracher","7":"product_tag-entretien-de-pelouse","8":"product_tag-mauvaises-herbes","9":"product_tag-plantation-fr","10":"product_tag-rateau","11":"post","13":"first","14":"instock","15":"taxable","16":"shipping-taxable","17":"purchasable","18":"product-type-simple"},"exclude_global_add_ons":false,"addons":[{"name":"Gravure","type":"custom_text","position":0,"required":false,"title_format":"heading","default":"","description_enable":true,"description":"Entrez jusqu'\u00e0 50 caract\u00e8res.","placeholder_enable":false,"placeholder":"","display":"select","restrictions_type":"any_text","adjust_price":true,"price":"4.92","price_type":"quantity_based","restrictions":true,"min":"1","max":"50","options":[],"id":1684165753}],"_links":{"self":[{"href":"https:\/\/sneeboer.com\/fr\/wp-json\/wp\/v2\/product\/51322","targetHints":{"allow":["GET"]}}],"collection":[{"href":"https:\/\/sneeboer.com\/fr\/wp-json\/wp\/v2\/product"}],"about":[{"href":"https:\/\/sneeboer.com\/fr\/wp-json\/wp\/v2\/types\/product"}],"replies":[{"embeddable":true,"href":"https:\/\/sneeboer.com\/fr\/wp-json\/wp\/v2\/comments?post=51322"}],"wp:featuredmedia":[{"embeddable":true,"href":"https:\/\/sneeboer.com\/fr\/wp-json\/wp\/v2\/media\/7617"}],"wp:attachment":[{"href":"https:\/\/sneeboer.com\/fr\/wp-json\/wp\/v2\/media?parent=51322"}],"wp:term":[{"taxonomy":"product_brand","embeddable":true,"href":"https:\/\/sneeboer.com\/fr\/wp-json\/wp\/v2\/product_brand?post=51322"},{"taxonomy":"product_cat","embeddable":true,"href":"https:\/\/sneeboer.com\/fr\/wp-json\/wp\/v2\/product_cat?post=51322"},{"taxonomy":"product_tag","embeddable":true,"href":"https:\/\/sneeboer.com\/fr\/wp-json\/wp\/v2\/product_tag?post=51322"},{"taxonomy":"weeds","embeddable":true,"href":"https:\/\/sneeboer.com\/fr\/wp-json\/wp\/v2\/weeds?post=51322"},{"taxonomy":"soil_types","embeddable":true,"href":"https:\/\/sneeboer.com\/fr\/wp-json\/wp\/v2\/soil_types?post=51322"}],"curies":[{"name":"wp","href":"https:\/\/api.w.org\/{rel}","templated":true}]}}