{"id":50989,"date":"2023-05-09T13:49:27","date_gmt":"2023-05-09T11:49:27","guid":{"rendered":"https:\/\/testsite.sneeboer.com\/tuingereedschap\/pelle-pour-bulbes"},"modified":"2026-04-22T15:46:22","modified_gmt":"2026-04-22T13:46:22","slug":"tueur-de-voleurs","status":"publish","type":"product","link":"https:\/\/sneeboer.com\/fr\/outils-de-jardin-forges-a-la-main\/tueur-de-voleurs","title":{"rendered":"Tueur de voleurs"},"content":{"rendered":"<p>Le cueilleur voleur a \u00e9t\u00e9 d\u00e9velopp\u00e9 pour la culture n\u00e9erlandaise des tulipes afin de retirer du sol les tulipes malades ou ind\u00e9sirables sans endommager les bulbes sains. Le cueilleur voleur est \u00e9quip\u00e9 d&#8217;une tige en T robuste en bois de fr\u00eane, qui permet d&#8217;appliquer une force importante pr\u00e8s du sol.<\/p>\n","protected":false},"excerpt":{"rendered":"<\/p>\n<p>Le coupe-volets classique est id\u00e9al pour arracher et retirer les plantes bulbeuses malades et ind\u00e9sirables parmi les bulbes sains. La lame tranchante en acier inoxydable s&#8217;enfonce facilement dans le sol et arrache les bulbes rapidement et efficacement.<\/p>\n","protected":false},"featured_media":5642,"comment_status":"closed","ping_status":"closed","template":"","meta":{"inline_featured_image":false,"product_video_url":"","product_360_url":""},"product_brand":[],"product_cat":[150],"product_tag":[943,944],"weeds":[],"soil_types":[],"class_list":{"0":"post-50989","1":"product","2":"type-product","3":"status-publish","4":"has-post-thumbnail","6":"product_cat-pelle","7":"product_tag-creuser-2","8":"product_tag-plantation-2","9":"post","11":"first","12":"instock","13":"taxable","14":"shipping-taxable","15":"purchasable","16":"product-type-simple"},"exclude_global_add_ons":false,"addons":[{"name":"Gravure","type":"custom_text","position":0,"required":false,"title_format":"heading","default":"","description_enable":true,"description":"Entrez jusqu'\u00e0 50 caract\u00e8res.","placeholder_enable":false,"placeholder":"","display":"select","restrictions_type":"any_text","adjust_price":true,"price":"4.92","price_type":"quantity_based","restrictions":true,"min":"1","max":"50","options":[],"id":1684165753}],"_links":{"self":[{"href":"https:\/\/sneeboer.com\/fr\/wp-json\/wp\/v2\/product\/50989","targetHints":{"allow":["GET"]}}],"collection":[{"href":"https:\/\/sneeboer.com\/fr\/wp-json\/wp\/v2\/product"}],"about":[{"href":"https:\/\/sneeboer.com\/fr\/wp-json\/wp\/v2\/types\/product"}],"replies":[{"embeddable":true,"href":"https:\/\/sneeboer.com\/fr\/wp-json\/wp\/v2\/comments?post=50989"}],"wp:featuredmedia":[{"embeddable":true,"href":"https:\/\/sneeboer.com\/fr\/wp-json\/wp\/v2\/media\/5642"}],"wp:attachment":[{"href":"https:\/\/sneeboer.com\/fr\/wp-json\/wp\/v2\/media?parent=50989"}],"wp:term":[{"taxonomy":"product_brand","embeddable":true,"href":"https:\/\/sneeboer.com\/fr\/wp-json\/wp\/v2\/product_brand?post=50989"},{"taxonomy":"product_cat","embeddable":true,"href":"https:\/\/sneeboer.com\/fr\/wp-json\/wp\/v2\/product_cat?post=50989"},{"taxonomy":"product_tag","embeddable":true,"href":"https:\/\/sneeboer.com\/fr\/wp-json\/wp\/v2\/product_tag?post=50989"},{"taxonomy":"weeds","embeddable":true,"href":"https:\/\/sneeboer.com\/fr\/wp-json\/wp\/v2\/weeds?post=50989"},{"taxonomy":"soil_types","embeddable":true,"href":"https:\/\/sneeboer.com\/fr\/wp-json\/wp\/v2\/soil_types?post=50989"}],"curies":[{"name":"wp","href":"https:\/\/api.w.org\/{rel}","templated":true}]}}