{"id":50980,"date":"2023-05-09T13:49:01","date_gmt":"2023-05-09T11:49:01","guid":{"rendered":"https:\/\/testsite.sneeboer.com\/tuingereedschap\/binette-a-main-droitier-14-cm"},"modified":"2025-09-14T21:57:06","modified_gmt":"2025-09-14T19:57:06","slug":"binette-a-main-droitier-14-cm","status":"publish","type":"product","link":"https:\/\/sneeboer.com\/fr\/outils-de-jardin-forges-a-la-main\/binette-a-main-droitier-14-cm","title":{"rendered":"Binette \u00e0 main droitier 14 cm"},"content":{"rendered":"","protected":false},"excerpt":{"rendered":"<p>Cette binette \u00e0 main en forme de demi-lune vous permet d&#8217;a\u00e9rer le sol et arracher les mauvaises herbes. Cette binette est fabriqu\u00e9e sp\u00e9cialement\u00a0pour les droitiers.<\/p>\n","protected":false},"featured_media":5561,"comment_status":"closed","ping_status":"closed","template":"","meta":{"inline_featured_image":false,"product_video_url":"","product_360_url":""},"product_brand":[],"product_cat":[102,141],"product_tag":[333,533,492,473],"weeds":[],"soil_types":[],"class_list":{"0":"post-50980","1":"product","2":"type-product","3":"status-publish","4":"has-post-thumbnail","6":"product_cat-outils-a-main","7":"product_cat-sarcloir-et-binette","8":"product_tag-creuser","9":"product_tag-mauvaises-herbes","10":"product_tag-plantation-fr","11":"product_tag-sillonage","12":"post","14":"first","15":"instock","16":"taxable","17":"shipping-taxable","18":"purchasable","19":"product-type-simple"},"exclude_global_add_ons":false,"addons":[{"name":"Gravure","type":"custom_text","position":0,"required":false,"title_format":"heading","default":"","description_enable":true,"description":"Entrez jusqu'\u00e0 50 caract\u00e8res.","placeholder_enable":false,"placeholder":"","display":"select","restrictions_type":"any_text","adjust_price":true,"price":"4.92","price_type":"quantity_based","restrictions":true,"min":"1","max":"50","options":[],"id":1684165753}],"_links":{"self":[{"href":"https:\/\/sneeboer.com\/fr\/wp-json\/wp\/v2\/product\/50980","targetHints":{"allow":["GET"]}}],"collection":[{"href":"https:\/\/sneeboer.com\/fr\/wp-json\/wp\/v2\/product"}],"about":[{"href":"https:\/\/sneeboer.com\/fr\/wp-json\/wp\/v2\/types\/product"}],"replies":[{"embeddable":true,"href":"https:\/\/sneeboer.com\/fr\/wp-json\/wp\/v2\/comments?post=50980"}],"wp:featuredmedia":[{"embeddable":true,"href":"https:\/\/sneeboer.com\/fr\/wp-json\/wp\/v2\/media\/5561"}],"wp:attachment":[{"href":"https:\/\/sneeboer.com\/fr\/wp-json\/wp\/v2\/media?parent=50980"}],"wp:term":[{"taxonomy":"product_brand","embeddable":true,"href":"https:\/\/sneeboer.com\/fr\/wp-json\/wp\/v2\/product_brand?post=50980"},{"taxonomy":"product_cat","embeddable":true,"href":"https:\/\/sneeboer.com\/fr\/wp-json\/wp\/v2\/product_cat?post=50980"},{"taxonomy":"product_tag","embeddable":true,"href":"https:\/\/sneeboer.com\/fr\/wp-json\/wp\/v2\/product_tag?post=50980"},{"taxonomy":"weeds","embeddable":true,"href":"https:\/\/sneeboer.com\/fr\/wp-json\/wp\/v2\/weeds?post=50980"},{"taxonomy":"soil_types","embeddable":true,"href":"https:\/\/sneeboer.com\/fr\/wp-json\/wp\/v2\/soil_types?post=50980"}],"curies":[{"name":"wp","href":"https:\/\/api.w.org\/{rel}","templated":true}]}}