{"id":50838,"date":"2023-05-09T13:39:01","date_gmt":"2023-05-09T11:39:01","guid":{"rendered":"https:\/\/testsite.sneeboer.com\/tuingereedschap\/great-dixter-plantoir-a-bulbes"},"modified":"2025-10-06T13:19:18","modified_gmt":"2025-10-06T11:19:18","slug":"great-dixter-plantoir-a-bulbes","status":"publish","type":"product","link":"https:\/\/sneeboer.com\/fr\/outils-de-jardin-forges-a-la-main\/great-dixter-plantoir-a-bulbes","title":{"rendered":"Great Dixter plantoir \u00e0 bulbes"},"content":{"rendered":"","protected":false},"excerpt":{"rendered":"<p>Cet outil fait partie d&#8217;une collection r\u00e9alis\u00e9 par le\u00a0<em>Great Dixter<\/em>.\u00a0<\/p>\n<p>Le mod\u00e8le de ce plantoir \u00e0 bulbes s&#8217;est fond\u00e9 selon les mod\u00e8les de Christohper Lloyd. Lloyd a r\u00e9alis\u00e9 les jardins\u00a0<em>Great Dixter<\/em> dans le sud-est de l&#8217;Angleterre. SNEEBOER est la seule entreprise dans le monde entier qui a le droit de faire et vendre ces produits de <em>Great Dixter<\/em>.<\/p>\n<p>Avec ce plantoir \u00e0 bulbes vous pourriez planter des bulbes sur une mani\u00e8re facile et efficace. Avec\u00a0son repose-pied vous pourriez l&#8217;enfoncer facilement dans le sol, le retirer du gazon et planter des bulbes. Vous replacez le sol et vous passez au trou suivant. M\u00eame si vous avez plusieurs bulbes \u00e0 planter: cet outil transforme le travail de plantation en un joyeux moment.<\/p><\/p>\n","protected":false},"featured_media":4754,"comment_status":"closed","ping_status":"closed","template":"","meta":{"inline_featured_image":false,"product_video_url":"","product_360_url":""},"product_brand":[],"product_cat":[413,127],"product_tag":[492,509],"weeds":[],"soil_types":[],"class_list":{"0":"post-50838","1":"product","2":"type-product","3":"status-publish","4":"has-post-thumbnail","6":"product_cat-great-dixter-fr","7":"product_cat-plantoir","8":"product_tag-plantation-fr","9":"product_tag-scoops","10":"post","12":"first","13":"instock","14":"taxable","15":"shipping-taxable","16":"purchasable","17":"product-type-simple"},"exclude_global_add_ons":false,"addons":[{"name":"Gravure","type":"custom_text","position":0,"required":false,"title_format":"heading","default":"","description_enable":true,"description":"Entrez jusqu'\u00e0 50 caract\u00e8res.","placeholder_enable":false,"placeholder":"","display":"select","restrictions_type":"any_text","adjust_price":true,"price":"4.92","price_type":"quantity_based","restrictions":true,"min":"1","max":"50","options":[],"id":1684165753}],"_links":{"self":[{"href":"https:\/\/sneeboer.com\/fr\/wp-json\/wp\/v2\/product\/50838","targetHints":{"allow":["GET"]}}],"collection":[{"href":"https:\/\/sneeboer.com\/fr\/wp-json\/wp\/v2\/product"}],"about":[{"href":"https:\/\/sneeboer.com\/fr\/wp-json\/wp\/v2\/types\/product"}],"replies":[{"embeddable":true,"href":"https:\/\/sneeboer.com\/fr\/wp-json\/wp\/v2\/comments?post=50838"}],"wp:featuredmedia":[{"embeddable":true,"href":"https:\/\/sneeboer.com\/fr\/wp-json\/wp\/v2\/media\/4754"}],"wp:attachment":[{"href":"https:\/\/sneeboer.com\/fr\/wp-json\/wp\/v2\/media?parent=50838"}],"wp:term":[{"taxonomy":"product_brand","embeddable":true,"href":"https:\/\/sneeboer.com\/fr\/wp-json\/wp\/v2\/product_brand?post=50838"},{"taxonomy":"product_cat","embeddable":true,"href":"https:\/\/sneeboer.com\/fr\/wp-json\/wp\/v2\/product_cat?post=50838"},{"taxonomy":"product_tag","embeddable":true,"href":"https:\/\/sneeboer.com\/fr\/wp-json\/wp\/v2\/product_tag?post=50838"},{"taxonomy":"weeds","embeddable":true,"href":"https:\/\/sneeboer.com\/fr\/wp-json\/wp\/v2\/weeds?post=50838"},{"taxonomy":"soil_types","embeddable":true,"href":"https:\/\/sneeboer.com\/fr\/wp-json\/wp\/v2\/soil_types?post=50838"}],"curies":[{"name":"wp","href":"https:\/\/api.w.org\/{rel}","templated":true}]}}