{"id":50823,"date":"2023-05-09T13:38:05","date_gmt":"2023-05-09T11:38:05","guid":{"rendered":"https:\/\/testsite.sneeboer.com\/tuingereedschap\/chasse-neige-grand"},"modified":"2023-06-26T12:13:17","modified_gmt":"2023-06-26T10:13:17","slug":"chasse-neige-grand","status":"publish","type":"product","link":"https:\/\/sneeboer.com\/fr\/outils-de-jardin-forges-a-la-main\/chasse-neige-grand","title":{"rendered":"Chasse-neige grand"},"content":{"rendered":"","protected":false},"excerpt":{"rendered":"<p>Ce chasse-neige est id\u00e9alement fait pour d\u00e9placer et pelleter du neige. La lame en inox du 50&#215;25 cm est tr\u00e8s l\u00e9g\u00e8re \u00e0 utiliser et faite pour la vie.<\/p>\n","protected":false},"featured_media":4664,"comment_status":"closed","ping_status":"closed","template":"","meta":{"inline_featured_image":false,"product_video_url":"","product_360_url":""},"product_brand":[],"product_cat":[634],"product_tag":[533,509],"weeds":[],"soil_types":[],"class_list":{"0":"post-50823","1":"product","2":"type-product","3":"status-publish","4":"has-post-thumbnail","6":"product_cat-lhiver","7":"product_tag-mauvaises-herbes","8":"product_tag-scoops","9":"post","11":"first","12":"instock","13":"taxable","14":"shipping-taxable","15":"purchasable","16":"product-type-simple"},"exclude_global_add_ons":false,"addons":[{"name":"Gravure","type":"custom_text","position":0,"required":false,"title_format":"heading","default":"","description_enable":true,"description":"Entrez jusqu'\u00e0 50 caract\u00e8res.","placeholder_enable":false,"placeholder":"","display":"select","restrictions_type":"any_text","adjust_price":true,"price":"4.92","price_type":"quantity_based","restrictions":true,"min":"1","max":"50","options":[],"id":1684165753}],"_links":{"self":[{"href":"https:\/\/sneeboer.com\/fr\/wp-json\/wp\/v2\/product\/50823","targetHints":{"allow":["GET"]}}],"collection":[{"href":"https:\/\/sneeboer.com\/fr\/wp-json\/wp\/v2\/product"}],"about":[{"href":"https:\/\/sneeboer.com\/fr\/wp-json\/wp\/v2\/types\/product"}],"replies":[{"embeddable":true,"href":"https:\/\/sneeboer.com\/fr\/wp-json\/wp\/v2\/comments?post=50823"}],"wp:featuredmedia":[{"embeddable":true,"href":"https:\/\/sneeboer.com\/fr\/wp-json\/wp\/v2\/media\/4664"}],"wp:attachment":[{"href":"https:\/\/sneeboer.com\/fr\/wp-json\/wp\/v2\/media?parent=50823"}],"wp:term":[{"taxonomy":"product_brand","embeddable":true,"href":"https:\/\/sneeboer.com\/fr\/wp-json\/wp\/v2\/product_brand?post=50823"},{"taxonomy":"product_cat","embeddable":true,"href":"https:\/\/sneeboer.com\/fr\/wp-json\/wp\/v2\/product_cat?post=50823"},{"taxonomy":"product_tag","embeddable":true,"href":"https:\/\/sneeboer.com\/fr\/wp-json\/wp\/v2\/product_tag?post=50823"},{"taxonomy":"weeds","embeddable":true,"href":"https:\/\/sneeboer.com\/fr\/wp-json\/wp\/v2\/weeds?post=50823"},{"taxonomy":"soil_types","embeddable":true,"href":"https:\/\/sneeboer.com\/fr\/wp-json\/wp\/v2\/soil_types?post=50823"}],"curies":[{"name":"wp","href":"https:\/\/api.w.org\/{rel}","templated":true}]}}