{"id":50782,"date":"2023-05-09T13:35:14","date_gmt":"2023-05-09T11:35:14","guid":{"rendered":"https:\/\/testsite.sneeboer.com\/tuingereedschap\/vintage-pelle-beche-avec-repose-pied-limited-edition"},"modified":"2023-10-27T09:25:04","modified_gmt":"2023-10-27T07:25:04","slug":"vintage-pelle-beche-avec-repose-pied-limited-edition","status":"publish","type":"product","link":"https:\/\/sneeboer.com\/fr\/outils-de-jardin-forges-a-la-main\/vintage-pelle-beche-avec-repose-pied-limited-edition","title":{"rendered":"Vintage Pelle b\u00eache avec repose-pied"},"content":{"rendered":"<p>3024-310786<\/p>\n","protected":false},"excerpt":{"rendered":"<p>Cette pelle b\u00eache une lame tranchante en forme d&#8217;un V avec laquelle vous pouvez transplanter des arbres ou arbustes et trancher facilement des racines. Avec un manche de 90 cm de long en bois de fr\u00eane. Le repose-pied prot\u00e8ge vos chaussures et donne la possibilit\u00e9 de donner plus de force.<\/p>\n","protected":false},"featured_media":4404,"comment_status":"closed","ping_status":"closed","template":"","meta":{"inline_featured_image":false,"product_video_url":"","product_360_url":""},"product_brand":[],"product_cat":[155,443],"product_tag":[],"weeds":[],"soil_types":[],"class_list":{"0":"post-50782","1":"product","2":"type-product","3":"status-publish","4":"has-post-thumbnail","6":"product_cat-beche","7":"product_cat-vintage-tools-limited-edition-fr","8":"post","10":"first","11":"outofstock","12":"taxable","13":"shipping-taxable","14":"purchasable","15":"product-type-simple"},"exclude_global_add_ons":[],"addons":[],"_links":{"self":[{"href":"https:\/\/sneeboer.com\/fr\/wp-json\/wp\/v2\/product\/50782","targetHints":{"allow":["GET"]}}],"collection":[{"href":"https:\/\/sneeboer.com\/fr\/wp-json\/wp\/v2\/product"}],"about":[{"href":"https:\/\/sneeboer.com\/fr\/wp-json\/wp\/v2\/types\/product"}],"replies":[{"embeddable":true,"href":"https:\/\/sneeboer.com\/fr\/wp-json\/wp\/v2\/comments?post=50782"}],"wp:featuredmedia":[{"embeddable":true,"href":"https:\/\/sneeboer.com\/fr\/wp-json\/wp\/v2\/media\/4404"}],"wp:attachment":[{"href":"https:\/\/sneeboer.com\/fr\/wp-json\/wp\/v2\/media?parent=50782"}],"wp:term":[{"taxonomy":"product_brand","embeddable":true,"href":"https:\/\/sneeboer.com\/fr\/wp-json\/wp\/v2\/product_brand?post=50782"},{"taxonomy":"product_cat","embeddable":true,"href":"https:\/\/sneeboer.com\/fr\/wp-json\/wp\/v2\/product_cat?post=50782"},{"taxonomy":"product_tag","embeddable":true,"href":"https:\/\/sneeboer.com\/fr\/wp-json\/wp\/v2\/product_tag?post=50782"},{"taxonomy":"weeds","embeddable":true,"href":"https:\/\/sneeboer.com\/fr\/wp-json\/wp\/v2\/weeds?post=50782"},{"taxonomy":"soil_types","embeddable":true,"href":"https:\/\/sneeboer.com\/fr\/wp-json\/wp\/v2\/soil_types?post=50782"}],"curies":[{"name":"wp","href":"https:\/\/api.w.org\/{rel}","templated":true}]}}