{"id":50761,"date":"2023-05-09T13:33:46","date_gmt":"2023-05-09T11:33:46","guid":{"rendered":"https:\/\/testsite.sneeboer.com\/tuingereedschap\/manche-bequille-en-frene-0-90-cm"},"modified":"2025-01-05T17:13:02","modified_gmt":"2025-01-05T16:13:02","slug":"manche-bequille-en-frene-0-90-cm","status":"publish","type":"product","link":"https:\/\/sneeboer.com\/fr\/outils-de-jardin-forges-a-la-main\/manche-bequille-en-frene-0-90-cm","title":{"rendered":"Manche b\u00e9quille en fr\u00eane 0.90 cm"},"content":{"rendered":"<p>manche b\u00e9quille en fr\u00eane 0.90 cm<\/p>\n","protected":false},"excerpt":{"rendered":"<p>Spare handle for various Sneeboer forks, length 90 cm Essen The loose handle for Spitvork-Bordervork is 90 cm long, with a T-handle. The waxed ash wood handle ensures that the wood can breathe and does not absorb water and dirt, which means a longer service life. Waxing is also better than varnishing for the environment.<\/p><\/p>\n","protected":false},"featured_media":4296,"comment_status":"closed","ping_status":"closed","template":"","meta":{"inline_featured_image":false,"product_video_url":"","product_360_url":""},"product_brand":[],"product_cat":[282],"product_tag":[333,304,489],"weeds":[],"soil_types":[],"class_list":{"0":"post-50761","1":"product","2":"type-product","3":"status-publish","4":"has-post-thumbnail","6":"product_cat-entretien","7":"product_tag-creuser","8":"product_tag-cultiver","9":"product_tag-recolte","10":"post","12":"first","13":"instock","14":"taxable","15":"shipping-taxable","16":"purchasable","17":"product-type-simple"},"exclude_global_add_ons":false,"addons":[{"name":"Gravure","type":"custom_text","position":0,"required":false,"title_format":"heading","default":"","description_enable":true,"description":"Entrez jusqu'\u00e0 50 caract\u00e8res.","placeholder_enable":false,"placeholder":"","display":"select","restrictions_type":"any_text","adjust_price":true,"price":"4.92","price_type":"quantity_based","restrictions":true,"min":"1","max":"50","options":[],"id":1684165753}],"_links":{"self":[{"href":"https:\/\/sneeboer.com\/fr\/wp-json\/wp\/v2\/product\/50761","targetHints":{"allow":["GET"]}}],"collection":[{"href":"https:\/\/sneeboer.com\/fr\/wp-json\/wp\/v2\/product"}],"about":[{"href":"https:\/\/sneeboer.com\/fr\/wp-json\/wp\/v2\/types\/product"}],"replies":[{"embeddable":true,"href":"https:\/\/sneeboer.com\/fr\/wp-json\/wp\/v2\/comments?post=50761"}],"wp:featuredmedia":[{"embeddable":true,"href":"https:\/\/sneeboer.com\/fr\/wp-json\/wp\/v2\/media\/4296"}],"wp:attachment":[{"href":"https:\/\/sneeboer.com\/fr\/wp-json\/wp\/v2\/media?parent=50761"}],"wp:term":[{"taxonomy":"product_brand","embeddable":true,"href":"https:\/\/sneeboer.com\/fr\/wp-json\/wp\/v2\/product_brand?post=50761"},{"taxonomy":"product_cat","embeddable":true,"href":"https:\/\/sneeboer.com\/fr\/wp-json\/wp\/v2\/product_cat?post=50761"},{"taxonomy":"product_tag","embeddable":true,"href":"https:\/\/sneeboer.com\/fr\/wp-json\/wp\/v2\/product_tag?post=50761"},{"taxonomy":"weeds","embeddable":true,"href":"https:\/\/sneeboer.com\/fr\/wp-json\/wp\/v2\/weeds?post=50761"},{"taxonomy":"soil_types","embeddable":true,"href":"https:\/\/sneeboer.com\/fr\/wp-json\/wp\/v2\/soil_types?post=50761"}],"curies":[{"name":"wp","href":"https:\/\/api.w.org\/{rel}","templated":true}]}}