{"id":50754,"date":"2023-05-09T13:33:19","date_gmt":"2023-05-09T11:33:19","guid":{"rendered":"https:\/\/testsite.sneeboer.com\/tuingereedschap\/the-field-shef"},"modified":"2023-06-26T12:14:03","modified_gmt":"2023-06-26T10:14:03","slug":"the-field-shef","status":"publish","type":"product","link":"https:\/\/sneeboer.com\/fr\/outils-de-jardin-forges-a-la-main\/the-field-shef","title":{"rendered":"The Field Shef"},"content":{"rendered":"<p>Le Field Shef est une combinaison d&#8217;une b\u00eache et d&#8217;une fourche, parfaite pour creuser, fendre et couper. Cette fourche coupe \u00e9galement facilement les racines, ce qui ne fonctionne pas avec une fourche normale. Avec une poign\u00e9e en bois de fr\u00eane de 90 cm.<\/p>\n","protected":false},"excerpt":{"rendered":"<p>Le Field Shef est une combinaison d&#8217;une b\u00eache et d&#8217;une fourche, parfaite pour creuser, fendre et couper. Cette fourche coupe \u00e9galement facilement les racines, ce qui ne fonctionne pas avec une fourche normale. Avec une poign\u00e9e en bois de fr\u00eane de 90 cm.<\/p><\/p>\n","protected":false},"featured_media":4242,"comment_status":"closed","ping_status":"closed","template":"","meta":{"inline_featured_image":false,"product_video_url":"","product_360_url":""},"product_brand":[],"product_cat":[191,173],"product_tag":[333,304,315,489],"weeds":[],"soil_types":[],"class_list":{"0":"post-50754","1":"product","2":"type-product","3":"status-publish","4":"has-post-thumbnail","6":"product_cat-fourche","7":"product_cat-speciale","8":"product_tag-creuser","9":"product_tag-cultiver","10":"product_tag-drainage","11":"product_tag-recolte","12":"post","14":"first","15":"instock","16":"taxable","17":"shipping-taxable","18":"purchasable","19":"product-type-simple"},"exclude_global_add_ons":false,"addons":[{"name":"Gravure","type":"custom_text","position":0,"required":false,"title_format":"heading","default":"","description_enable":true,"description":"Entrez jusqu'\u00e0 50 caract\u00e8res.","placeholder_enable":false,"placeholder":"","display":"select","restrictions_type":"any_text","adjust_price":true,"price":"4.92","price_type":"quantity_based","restrictions":true,"min":"1","max":"50","options":[],"id":1684165753}],"_links":{"self":[{"href":"https:\/\/sneeboer.com\/fr\/wp-json\/wp\/v2\/product\/50754","targetHints":{"allow":["GET"]}}],"collection":[{"href":"https:\/\/sneeboer.com\/fr\/wp-json\/wp\/v2\/product"}],"about":[{"href":"https:\/\/sneeboer.com\/fr\/wp-json\/wp\/v2\/types\/product"}],"replies":[{"embeddable":true,"href":"https:\/\/sneeboer.com\/fr\/wp-json\/wp\/v2\/comments?post=50754"}],"wp:featuredmedia":[{"embeddable":true,"href":"https:\/\/sneeboer.com\/fr\/wp-json\/wp\/v2\/media\/4242"}],"wp:attachment":[{"href":"https:\/\/sneeboer.com\/fr\/wp-json\/wp\/v2\/media?parent=50754"}],"wp:term":[{"taxonomy":"product_brand","embeddable":true,"href":"https:\/\/sneeboer.com\/fr\/wp-json\/wp\/v2\/product_brand?post=50754"},{"taxonomy":"product_cat","embeddable":true,"href":"https:\/\/sneeboer.com\/fr\/wp-json\/wp\/v2\/product_cat?post=50754"},{"taxonomy":"product_tag","embeddable":true,"href":"https:\/\/sneeboer.com\/fr\/wp-json\/wp\/v2\/product_tag?post=50754"},{"taxonomy":"weeds","embeddable":true,"href":"https:\/\/sneeboer.com\/fr\/wp-json\/wp\/v2\/weeds?post=50754"},{"taxonomy":"soil_types","embeddable":true,"href":"https:\/\/sneeboer.com\/fr\/wp-json\/wp\/v2\/soil_types?post=50754"}],"curies":[{"name":"wp","href":"https:\/\/api.w.org\/{rel}","templated":true}]}}