{"id":50740,"date":"2023-05-09T13:32:22","date_gmt":"2023-05-09T11:32:22","guid":{"rendered":"https:\/\/testsite.sneeboer.com\/tuingereedschap\/terrarium-fork-with-patter"},"modified":"2024-12-11T15:54:03","modified_gmt":"2024-12-11T14:54:03","slug":"terrarium-fork-with-patter","status":"publish","type":"product","link":"https:\/\/sneeboer.com\/fr\/outils-de-jardin-forges-a-la-main\/terrarium-fork-with-patter","title":{"rendered":"Terrarium fork with patter"},"content":{"rendered":"<p>Ces outils sont indispensables pour le jardinage d&#8217;int\u00e9rieur. Avec une longueur totale de 44 cm, ces outils facilitent et rendent \u00e9l\u00e9gante la pr\u00e9paration et la plantation dans des bouteilles.<\/p>\n","protected":false},"excerpt":{"rendered":"<p style=\"text-align: left;\">Ces outils sont indispensables pour le jardinage d&#8217;int\u00e9rieur. Avec une longueur totale de 44 cm, ces outils facilitent et rendent \u00e9l\u00e9gante la pr\u00e9paration et la plantation dans des bouteilles. En particulier, le motif \u00e0 l&#8217;extr\u00e9mit\u00e9 aide \u00e0 compacter la terre et les autres mat\u00e9riaux dans la bouteille.<\/p>\n","protected":false},"featured_media":37724,"comment_status":"closed","ping_status":"closed","template":"","meta":{"inline_featured_image":false,"product_video_url":"","product_360_url":""},"product_brand":[],"product_cat":[191],"product_tag":[333],"weeds":[],"soil_types":[],"class_list":{"0":"post-50740","1":"product","2":"type-product","3":"status-publish","4":"has-post-thumbnail","6":"product_cat-fourche","7":"product_tag-creuser","8":"post","10":"first","11":"instock","12":"taxable","13":"shipping-taxable","14":"purchasable","15":"product-type-simple"},"exclude_global_add_ons":[],"addons":[],"_links":{"self":[{"href":"https:\/\/sneeboer.com\/fr\/wp-json\/wp\/v2\/product\/50740","targetHints":{"allow":["GET"]}}],"collection":[{"href":"https:\/\/sneeboer.com\/fr\/wp-json\/wp\/v2\/product"}],"about":[{"href":"https:\/\/sneeboer.com\/fr\/wp-json\/wp\/v2\/types\/product"}],"replies":[{"embeddable":true,"href":"https:\/\/sneeboer.com\/fr\/wp-json\/wp\/v2\/comments?post=50740"}],"wp:featuredmedia":[{"embeddable":true,"href":"https:\/\/sneeboer.com\/fr\/wp-json\/wp\/v2\/media\/37724"}],"wp:attachment":[{"href":"https:\/\/sneeboer.com\/fr\/wp-json\/wp\/v2\/media?parent=50740"}],"wp:term":[{"taxonomy":"product_brand","embeddable":true,"href":"https:\/\/sneeboer.com\/fr\/wp-json\/wp\/v2\/product_brand?post=50740"},{"taxonomy":"product_cat","embeddable":true,"href":"https:\/\/sneeboer.com\/fr\/wp-json\/wp\/v2\/product_cat?post=50740"},{"taxonomy":"product_tag","embeddable":true,"href":"https:\/\/sneeboer.com\/fr\/wp-json\/wp\/v2\/product_tag?post=50740"},{"taxonomy":"weeds","embeddable":true,"href":"https:\/\/sneeboer.com\/fr\/wp-json\/wp\/v2\/weeds?post=50740"},{"taxonomy":"soil_types","embeddable":true,"href":"https:\/\/sneeboer.com\/fr\/wp-json\/wp\/v2\/soil_types?post=50740"}],"curies":[{"name":"wp","href":"https:\/\/api.w.org\/{rel}","templated":true}]}}