{"id":50726,"date":"2023-05-09T13:31:21","date_gmt":"2023-05-09T11:31:21","guid":{"rendered":"https:\/\/testsite.sneeboer.com\/tuingereedschap\/fourche-a-main-3-dents-3"},"modified":"2023-06-26T12:14:21","modified_gmt":"2023-06-26T10:14:21","slug":"fourche-a-main-3-dents-3","status":"publish","type":"product","link":"https:\/\/sneeboer.com\/fr\/outils-de-jardin-forges-a-la-main\/fourche-a-main-3-dents-3","title":{"rendered":"Fourche \u00e0 main 3 dents"},"content":{"rendered":"<p>This Sneeboer Weeding Fork(5120) has been forged by hand since 1913. Anyone who has ever held a Sneeboer in his hands never wants anything else.<\/p>\n","protected":false},"excerpt":{"rendered":"<p>Cette fourche vous donne la possibilit\u00e9 de p\u00e9n\u00e9trer le sol sans probl\u00e8mes et vous aide \u00e0 d\u00e9sherber les mauvaises herbes et autres plantes non d\u00e9sir\u00e9es. Les trois dents sont\u00a0assez fortes pour les diff\u00e9rents types de sol.\u00a0La fourche a un manche en bois de cerisier et une longueur de 22 cm. \u00a0<\/p>\n<p>\u00a0<\/p>\n","protected":false},"featured_media":3999,"comment_status":"closed","ping_status":"closed","template":"","meta":{"inline_featured_image":false,"product_video_url":"","product_360_url":""},"product_brand":[],"product_cat":[191,102],"product_tag":[291,294],"weeds":[],"soil_types":[],"class_list":{"0":"post-50726","1":"product","2":"type-product","3":"status-publish","4":"has-post-thumbnail","6":"product_cat-fourche","7":"product_cat-outils-a-main","8":"product_tag-graven","9":"product_tag-scheppen","10":"post","12":"first","13":"instock","14":"taxable","15":"shipping-taxable","16":"purchasable","17":"product-type-simple"},"exclude_global_add_ons":false,"addons":[{"name":"Gravure","type":"custom_text","position":0,"required":false,"title_format":"heading","default":"","description_enable":true,"description":"Entrez jusqu'\u00e0 50 caract\u00e8res.","placeholder_enable":false,"placeholder":"","display":"select","restrictions_type":"any_text","adjust_price":true,"price":"4.92","price_type":"quantity_based","restrictions":true,"min":"1","max":"50","options":[],"id":1684165753}],"_links":{"self":[{"href":"https:\/\/sneeboer.com\/fr\/wp-json\/wp\/v2\/product\/50726","targetHints":{"allow":["GET"]}}],"collection":[{"href":"https:\/\/sneeboer.com\/fr\/wp-json\/wp\/v2\/product"}],"about":[{"href":"https:\/\/sneeboer.com\/fr\/wp-json\/wp\/v2\/types\/product"}],"replies":[{"embeddable":true,"href":"https:\/\/sneeboer.com\/fr\/wp-json\/wp\/v2\/comments?post=50726"}],"wp:featuredmedia":[{"embeddable":true,"href":"https:\/\/sneeboer.com\/fr\/wp-json\/wp\/v2\/media\/3999"}],"wp:attachment":[{"href":"https:\/\/sneeboer.com\/fr\/wp-json\/wp\/v2\/media?parent=50726"}],"wp:term":[{"taxonomy":"product_brand","embeddable":true,"href":"https:\/\/sneeboer.com\/fr\/wp-json\/wp\/v2\/product_brand?post=50726"},{"taxonomy":"product_cat","embeddable":true,"href":"https:\/\/sneeboer.com\/fr\/wp-json\/wp\/v2\/product_cat?post=50726"},{"taxonomy":"product_tag","embeddable":true,"href":"https:\/\/sneeboer.com\/fr\/wp-json\/wp\/v2\/product_tag?post=50726"},{"taxonomy":"weeds","embeddable":true,"href":"https:\/\/sneeboer.com\/fr\/wp-json\/wp\/v2\/weeds?post=50726"},{"taxonomy":"soil_types","embeddable":true,"href":"https:\/\/sneeboer.com\/fr\/wp-json\/wp\/v2\/soil_types?post=50726"}],"curies":[{"name":"wp","href":"https:\/\/api.w.org\/{rel}","templated":true}]}}