{"id":50712,"date":"2023-05-09T13:30:16","date_gmt":"2023-05-09T11:30:16","guid":{"rendered":"https:\/\/testsite.sneeboer.com\/tuingereedschap\/pelle-arrondie-hollandaise-tout-acier"},"modified":"2023-06-26T12:14:29","modified_gmt":"2023-06-26T10:14:29","slug":"pelle-arrondie-hollandaise-tout-acier","status":"publish","type":"product","link":"https:\/\/sneeboer.com\/fr\/outils-de-jardin-forges-a-la-main\/pelle-arrondie-hollandaise-tout-acier","title":{"rendered":"Pelle arrondie Hollandaise tout acier"},"content":{"rendered":"","protected":false},"excerpt":{"rendered":"<p>Cette pelle arrondie -tout en acier- est fabriqu\u00e9e parfaitement pour pelleter de divers\u00a0mat\u00e9riaux comme le charbon, le sol, le sable ou le gravier. Comme \u00e7a c&#8217;est un outil tres connu est utilis\u00e9 \u00e0 grande \u00e9chelle dans l&#8217;agriculture, la construction et la horticulture. La pelle a une lame d&#8217;une dimension de 20 cm et un manche en inox de 90 cm de long.<\/p>\n","protected":false},"featured_media":3927,"comment_status":"closed","ping_status":"closed","template":"","meta":{"inline_featured_image":false,"product_video_url":"","product_360_url":""},"product_brand":[],"product_cat":[150],"product_tag":[333,533,509],"weeds":[],"soil_types":[],"class_list":{"0":"post-50712","1":"product","2":"type-product","3":"status-publish","4":"has-post-thumbnail","6":"product_cat-pelle","7":"product_tag-creuser","8":"product_tag-mauvaises-herbes","9":"product_tag-scoops","10":"post","12":"first","13":"instock","14":"taxable","15":"shipping-taxable","16":"purchasable","17":"product-type-simple"},"exclude_global_add_ons":[],"addons":[],"_links":{"self":[{"href":"https:\/\/sneeboer.com\/fr\/wp-json\/wp\/v2\/product\/50712","targetHints":{"allow":["GET"]}}],"collection":[{"href":"https:\/\/sneeboer.com\/fr\/wp-json\/wp\/v2\/product"}],"about":[{"href":"https:\/\/sneeboer.com\/fr\/wp-json\/wp\/v2\/types\/product"}],"replies":[{"embeddable":true,"href":"https:\/\/sneeboer.com\/fr\/wp-json\/wp\/v2\/comments?post=50712"}],"wp:featuredmedia":[{"embeddable":true,"href":"https:\/\/sneeboer.com\/fr\/wp-json\/wp\/v2\/media\/3927"}],"wp:attachment":[{"href":"https:\/\/sneeboer.com\/fr\/wp-json\/wp\/v2\/media?parent=50712"}],"wp:term":[{"taxonomy":"product_brand","embeddable":true,"href":"https:\/\/sneeboer.com\/fr\/wp-json\/wp\/v2\/product_brand?post=50712"},{"taxonomy":"product_cat","embeddable":true,"href":"https:\/\/sneeboer.com\/fr\/wp-json\/wp\/v2\/product_cat?post=50712"},{"taxonomy":"product_tag","embeddable":true,"href":"https:\/\/sneeboer.com\/fr\/wp-json\/wp\/v2\/product_tag?post=50712"},{"taxonomy":"weeds","embeddable":true,"href":"https:\/\/sneeboer.com\/fr\/wp-json\/wp\/v2\/weeds?post=50712"},{"taxonomy":"soil_types","embeddable":true,"href":"https:\/\/sneeboer.com\/fr\/wp-json\/wp\/v2\/soil_types?post=50712"}],"curies":[{"name":"wp","href":"https:\/\/api.w.org\/{rel}","templated":true}]}}