{"id":50698,"date":"2023-05-09T13:29:17","date_gmt":"2023-05-09T11:29:17","guid":{"rendered":"https:\/\/testsite.sneeboer.com\/tuingereedschap\/beche-terrarium"},"modified":"2024-04-30T09:07:54","modified_gmt":"2024-04-30T07:07:54","slug":"beche-terrarium","status":"publish","type":"product","link":"https:\/\/sneeboer.com\/fr\/outils-de-jardin-forges-a-la-main\/beche-terrarium","title":{"rendered":"B\u00eache Terrarium"},"content":{"rendered":"","protected":false},"excerpt":{"rendered":"<p>En travaillant avec\u00a0\u00ab<em>Het Groenlab\u00bb<\/em>\u00a0nous avons d\u00e9velopp\u00e9 les outils\u00a0<em>Terrarium<\/em> pour faire du jardinage dans une bouteille. Ces outils sont tr\u00e8s pratiques pour faire du jardinage \u00e0 l&#8217;int\u00e9rieur. Ces outils ont une longueur de 44 cm et r\u00e9alisent la possibilit\u00e9 de cultiver des plantes et fleurs dans une bouteille sur une mani\u00e8re facile et \u00e9l\u00e9gante. Voir les photos pour une bonne impression de ce que vous pourriez r\u00e9aliser avec ces outils de <em>Terrarium<\/em>.<\/p>\n","protected":false},"featured_media":37700,"comment_status":"closed","ping_status":"closed","template":"","meta":{"inline_featured_image":false,"product_video_url":"","product_360_url":""},"product_brand":[],"product_cat":[173],"product_tag":[501,533,473],"weeds":[],"soil_types":[],"class_list":{"0":"post-50698","1":"product","2":"type-product","3":"status-publish","4":"has-post-thumbnail","6":"product_cat-speciale","7":"product_tag-empotage","8":"product_tag-mauvaises-herbes","9":"product_tag-sillonage","10":"post","12":"first","13":"instock","14":"taxable","15":"shipping-taxable","16":"purchasable","17":"product-type-simple"},"exclude_global_add_ons":false,"addons":[{"name":"Gravure","type":"custom_text","position":0,"required":false,"title_format":"heading","default":"","description_enable":true,"description":"Entrez jusqu'\u00e0 50 caract\u00e8res.","placeholder_enable":false,"placeholder":"","display":"select","restrictions_type":"any_text","adjust_price":true,"price":"4.92","price_type":"quantity_based","restrictions":true,"min":"1","max":"50","options":[],"id":1684165753}],"_links":{"self":[{"href":"https:\/\/sneeboer.com\/fr\/wp-json\/wp\/v2\/product\/50698","targetHints":{"allow":["GET"]}}],"collection":[{"href":"https:\/\/sneeboer.com\/fr\/wp-json\/wp\/v2\/product"}],"about":[{"href":"https:\/\/sneeboer.com\/fr\/wp-json\/wp\/v2\/types\/product"}],"replies":[{"embeddable":true,"href":"https:\/\/sneeboer.com\/fr\/wp-json\/wp\/v2\/comments?post=50698"}],"wp:featuredmedia":[{"embeddable":true,"href":"https:\/\/sneeboer.com\/fr\/wp-json\/wp\/v2\/media\/37700"}],"wp:attachment":[{"href":"https:\/\/sneeboer.com\/fr\/wp-json\/wp\/v2\/media?parent=50698"}],"wp:term":[{"taxonomy":"product_brand","embeddable":true,"href":"https:\/\/sneeboer.com\/fr\/wp-json\/wp\/v2\/product_brand?post=50698"},{"taxonomy":"product_cat","embeddable":true,"href":"https:\/\/sneeboer.com\/fr\/wp-json\/wp\/v2\/product_cat?post=50698"},{"taxonomy":"product_tag","embeddable":true,"href":"https:\/\/sneeboer.com\/fr\/wp-json\/wp\/v2\/product_tag?post=50698"},{"taxonomy":"weeds","embeddable":true,"href":"https:\/\/sneeboer.com\/fr\/wp-json\/wp\/v2\/weeds?post=50698"},{"taxonomy":"soil_types","embeddable":true,"href":"https:\/\/sneeboer.com\/fr\/wp-json\/wp\/v2\/soil_types?post=50698"}],"curies":[{"name":"wp","href":"https:\/\/api.w.org\/{rel}","templated":true}]}}