{"id":50691,"date":"2023-05-09T13:28:45","date_gmt":"2023-05-09T11:28:45","guid":{"rendered":"https:\/\/testsite.sneeboer.com\/tuingereedschap\/houe-a-main-royal-2"},"modified":"2026-03-24T08:40:02","modified_gmt":"2026-03-24T07:40:02","slug":"houe-a-main-royal-2","status":"publish","type":"product","link":"https:\/\/sneeboer.com\/fr\/outils-de-jardin-forges-a-la-main\/houe-a-main-royal-2","title":{"rendered":"Houe \u00e0 main Royal"},"content":{"rendered":"","protected":false},"excerpt":{"rendered":"<p>La houe \u00e0 main Royal est un outil multifonctionnel et peut \u00eatre utilis\u00e9 dans un potager sur\u00e9lev\u00e9, un potager de balcon et les pots de fleurs. C&#8217;est un outil \u00e0 de multiples usages. La houe \u00e0 main Royal est avec 170 grammes un outil tres l\u00e9ger et peut \u00eatre utilis\u00e9 dans le jardin sans aucun effort.<\/p><\/p>\n","protected":false},"featured_media":61943,"comment_status":"closed","ping_status":"closed","template":"","meta":{"inline_featured_image":false,"product_video_url":"","product_360_url":""},"product_brand":[],"product_cat":[200,102,218],"product_tag":[533,473],"weeds":[],"soil_types":[],"class_list":{"0":"post-50691","1":"product","2":"type-product","3":"status-publish","4":"has-post-thumbnail","6":"product_cat-arracher","7":"product_cat-outils-a-main","8":"product_cat-outils-essentiels","9":"product_tag-mauvaises-herbes","10":"product_tag-sillonage","11":"post","13":"first","14":"instock","15":"taxable","16":"shipping-taxable","17":"purchasable","18":"product-type-simple"},"exclude_global_add_ons":false,"addons":[{"name":"Gravure","type":"custom_text","position":0,"required":false,"title_format":"heading","default":"","description_enable":true,"description":"Entrez jusqu'\u00e0 50 caract\u00e8res.","placeholder_enable":false,"placeholder":"","display":"select","restrictions_type":"any_text","adjust_price":true,"price":"4.92","price_type":"quantity_based","restrictions":true,"min":"1","max":"50","options":[],"id":1684165753}],"_links":{"self":[{"href":"https:\/\/sneeboer.com\/fr\/wp-json\/wp\/v2\/product\/50691","targetHints":{"allow":["GET"]}}],"collection":[{"href":"https:\/\/sneeboer.com\/fr\/wp-json\/wp\/v2\/product"}],"about":[{"href":"https:\/\/sneeboer.com\/fr\/wp-json\/wp\/v2\/types\/product"}],"replies":[{"embeddable":true,"href":"https:\/\/sneeboer.com\/fr\/wp-json\/wp\/v2\/comments?post=50691"}],"wp:featuredmedia":[{"embeddable":true,"href":"https:\/\/sneeboer.com\/fr\/wp-json\/wp\/v2\/media\/61943"}],"wp:attachment":[{"href":"https:\/\/sneeboer.com\/fr\/wp-json\/wp\/v2\/media?parent=50691"}],"wp:term":[{"taxonomy":"product_brand","embeddable":true,"href":"https:\/\/sneeboer.com\/fr\/wp-json\/wp\/v2\/product_brand?post=50691"},{"taxonomy":"product_cat","embeddable":true,"href":"https:\/\/sneeboer.com\/fr\/wp-json\/wp\/v2\/product_cat?post=50691"},{"taxonomy":"product_tag","embeddable":true,"href":"https:\/\/sneeboer.com\/fr\/wp-json\/wp\/v2\/product_tag?post=50691"},{"taxonomy":"weeds","embeddable":true,"href":"https:\/\/sneeboer.com\/fr\/wp-json\/wp\/v2\/weeds?post=50691"},{"taxonomy":"soil_types","embeddable":true,"href":"https:\/\/sneeboer.com\/fr\/wp-json\/wp\/v2\/soil_types?post=50691"}],"curies":[{"name":"wp","href":"https:\/\/api.w.org\/{rel}","templated":true}]}}