{"id":50684,"date":"2023-05-09T13:28:18","date_gmt":"2023-05-09T11:28:18","guid":{"rendered":"https:\/\/testsite.sneeboer.com\/tuingereedschap\/houe-a-main-royal"},"modified":"2025-10-18T17:05:37","modified_gmt":"2025-10-18T15:05:37","slug":"houe-a-main-royal","status":"publish","type":"product","link":"https:\/\/sneeboer.com\/fr\/outils-de-jardin-forges-a-la-main\/houe-a-main-royal","title":{"rendered":"Houe \u00e0 main Royal"},"content":{"rendered":"<p>Article No: 8252 -140249<\/p>\n","protected":false},"excerpt":{"rendered":"<p><a title=\"Christmas presents\" href=\"https:\/\/sneeboer.promo\/en\/gift-set\/\">Christmas presents<\/a><\/p>\n<p>La houe \u00e0 main Royal est un outil multifonctionnel et peut \u00eatre utilis\u00e9 dans un potager sur\u00e9lev\u00e9, un potager de balcon et les pots de fleurs. C&#8217;est un outil \u00e0 de multiples usages. La houe \u00e0 main Royal est avec 170 grammes un outil tres l\u00e9ger et peut \u00eatre utilis\u00e9 dans le jardin sans aucun effort.<\/p><\/p>\n","protected":false},"featured_media":3666,"comment_status":"closed","ping_status":"closed","template":"","meta":{"inline_featured_image":false,"product_video_url":"","product_360_url":""},"product_brand":[],"product_cat":[200,102],"product_tag":[533],"weeds":[],"soil_types":[],"class_list":{"0":"post-50684","1":"product","2":"type-product","3":"status-publish","4":"has-post-thumbnail","6":"product_cat-arracher","7":"product_cat-outils-a-main","8":"product_tag-mauvaises-herbes","9":"post","11":"first","12":"instock","13":"taxable","14":"shipping-taxable","15":"purchasable","16":"product-type-simple"},"exclude_global_add_ons":false,"addons":[{"name":"Gravure","type":"custom_text","position":0,"required":false,"title_format":"heading","default":"","description_enable":true,"description":"Entrez jusqu'\u00e0 50 caract\u00e8res.","placeholder_enable":false,"placeholder":"","display":"select","restrictions_type":"any_text","adjust_price":true,"price":"4.92","price_type":"quantity_based","restrictions":true,"min":"1","max":"50","options":[],"id":1684165753}],"_links":{"self":[{"href":"https:\/\/sneeboer.com\/fr\/wp-json\/wp\/v2\/product\/50684","targetHints":{"allow":["GET"]}}],"collection":[{"href":"https:\/\/sneeboer.com\/fr\/wp-json\/wp\/v2\/product"}],"about":[{"href":"https:\/\/sneeboer.com\/fr\/wp-json\/wp\/v2\/types\/product"}],"replies":[{"embeddable":true,"href":"https:\/\/sneeboer.com\/fr\/wp-json\/wp\/v2\/comments?post=50684"}],"wp:featuredmedia":[{"embeddable":true,"href":"https:\/\/sneeboer.com\/fr\/wp-json\/wp\/v2\/media\/3666"}],"wp:attachment":[{"href":"https:\/\/sneeboer.com\/fr\/wp-json\/wp\/v2\/media?parent=50684"}],"wp:term":[{"taxonomy":"product_brand","embeddable":true,"href":"https:\/\/sneeboer.com\/fr\/wp-json\/wp\/v2\/product_brand?post=50684"},{"taxonomy":"product_cat","embeddable":true,"href":"https:\/\/sneeboer.com\/fr\/wp-json\/wp\/v2\/product_cat?post=50684"},{"taxonomy":"product_tag","embeddable":true,"href":"https:\/\/sneeboer.com\/fr\/wp-json\/wp\/v2\/product_tag?post=50684"},{"taxonomy":"weeds","embeddable":true,"href":"https:\/\/sneeboer.com\/fr\/wp-json\/wp\/v2\/weeds?post=50684"},{"taxonomy":"soil_types","embeddable":true,"href":"https:\/\/sneeboer.com\/fr\/wp-json\/wp\/v2\/soil_types?post=50684"}],"curies":[{"name":"wp","href":"https:\/\/api.w.org\/{rel}","templated":true}]}}