{"id":50677,"date":"2023-05-09T13:27:47","date_gmt":"2023-05-09T11:27:47","guid":{"rendered":"https:\/\/testsite.sneeboer.com\/tuingereedschap\/fourche-a-4-dents-pour-enfant"},"modified":"2025-12-14T21:38:14","modified_gmt":"2025-12-14T20:38:14","slug":"fourche-a-4-dents-pour-enfant","status":"publish","type":"product","link":"https:\/\/sneeboer.com\/fr\/outils-de-jardin-forges-a-la-main\/fourche-a-4-dents-pour-enfant","title":{"rendered":"Fourche \u00e0 4 dents pour enfant"},"content":{"rendered":"","protected":false},"excerpt":{"rendered":"<p>Cette fourche est adapt\u00e9e aux enfants. Cet outil de haute qualit\u00e9 est pour les enfants \u00e0 partir de six ans qui ont d\u00e9couvert le jardinage. Son format compact et l\u00e9ger, combin\u00e9 avec une utilit\u00e9 pratique donne les enfants un des meilleurs outils de leur vie.<\/p>\n","protected":false},"featured_media":3594,"comment_status":"closed","ping_status":"closed","template":"","meta":{"inline_featured_image":false,"product_video_url":"","product_360_url":""},"product_brand":[],"product_cat":[191,173],"product_tag":[333,304,483,533,489],"weeds":[],"soil_types":[],"class_list":{"0":"post-50677","1":"product","2":"type-product","3":"status-publish","4":"has-post-thumbnail","6":"product_cat-fourche","7":"product_cat-speciale","8":"product_tag-creuser","9":"product_tag-cultiver","10":"product_tag-entretien","11":"product_tag-mauvaises-herbes","12":"product_tag-recolte","13":"post","15":"first","16":"instock","17":"taxable","18":"shipping-taxable","19":"purchasable","20":"product-type-simple"},"exclude_global_add_ons":false,"addons":[{"name":"Gravure","type":"custom_text","position":0,"required":false,"title_format":"heading","default":"","description_enable":true,"description":"Entrez jusqu'\u00e0 50 caract\u00e8res.","placeholder_enable":false,"placeholder":"","display":"select","restrictions_type":"any_text","adjust_price":true,"price":"4.92","price_type":"quantity_based","restrictions":true,"min":"1","max":"50","options":[],"id":1684165753}],"_links":{"self":[{"href":"https:\/\/sneeboer.com\/fr\/wp-json\/wp\/v2\/product\/50677","targetHints":{"allow":["GET"]}}],"collection":[{"href":"https:\/\/sneeboer.com\/fr\/wp-json\/wp\/v2\/product"}],"about":[{"href":"https:\/\/sneeboer.com\/fr\/wp-json\/wp\/v2\/types\/product"}],"replies":[{"embeddable":true,"href":"https:\/\/sneeboer.com\/fr\/wp-json\/wp\/v2\/comments?post=50677"}],"wp:featuredmedia":[{"embeddable":true,"href":"https:\/\/sneeboer.com\/fr\/wp-json\/wp\/v2\/media\/3594"}],"wp:attachment":[{"href":"https:\/\/sneeboer.com\/fr\/wp-json\/wp\/v2\/media?parent=50677"}],"wp:term":[{"taxonomy":"product_brand","embeddable":true,"href":"https:\/\/sneeboer.com\/fr\/wp-json\/wp\/v2\/product_brand?post=50677"},{"taxonomy":"product_cat","embeddable":true,"href":"https:\/\/sneeboer.com\/fr\/wp-json\/wp\/v2\/product_cat?post=50677"},{"taxonomy":"product_tag","embeddable":true,"href":"https:\/\/sneeboer.com\/fr\/wp-json\/wp\/v2\/product_tag?post=50677"},{"taxonomy":"weeds","embeddable":true,"href":"https:\/\/sneeboer.com\/fr\/wp-json\/wp\/v2\/weeds?post=50677"},{"taxonomy":"soil_types","embeddable":true,"href":"https:\/\/sneeboer.com\/fr\/wp-json\/wp\/v2\/soil_types?post=50677"}],"curies":[{"name":"wp","href":"https:\/\/api.w.org\/{rel}","templated":true}]}}