{"id":50557,"date":"2023-05-09T13:14:25","date_gmt":"2023-05-09T11:14:25","guid":{"rendered":"https:\/\/testsite.sneeboer.com\/tuingereedschap\/vintage-fourche-a-becher-4-dents-limited-edition"},"modified":"2025-01-28T13:45:16","modified_gmt":"2025-01-28T12:45:16","slug":"vintage-fourche-a-becher-4-dents-limited-edition","status":"publish","type":"product","link":"https:\/\/sneeboer.com\/fr\/outils-de-jardin-forges-a-la-main\/vintage-fourche-a-becher-4-dents-limited-edition","title":{"rendered":"Vintage  Fourche \u00e0 b\u00eacher 4 dents"},"content":{"rendered":"","protected":false},"excerpt":{"rendered":"<p>Vintage Fork<br \/>\nThe handles are made of lightly sanded\/oiled wood: vintage.<\/p>\n<p>Cette fourche vous donne la possibilit\u00e9 de b\u00eacher, a\u00e9rer et arracher sans endommager les racines. On b\u00eache pour am\u00e9liorer la structure du sol, int\u00e9grer le fumier dans le sol et lutter contre les mauvaises herbes.\u00a0Vous pourrez le faire facilement en utilisant cet outil.<\/p>\n","protected":false},"featured_media":2842,"comment_status":"closed","ping_status":"closed","template":"","meta":{"inline_featured_image":false,"product_video_url":"","product_360_url":""},"product_brand":[],"product_cat":[191,443],"product_tag":[],"weeds":[],"soil_types":[],"class_list":{"0":"post-50557","1":"product","2":"type-product","3":"status-publish","4":"has-post-thumbnail","6":"product_cat-fourche","7":"product_cat-vintage-tools-limited-edition-fr","8":"post","10":"first","11":"outofstock","12":"taxable","13":"shipping-taxable","14":"purchasable","15":"product-type-simple"},"exclude_global_add_ons":[],"addons":[],"_links":{"self":[{"href":"https:\/\/sneeboer.com\/fr\/wp-json\/wp\/v2\/product\/50557","targetHints":{"allow":["GET"]}}],"collection":[{"href":"https:\/\/sneeboer.com\/fr\/wp-json\/wp\/v2\/product"}],"about":[{"href":"https:\/\/sneeboer.com\/fr\/wp-json\/wp\/v2\/types\/product"}],"replies":[{"embeddable":true,"href":"https:\/\/sneeboer.com\/fr\/wp-json\/wp\/v2\/comments?post=50557"}],"wp:featuredmedia":[{"embeddable":true,"href":"https:\/\/sneeboer.com\/fr\/wp-json\/wp\/v2\/media\/2842"}],"wp:attachment":[{"href":"https:\/\/sneeboer.com\/fr\/wp-json\/wp\/v2\/media?parent=50557"}],"wp:term":[{"taxonomy":"product_brand","embeddable":true,"href":"https:\/\/sneeboer.com\/fr\/wp-json\/wp\/v2\/product_brand?post=50557"},{"taxonomy":"product_cat","embeddable":true,"href":"https:\/\/sneeboer.com\/fr\/wp-json\/wp\/v2\/product_cat?post=50557"},{"taxonomy":"product_tag","embeddable":true,"href":"https:\/\/sneeboer.com\/fr\/wp-json\/wp\/v2\/product_tag?post=50557"},{"taxonomy":"weeds","embeddable":true,"href":"https:\/\/sneeboer.com\/fr\/wp-json\/wp\/v2\/weeds?post=50557"},{"taxonomy":"soil_types","embeddable":true,"href":"https:\/\/sneeboer.com\/fr\/wp-json\/wp\/v2\/soil_types?post=50557"}],"curies":[{"name":"wp","href":"https:\/\/api.w.org\/{rel}","templated":true}]}}