{"id":50546,"date":"2023-05-09T13:13:23","date_gmt":"2023-05-09T11:13:23","guid":{"rendered":"https:\/\/testsite.sneeboer.com\/tuingereedschap\/la-colle-locktite-double-bubble"},"modified":"2023-08-31T17:12:59","modified_gmt":"2023-08-31T15:12:59","slug":"la-colle-locktite-double-bubble","status":"publish","type":"product","link":"https:\/\/sneeboer.com\/fr\/outils-de-jardin-forges-a-la-main\/la-colle-locktite-double-bubble","title":{"rendered":"La Colle Locktite Double Bubble"},"content":{"rendered":"<p>Saviez-vous que nous disposons d&#8217;une cha\u00eene<a href=\"https:\/\/www.youtube.com\/@sneeboer3875\/videos\"> YouTube<\/a> bien fournie qui pr\u00e9sente \u00e9galement des vid\u00e9os montrant comment remplacer une poign\u00e9e.<\/p>\n","protected":false},"excerpt":{"rendered":"<p><strong>Epoxy lijm<\/strong><br \/>\nDurcit en in 3 \u00e0 5 minutes \u00e0 20 \u00b0C<br \/>\nV\u00e9rifier que les surfaces \u00e0 coller sont propes et s\u00e8ches.<\/p>\n","protected":false},"featured_media":2195,"comment_status":"closed","ping_status":"closed","template":"","meta":{"inline_featured_image":false,"product_video_url":"","product_360_url":""},"product_brand":[],"product_cat":[282],"product_tag":[],"weeds":[],"soil_types":[],"class_list":{"0":"post-50546","1":"product","2":"type-product","3":"status-publish","4":"has-post-thumbnail","6":"product_cat-entretien","7":"post","9":"first","10":"instock","11":"taxable","12":"shipping-taxable","13":"purchasable","14":"product-type-simple"},"exclude_global_add_ons":false,"addons":[{"name":"Gravure","type":"custom_text","position":0,"required":false,"title_format":"heading","default":"","description_enable":true,"description":"Entrez jusqu'\u00e0 50 caract\u00e8res.","placeholder_enable":false,"placeholder":"","display":"select","restrictions_type":"any_text","adjust_price":true,"price":"4.92","price_type":"quantity_based","restrictions":true,"min":"1","max":"50","options":[],"id":1684165753}],"_links":{"self":[{"href":"https:\/\/sneeboer.com\/fr\/wp-json\/wp\/v2\/product\/50546","targetHints":{"allow":["GET"]}}],"collection":[{"href":"https:\/\/sneeboer.com\/fr\/wp-json\/wp\/v2\/product"}],"about":[{"href":"https:\/\/sneeboer.com\/fr\/wp-json\/wp\/v2\/types\/product"}],"replies":[{"embeddable":true,"href":"https:\/\/sneeboer.com\/fr\/wp-json\/wp\/v2\/comments?post=50546"}],"wp:featuredmedia":[{"embeddable":true,"href":"https:\/\/sneeboer.com\/fr\/wp-json\/wp\/v2\/media\/2195"}],"wp:attachment":[{"href":"https:\/\/sneeboer.com\/fr\/wp-json\/wp\/v2\/media?parent=50546"}],"wp:term":[{"taxonomy":"product_brand","embeddable":true,"href":"https:\/\/sneeboer.com\/fr\/wp-json\/wp\/v2\/product_brand?post=50546"},{"taxonomy":"product_cat","embeddable":true,"href":"https:\/\/sneeboer.com\/fr\/wp-json\/wp\/v2\/product_cat?post=50546"},{"taxonomy":"product_tag","embeddable":true,"href":"https:\/\/sneeboer.com\/fr\/wp-json\/wp\/v2\/product_tag?post=50546"},{"taxonomy":"weeds","embeddable":true,"href":"https:\/\/sneeboer.com\/fr\/wp-json\/wp\/v2\/weeds?post=50546"},{"taxonomy":"soil_types","embeddable":true,"href":"https:\/\/sneeboer.com\/fr\/wp-json\/wp\/v2\/soil_types?post=50546"}],"curies":[{"name":"wp","href":"https:\/\/api.w.org\/{rel}","templated":true}]}}