{"id":50539,"date":"2023-05-09T13:12:52","date_gmt":"2023-05-09T11:12:52","guid":{"rendered":"https:\/\/testsite.sneeboer.com\/tuingereedschap\/vintage-pelle-beche-avec-repose-pied-limited-edition-2"},"modified":"2023-10-27T09:33:35","modified_gmt":"2023-10-27T07:33:35","slug":"vintage-pelle-beche-avec-repose-pied-limited-edition-2","status":"publish","type":"product","link":"https:\/\/sneeboer.com\/fr\/outils-de-jardin-forges-a-la-main\/vintage-pelle-beche-avec-repose-pied-limited-edition-2","title":{"rendered":"Vintage Pelle b\u00eache avec repose-pied"},"content":{"rendered":"","protected":false},"excerpt":{"rendered":"<p>The handles are made of lightly sanded\/oiled wood: vintage.<\/p>\n<div class=\"hidden-xs hidden-sm\">\n<div class=\"product-configure\">\n<div class=\"product-configure-custom\">\n<div class=\"product-configure-custom-option\">\n<div class=\"product-configure-clear\">Cette pelle b\u00eache et plus petite et plus l\u00e9g\u00e8re que l&#8217;originale. Elle vous aide \u00e0 b\u00eacher votre potager, jardin ou parterre de fleurs. Cette pelle b\u00eache a un manche de 90 cm de long et une lame tr\u00e8s tranchante en inox. Avec le repose-pied vous pourriez donner plus de force et prot\u00e9gez-vous vos chaussures.<\/div>\n<\/div>\n<\/div>\n<\/div>\n<\/div>\n","protected":false},"featured_media":2698,"comment_status":"closed","ping_status":"closed","template":"","meta":{"inline_featured_image":false,"product_video_url":"","product_360_url":""},"product_brand":[],"product_cat":[155,443],"product_tag":[492,509,525],"weeds":[],"soil_types":[],"class_list":{"0":"post-50539","1":"product","2":"type-product","3":"status-publish","4":"has-post-thumbnail","6":"product_cat-beche","7":"product_cat-vintage-tools-limited-edition-fr","8":"product_tag-plantation-fr","9":"product_tag-scoops","10":"product_tag-transplantation","11":"post","13":"first","14":"outofstock","15":"taxable","16":"shipping-taxable","17":"purchasable","18":"product-type-simple"},"exclude_global_add_ons":[],"addons":[],"_links":{"self":[{"href":"https:\/\/sneeboer.com\/fr\/wp-json\/wp\/v2\/product\/50539","targetHints":{"allow":["GET"]}}],"collection":[{"href":"https:\/\/sneeboer.com\/fr\/wp-json\/wp\/v2\/product"}],"about":[{"href":"https:\/\/sneeboer.com\/fr\/wp-json\/wp\/v2\/types\/product"}],"replies":[{"embeddable":true,"href":"https:\/\/sneeboer.com\/fr\/wp-json\/wp\/v2\/comments?post=50539"}],"wp:featuredmedia":[{"embeddable":true,"href":"https:\/\/sneeboer.com\/fr\/wp-json\/wp\/v2\/media\/2698"}],"wp:attachment":[{"href":"https:\/\/sneeboer.com\/fr\/wp-json\/wp\/v2\/media?parent=50539"}],"wp:term":[{"taxonomy":"product_brand","embeddable":true,"href":"https:\/\/sneeboer.com\/fr\/wp-json\/wp\/v2\/product_brand?post=50539"},{"taxonomy":"product_cat","embeddable":true,"href":"https:\/\/sneeboer.com\/fr\/wp-json\/wp\/v2\/product_cat?post=50539"},{"taxonomy":"product_tag","embeddable":true,"href":"https:\/\/sneeboer.com\/fr\/wp-json\/wp\/v2\/product_tag?post=50539"},{"taxonomy":"weeds","embeddable":true,"href":"https:\/\/sneeboer.com\/fr\/wp-json\/wp\/v2\/weeds?post=50539"},{"taxonomy":"soil_types","embeddable":true,"href":"https:\/\/sneeboer.com\/fr\/wp-json\/wp\/v2\/soil_types?post=50539"}],"curies":[{"name":"wp","href":"https:\/\/api.w.org\/{rel}","templated":true}]}}