{"id":50532,"date":"2023-05-09T13:12:20","date_gmt":"2023-05-09T11:12:20","guid":{"rendered":"https:\/\/testsite.sneeboer.com\/tuingereedschap\/vintage-pelle-beche-pointue-limited-edition"},"modified":"2023-10-27T09:31:34","modified_gmt":"2023-10-27T07:31:34","slug":"vintage-pelle-beche-pointue-limited-edition","status":"publish","type":"product","link":"https:\/\/sneeboer.com\/fr\/outils-de-jardin-forges-a-la-main\/vintage-pelle-beche-pointue-limited-edition","title":{"rendered":"Vintage Pelle b\u00eache pointue"},"content":{"rendered":"<p>4001-310786<\/p>\n","protected":false},"excerpt":{"rendered":"<p>The handles are made of lightly sanded\/oiled wood: vintage.<\/p>\n<div class=\"hidden-xs hidden-sm\">\n<div class=\"product-configure\">\n<div class=\"product-configure-custom\">\n<div class=\"product-configure-custom-option\">\n<div class=\"product-configure-clear\">Cette pelle b\u00eache pointue est efficace pour la p\u00e9n\u00e9tration aux sols durs. Elle est utile aussi quand vous voulez travailler avec pr\u00e9cision dans les parties d\u00e9bordantes de votre jardin. Cet outil est \u00e9quip\u00e9 avec un plus long manche, comme nos autres grands outils, pour \u00e9viter du mal au dos. A cause de son long manche, vous pourriez travailler plus longtemps dans votre jardin. Avec un manche en bois de fr\u00eane.<\/div>\n<\/div>\n<\/div>\n<\/div>\n<\/div>\n","protected":false},"featured_media":2653,"comment_status":"closed","ping_status":"closed","template":"","meta":{"inline_featured_image":false,"product_video_url":"","product_360_url":""},"product_brand":[],"product_cat":[155,443],"product_tag":[287],"weeds":[],"soil_types":[],"class_list":{"0":"post-50532","1":"product","2":"type-product","3":"status-publish","4":"has-post-thumbnail","6":"product_cat-beche","7":"product_cat-vintage-tools-limited-edition-fr","8":"product_tag-cultiveren","9":"post","11":"first","12":"outofstock","13":"taxable","14":"shipping-taxable","15":"purchasable","16":"product-type-simple"},"exclude_global_add_ons":[],"addons":[],"_links":{"self":[{"href":"https:\/\/sneeboer.com\/fr\/wp-json\/wp\/v2\/product\/50532","targetHints":{"allow":["GET"]}}],"collection":[{"href":"https:\/\/sneeboer.com\/fr\/wp-json\/wp\/v2\/product"}],"about":[{"href":"https:\/\/sneeboer.com\/fr\/wp-json\/wp\/v2\/types\/product"}],"replies":[{"embeddable":true,"href":"https:\/\/sneeboer.com\/fr\/wp-json\/wp\/v2\/comments?post=50532"}],"wp:featuredmedia":[{"embeddable":true,"href":"https:\/\/sneeboer.com\/fr\/wp-json\/wp\/v2\/media\/2653"}],"wp:attachment":[{"href":"https:\/\/sneeboer.com\/fr\/wp-json\/wp\/v2\/media?parent=50532"}],"wp:term":[{"taxonomy":"product_brand","embeddable":true,"href":"https:\/\/sneeboer.com\/fr\/wp-json\/wp\/v2\/product_brand?post=50532"},{"taxonomy":"product_cat","embeddable":true,"href":"https:\/\/sneeboer.com\/fr\/wp-json\/wp\/v2\/product_cat?post=50532"},{"taxonomy":"product_tag","embeddable":true,"href":"https:\/\/sneeboer.com\/fr\/wp-json\/wp\/v2\/product_tag?post=50532"},{"taxonomy":"weeds","embeddable":true,"href":"https:\/\/sneeboer.com\/fr\/wp-json\/wp\/v2\/weeds?post=50532"},{"taxonomy":"soil_types","embeddable":true,"href":"https:\/\/sneeboer.com\/fr\/wp-json\/wp\/v2\/soil_types?post=50532"}],"curies":[{"name":"wp","href":"https:\/\/api.w.org\/{rel}","templated":true}]}}