{"id":50525,"date":"2023-05-09T13:11:45","date_gmt":"2023-05-09T11:11:45","guid":{"rendered":"https:\/\/testsite.sneeboer.com\/tuingereedschap\/vintage-pelle-beche-a-transplanter-avec-repose-pied-limited-edition"},"modified":"2023-10-27T09:32:31","modified_gmt":"2023-10-27T07:32:31","slug":"vintage-pelle-beche-a-transplanter-avec-repose-pied-limited-edition","status":"publish","type":"product","link":"https:\/\/sneeboer.com\/fr\/outils-de-jardin-forges-a-la-main\/vintage-pelle-beche-a-transplanter-avec-repose-pied-limited-edition","title":{"rendered":"Vintage Pelle b\u00eache \u00e0 transplanter avec repose-pied"},"content":{"rendered":"<p>Pelle b\u00eache \u00e0 transplanter avec repose-pied<\/p>\n","protected":false},"excerpt":{"rendered":"<p>The handles are made of lightly sanded\/oiled wood: vintage.<\/p>\n<div class=\"hidden-xs hidden-sm\">\n<div class=\"product-configure\">\n<div class=\"product-configure-custom\">\n<div class=\"product-configure-custom-option\">\n<div class=\"product-configure-clear\">Cette pelle b\u00eache \u00e0 transplanter a une lame tranchante en forme d&#8217;un V avec laquelle vous pouvez transplanter des arbres ou arbustes et trancher facilement des racines. Avec un manche de 90 cm de long en bois de fr\u00eane. Le repose-pied prot\u00e8ge vos chaussures et donne la possibilit\u00e9 de donner plus de force.<\/div>\n<\/div>\n<\/div>\n<\/div>\n<\/div>\n","protected":false},"featured_media":2599,"comment_status":"closed","ping_status":"closed","template":"","meta":{"inline_featured_image":false,"product_video_url":"","product_360_url":""},"product_brand":[],"product_cat":[155,443],"product_tag":[492,509,525],"weeds":[],"soil_types":[],"class_list":{"0":"post-50525","1":"product","2":"type-product","3":"status-publish","4":"has-post-thumbnail","6":"product_cat-beche","7":"product_cat-vintage-tools-limited-edition-fr","8":"product_tag-plantation-fr","9":"product_tag-scoops","10":"product_tag-transplantation","11":"post","13":"first","14":"outofstock","15":"taxable","16":"shipping-taxable","17":"purchasable","18":"product-type-simple"},"exclude_global_add_ons":[],"addons":[],"_links":{"self":[{"href":"https:\/\/sneeboer.com\/fr\/wp-json\/wp\/v2\/product\/50525","targetHints":{"allow":["GET"]}}],"collection":[{"href":"https:\/\/sneeboer.com\/fr\/wp-json\/wp\/v2\/product"}],"about":[{"href":"https:\/\/sneeboer.com\/fr\/wp-json\/wp\/v2\/types\/product"}],"replies":[{"embeddable":true,"href":"https:\/\/sneeboer.com\/fr\/wp-json\/wp\/v2\/comments?post=50525"}],"wp:featuredmedia":[{"embeddable":true,"href":"https:\/\/sneeboer.com\/fr\/wp-json\/wp\/v2\/media\/2599"}],"wp:attachment":[{"href":"https:\/\/sneeboer.com\/fr\/wp-json\/wp\/v2\/media?parent=50525"}],"wp:term":[{"taxonomy":"product_brand","embeddable":true,"href":"https:\/\/sneeboer.com\/fr\/wp-json\/wp\/v2\/product_brand?post=50525"},{"taxonomy":"product_cat","embeddable":true,"href":"https:\/\/sneeboer.com\/fr\/wp-json\/wp\/v2\/product_cat?post=50525"},{"taxonomy":"product_tag","embeddable":true,"href":"https:\/\/sneeboer.com\/fr\/wp-json\/wp\/v2\/product_tag?post=50525"},{"taxonomy":"weeds","embeddable":true,"href":"https:\/\/sneeboer.com\/fr\/wp-json\/wp\/v2\/weeds?post=50525"},{"taxonomy":"soil_types","embeddable":true,"href":"https:\/\/sneeboer.com\/fr\/wp-json\/wp\/v2\/soil_types?post=50525"}],"curies":[{"name":"wp","href":"https:\/\/api.w.org\/{rel}","templated":true}]}}